{"id":1938,"date":"2024-07-04T14:57:35","date_gmt":"2024-07-04T12:57:35","guid":{"rendered":"https:\/\/robstal.pl\/warunki-gwarancji\/"},"modified":"2024-09-06T12:31:29","modified_gmt":"2024-09-06T10:31:29","slug":"podminky-zaruky","status":"publish","type":"page","link":"https:\/\/robstal.pl\/cs\/podminky-zaruky\/","title":{"rendered":"Podm\u00ednky z\u00e1ruky\u00a0"},"content":{"rendered":"<style>.kb-row-layout-id1938_8e5f7e-f3 > .kt-row-column-wrap{align-content:start;}:where(.kb-row-layout-id1938_8e5f7e-f3 > .kt-row-column-wrap) > .wp-block-kadence-column{justify-content:start;}.kb-row-layout-id1938_8e5f7e-f3 > .kt-row-column-wrap{column-gap:var(--global-kb-gap-md, 2rem);row-gap:var(--global-kb-gap-md, 2rem);max-width:var( --global-content-width, 1290px );padding-left:var(--global-content-edge-padding);padding-right:var(--global-content-edge-padding);padding-top:var(--global-kb-spacing-sm, 1.5rem);padding-bottom:var(--global-kb-spacing-sm, 1.5rem);grid-template-columns:minmax(0, 1fr);}.kb-row-layout-id1938_8e5f7e-f3 > .kt-row-layout-overlay{opacity:0.30;}@media all and (max-width: 1024px){.kb-row-layout-id1938_8e5f7e-f3 > .kt-row-column-wrap{grid-template-columns:minmax(0, 1fr);}}@media all and (max-width: 767px){.kb-row-layout-id1938_8e5f7e-f3 > .kt-row-column-wrap{grid-template-columns:minmax(0, 1fr);}}<\/style><div class=\"kb-row-layout-wrap kb-row-layout-id1938_8e5f7e-f3 alignfull wp-block-kadence-rowlayout\"><div class=\"kt-row-column-wrap kt-has-1-columns kt-row-layout-equal kt-tab-layout-inherit kt-mobile-layout-row kt-row-valign-top kb-theme-content-width\">\n<style>.kadence-column1938_cb5c82-39 > .kt-inside-inner-col,.kadence-column1938_cb5c82-39 > .kt-inside-inner-col:before{border-top-left-radius:0px;border-top-right-radius:0px;border-bottom-right-radius:0px;border-bottom-left-radius:0px;}.kadence-column1938_cb5c82-39 > .kt-inside-inner-col{column-gap:var(--global-kb-gap-sm, 1rem);}.kadence-column1938_cb5c82-39 > .kt-inside-inner-col{flex-direction:column;}.kadence-column1938_cb5c82-39 > .kt-inside-inner-col > .aligncenter{width:100%;}.kadence-column1938_cb5c82-39 > .kt-inside-inner-col:before{opacity:0.3;}.kadence-column1938_cb5c82-39{position:relative;}@media all and (max-width: 1024px){.kadence-column1938_cb5c82-39 > .kt-inside-inner-col{flex-direction:column;justify-content:center;}}@media all and (max-width: 767px){.kadence-column1938_cb5c82-39 > .kt-inside-inner-col{flex-direction:column;justify-content:center;}}<\/style>\n<div class=\"wp-block-kadence-column kadence-column1938_cb5c82-39\"><div class=\"kt-inside-inner-col\"><style>.wp-block-kadence-advancedheading.kt-adv-heading1938_cb0763-e7, .wp-block-kadence-advancedheading.kt-adv-heading1938_cb0763-e7[data-kb-block=\"kb-adv-heading1938_cb0763-e7\"]{text-align:center;font-style:normal;}.wp-block-kadence-advancedheading.kt-adv-heading1938_cb0763-e7 mark.kt-highlight, .wp-block-kadence-advancedheading.kt-adv-heading1938_cb0763-e7[data-kb-block=\"kb-adv-heading1938_cb0763-e7\"] mark.kt-highlight{font-style:normal;color:#f76a0c;-webkit-box-decoration-break:clone;box-decoration-break:clone;padding-top:0px;padding-right:0px;padding-bottom:0px;padding-left:0px;}.wp-block-kadence-advancedheading.kt-adv-heading1938_cb0763-e7 img.kb-inline-image, .wp-block-kadence-advancedheading.kt-adv-heading1938_cb0763-e7[data-kb-block=\"kb-adv-heading1938_cb0763-e7\"] img.kb-inline-image{width:150px;vertical-align:baseline;}<\/style>\n<h1 class=\"kt-adv-heading1938_cb0763-e7 wp-block-kadence-advancedheading\" data-kb-block=\"kb-adv-heading1938_cb0763-e7\"><strong>Podm\u00ednky z\u00e1ruky \/ Povinnosti kupuj\u00edc\u00edho<\/strong>\u00a0<\/h1>\n\n\n<style>.kb-row-layout-id1938_06cb55-a6 > .kt-row-column-wrap{align-content:start;}:where(.kb-row-layout-id1938_06cb55-a6 > .kt-row-column-wrap) > .wp-block-kadence-column{justify-content:start;}.kb-row-layout-id1938_06cb55-a6 > .kt-row-column-wrap{column-gap:var(--global-kb-gap-md, 2rem);row-gap:var(--global-kb-gap-md, 2rem);max-width:var( --global-content-width, 1290px );padding-left:var(--global-content-edge-padding);padding-right:var(--global-content-edge-padding);padding-top:var(--global-kb-spacing-sm, 1.5rem);padding-bottom:var(--global-kb-spacing-sm, 1.5rem);grid-template-columns:minmax(0, 1fr);}.kb-row-layout-id1938_06cb55-a6 > .kt-row-layout-overlay{opacity:0.30;}@media all and (max-width: 1024px){.kb-row-layout-id1938_06cb55-a6 > .kt-row-column-wrap{grid-template-columns:minmax(0, 1fr);}}@media all and (max-width: 767px){.kb-row-layout-id1938_06cb55-a6 > .kt-row-column-wrap{grid-template-columns:minmax(0, 1fr);}}<\/style><div class=\"kb-row-layout-wrap kb-row-layout-id1938_06cb55-a6 alignnone wp-block-kadence-rowlayout\"><div class=\"kt-row-column-wrap kt-has-1-columns kt-row-layout-equal kt-tab-layout-inherit kt-mobile-layout-row kt-row-valign-top kb-theme-content-width\">\n<style>.kadence-column1938_54951a-87 > .kt-inside-inner-col,.kadence-column1938_54951a-87 > .kt-inside-inner-col:before{border-top-left-radius:0px;border-top-right-radius:0px;border-bottom-right-radius:0px;border-bottom-left-radius:0px;}.kadence-column1938_54951a-87 > .kt-inside-inner-col{column-gap:var(--global-kb-gap-sm, 1rem);}.kadence-column1938_54951a-87 > .kt-inside-inner-col{flex-direction:column;}.kadence-column1938_54951a-87 > .kt-inside-inner-col > .aligncenter{width:100%;}.kadence-column1938_54951a-87 > .kt-inside-inner-col:before{opacity:0.3;}.kadence-column1938_54951a-87{position:relative;}@media all and (max-width: 1024px){.kadence-column1938_54951a-87 > .kt-inside-inner-col{flex-direction:column;justify-content:center;}}@media all and (max-width: 767px){.kadence-column1938_54951a-87 > .kt-inside-inner-col{flex-direction:column;justify-content:center;}}<\/style>\n<div class=\"wp-block-kadence-column kadence-column1938_54951a-87\"><div class=\"kt-inside-inner-col\"><style>.wp-block-kadence-advancedheading.kt-adv-heading1938_efdc31-44, .wp-block-kadence-advancedheading.kt-adv-heading1938_efdc31-44[data-kb-block=\"kb-adv-heading1938_efdc31-44\"]{text-align:center;font-style:normal;}.wp-block-kadence-advancedheading.kt-adv-heading1938_efdc31-44 mark.kt-highlight, .wp-block-kadence-advancedheading.kt-adv-heading1938_efdc31-44[data-kb-block=\"kb-adv-heading1938_efdc31-44\"] mark.kt-highlight{font-style:normal;color:#f76a0c;-webkit-box-decoration-break:clone;box-decoration-break:clone;padding-top:0px;padding-right:0px;padding-bottom:0px;padding-left:0px;}.wp-block-kadence-advancedheading.kt-adv-heading1938_efdc31-44 img.kb-inline-image, .wp-block-kadence-advancedheading.kt-adv-heading1938_efdc31-44[data-kb-block=\"kb-adv-heading1938_efdc31-44\"] img.kb-inline-image{width:150px;vertical-align:baseline;}<\/style>\n<h2 class=\"kt-adv-heading1938_efdc31-44 wp-block-kadence-advancedheading has-theme-palette-1-color has-text-color\" data-kb-block=\"kb-adv-heading1938_efdc31-44\"><strong>I. Kotven\u00ed ocelov\u00e9 konstrukce (gar\u00e1\u017ee)\u00a0<\/strong><\/h2>\n\n\n\n<ol class=\"wp-block-list has--font-size\">\n<li>Kotven\u00ed ocelov\u00e9 konstrukce nen\u00ed sou\u010d\u00e1st\u00ed mont\u00e1\u017en\u00ed slu\u017eby a je povinnost\u00ed kupuj\u00edc\u00edho. Pro spr\u00e1vn\u00e9 kotven\u00ed konstrukce k podkladu je nezbytn\u00e9 p\u0159\u00edsn\u011b dodr\u017eovat n\u00e1sleduj\u00edc\u00ed instrukce.<\/li>\n\n\n\n<li>Je nutn\u00e9 p\u0159ipravit podklad, na kter\u00e9m bude ocelov\u00e1 konstrukce um\u00edst\u011bna.<\/li>\n\n\n\n<li>Podklad, na kter\u00e9m bude ocelov\u00e1 konstrukce um\u00edst\u011bna, by m\u011bl b\u00fdt vyrovnan\u00fd a vypln\u011bn\u00fd.<\/li>\n\n\n\n<li>Ocelovou konstrukci je nutn\u00e9 po jej\u00edm namontov\u00e1n\u00ed na d\u0159\u00edve p\u0159ipraven\u00fd podklad okam\u017eit\u011b kotvit.<\/li>\n\n\n\n<li>Pokud bude ocelov\u00e1 konstrukce um\u00edst\u011bna na zemi, je nutn\u00e9 ji kotvit kotvami odpov\u00eddaj\u00edc\u00ed d\u00e9lky, kter\u00e1 je p\u0159izp\u016fsobena druhu zeminy. V p\u0159\u00edpad\u011b pochybnost\u00ed je doporu\u010deno se poradit se specialistou.<\/li>\n\n\n\n<li>Pokud je zemina pevn\u00e1 nebo kamenit\u00e1, m\u011bla by m\u00edt kotva d\u00e9lku alespo\u0148 300 mm, u m\u00e9n\u011b pevn\u00e9 zeminy je nutn\u00e9 pou\u017e\u00edvat kotvy o d\u00e9lce alespo\u0148 600 mm a u p\u00eds\u010dit\u00e9 zeminy kotvy o d\u00e9lce minim\u00e1ln\u011b 1000 mm.<\/li>\n\n\n\n<li>Prah gar\u00e1\u017ee nefixujeme.<\/li>\n\n\n\n<li>Po\u010det pou\u017eit\u00fdch kotev z\u00e1vis\u00ed na rozm\u011brech st\u011bn ocelov\u00e9 konstrukce. Nejprve je t\u0159eba kotvit st\u011bnu dv\u011bma kotvami, ka\u017edou cca 200 mm od konc\u016f st\u011bny. Vzd\u00e1lenost mezi kotvami rozd\u011bl\u00edme na \u00faseky p\u0159ibli\u017en\u011b 1500 mm a na ka\u017ed\u00e9m m\u00edst\u011b um\u00edst\u00edme kotvu.<\/li>\n\n\n\n<li>Kotven\u00ed do zem\u011b. Kotvu zaraz\u00edme do doby, ne\u017e se jej\u00ed p\u0159\u00ed\u010dn\u00edk op\u0159e o plochu \u00faheln\u00edku st\u011bny. Pot\u00e9 vyvrt\u00e1me dva otvory o pr\u016fm\u011bru 5 mm p\u0159es p\u0159\u00ed\u010dn\u00edk a \u00faheln\u00edk st\u011bny. Otvory by m\u011bly b\u00fdt vyvrt\u00e1ny na obou stran\u00e1ch zaraz\u00ed kotvy do zem\u011b. P\u0159\u00ed\u010dn\u00edk kotvy a \u00faheln\u00edk st\u011bny spoj\u00edme \u0161roubem a matic\u00ed M10. \u0160roub by m\u011bl b\u00fdt dostate\u010dn\u011b dlouh\u00fd, aby matice byla \u00fapln\u011b za\u0161roubov\u00e1na a\u017e na konec.<\/li>\n\n\n\n<li>Ocelovou konstrukci lze um\u00edstit na zapu\u0161t\u011bn\u00e9 nebo na zemi polo\u017een\u00e9 voln\u00e9 podp\u011bry (nap\u0159. cihly, dla\u017eebn\u00ed desky apod.). Pro jednotlivou ocelovou konstrukci by m\u011blo b\u00fdt pou\u017eito alespo\u0148 6 kus\u016f podp\u011br. Pokud jsou rozm\u011bry konstrukce v\u011bt\u0161\u00ed ne\u017e standardn\u00ed gar\u00e1\u017e pro osobn\u00ed automobil, je t\u0159eba zv\u00fd\u0161it po\u010det podp\u011br.<\/li>\n\n\n\n<li>P\u0159i kotven\u00ed ocelov\u00e9 konstrukce um\u00edst\u011bn\u00e9 na zapu\u0161t\u011bn\u00fdch nebo na zemi polo\u017een\u00fdch voln\u00fdch podp\u011br (nap\u0159. cihly, dla\u017eebn\u00ed desky apod.) nelze pou\u017e\u00edt kovov\u00e9 jednosegmentov\u00e9 rozp\u011brn\u00e9 spojky, ale je t\u0159eba pou\u017e\u00edt kotvy do zem\u011b.<\/li>\n\n\n\n<li>P\u0159i kotven\u00ed na betonov\u00e9m podkladu (nalevac\u00ed podlaha, desky) je t\u0159eba pou\u017e\u00edvat kovov\u00e9 segmentov\u00e9 rozp\u011brn\u00e9 spojky 80 x 12 mm nebo 100 x 12 mm. Nen\u00ed dovoleno pou\u017e\u00edvat rozp\u011brn\u00e9 spojky, u kter\u00fdch je rozp\u011brn\u00fd prvek vyroben z plastu.<\/li>\n\n\n\n<li>Betonov\u00fd podklad (podlaha, nal\u00e9v\u00e1n\u00ed, deska) by m\u011bl m\u00edt tlou\u0161\u0165ku alespo\u0148 150 mm. Betonov\u00fd podklad (z\u00eddka) by m\u011bl m\u00edt tlou\u0161\u0165ku alespo\u0148 150 mm a \u0161\u00ed\u0159ku alespo\u0148 100 mm. Betonov\u00fd podklad nebo z\u00eddka by m\u011bly m\u00edt rozm\u011bry zv\u011bt\u0161en\u00e9 o p\u0159ibli\u017en\u011b 200 mm od rozm\u011bru ocelov\u00e9 konstrukce. Po\u010det spojek je t\u0159eba p\u0159izp\u016fsobit pravidlu z bodu 6.<\/li>\n\n\n\n<li>Uchov\u00e1n\u00ed spo\u010d\u00edv\u00e1 ve vyvrt\u00e1n\u00ed otvoru o pr\u016fm\u011bru 12 mm do \u00faheln\u00edku st\u011bny vrt\u00e1kem na kov. Vrt\u00e1n\u00ed v kovu je nejlep\u0161\u00ed za\u010d\u00edt men\u0161\u00edm vrt\u00e1kem a n\u00e1sledn\u011b zv\u011bt\u0161it v\u011bt\u0161\u00edm vrt\u00e1kem. Pot\u00e9 pomoc\u00ed p\u0159\u00edklepov\u00e9 vrta\u010dky s vrt\u00e1kem na beton o pr\u016fm\u011bru 12 mm vyvrt\u00e1me otvor v betonov\u00e9m podkladu o hloubce odpov\u00eddaj\u00edc\u00ed d\u00e9lce rozp\u011brn\u00e9ho prvku pou\u017eit\u00e9 spojky.<\/li>\n\n\n\n<li>Um\u00edst\u00edme rozp\u011brn\u00fd prvek do otvoru a p\u0159i\u0161roubujeme \u0161roub a\u017e na doraz.<\/li>\n\n\n\n<li>Po kotven\u00ed ocelov\u00e9 konstrukce je t\u0159eba vybetonovat vjezdov\u00fd pr\u00e1h. Projezd\u011bn\u00ed vozidla po nezabetonovan\u00e9m prahu m\u016f\u017ee zp\u016fsobit jeho po\u0161kozen\u00ed nebo ohnut\u00ed.<\/li>\n\n\n\n<li>Ocelovou konstrukci um\u00edst\u011bnou na zemi nebo na podp\u011br\u00e1ch je t\u0159eba zajistit vykop\u00e1n\u00edm pod\u00e9l prahu a p\u0159\u00edmo pod n\u00edm prohlubn\u011b (p\u0159\u00edkopu) o hloubce p\u0159ibli\u017en\u011b 20 cm a \u0161\u00ed\u0159ce p\u0159ibli\u017en\u011b 40 cm, kterou je t\u0159eba vyplnit betonem. V p\u0159\u00edpad\u011b ocelov\u00e9 konstrukce um\u00edst\u011bn\u00e9 na betonov\u00e9 podlaze je t\u0159eba postupovat obdobn\u011b, ale vykopan\u00fd p\u0159\u00edkop by m\u011bl m\u00edt hloubku p\u0159ibli\u017en\u011b 10 cm.<\/li>\n<\/ol>\n<\/div><\/div>\n\n\n<style>.kadence-column1938_cbc9a2-0c > .kt-inside-inner-col,.kadence-column1938_cbc9a2-0c > .kt-inside-inner-col:before{border-top-left-radius:0px;border-top-right-radius:0px;border-bottom-right-radius:0px;border-bottom-left-radius:0px;}.kadence-column1938_cbc9a2-0c > .kt-inside-inner-col{column-gap:var(--global-kb-gap-sm, 1rem);}.kadence-column1938_cbc9a2-0c > .kt-inside-inner-col{flex-direction:column;}.kadence-column1938_cbc9a2-0c > .kt-inside-inner-col > .aligncenter{width:100%;}.kadence-column1938_cbc9a2-0c > .kt-inside-inner-col:before{opacity:0.3;}.kadence-column1938_cbc9a2-0c{position:relative;}@media all and (max-width: 1024px){.kadence-column1938_cbc9a2-0c > .kt-inside-inner-col{flex-direction:column;justify-content:center;}}@media all and (max-width: 767px){.kadence-column1938_cbc9a2-0c > .kt-inside-inner-col{flex-direction:column;justify-content:center;}}<\/style>\n<div class=\"wp-block-kadence-column kadence-column1938_cbc9a2-0c\"><div class=\"kt-inside-inner-col\"><style>.wp-block-kadence-advancedheading.kt-adv-heading1938_414faf-65, .wp-block-kadence-advancedheading.kt-adv-heading1938_414faf-65[data-kb-block=\"kb-adv-heading1938_414faf-65\"]{text-align:center;font-style:normal;}.wp-block-kadence-advancedheading.kt-adv-heading1938_414faf-65 mark.kt-highlight, .wp-block-kadence-advancedheading.kt-adv-heading1938_414faf-65[data-kb-block=\"kb-adv-heading1938_414faf-65\"] mark.kt-highlight{font-style:normal;color:#f76a0c;-webkit-box-decoration-break:clone;box-decoration-break:clone;padding-top:0px;padding-right:0px;padding-bottom:0px;padding-left:0px;}.wp-block-kadence-advancedheading.kt-adv-heading1938_414faf-65 img.kb-inline-image, .wp-block-kadence-advancedheading.kt-adv-heading1938_414faf-65[data-kb-block=\"kb-adv-heading1938_414faf-65\"] img.kb-inline-image{width:150px;vertical-align:baseline;}<\/style>\n<h2 class=\"kt-adv-heading1938_414faf-65 wp-block-kadence-advancedheading has-theme-palette-1-color has-text-color\" data-kb-block=\"kb-adv-heading1938_414faf-65\"><strong>II. <strong>Obecn\u00e9 informace<\/strong><\/strong><\/h2>\n\n\n\n<ol class=\"wp-block-list\">\n<li>Prvky ocelov\u00e9 konstrukce, kter\u00e9 byly chr\u00e1n\u011bny z\u00e1kladn\u00edm n\u00e1t\u011brem, je t\u0159eba nat\u0159\u00edt vrchn\u00edm n\u00e1t\u011brem.<\/li>\n\n\n\n<li>Prvky ocelov\u00e9 konstrukce jsou vyrobeny z pozinkovan\u00fdch profil\u016f, kter\u00e9 je t\u0159eba na vlastn\u00ed n\u00e1klady nat\u0159\u00edt vrchn\u00edm n\u00e1t\u011brem, p\u0159i\u010dem\u017e je zvl\u00e1\u0161t\u011b d\u016fle\u017eit\u00e9 chr\u00e1nit m\u00edsta sv\u00e1r\u016f a \u0161roubov\u00e1n\u00ed. Nat\u0159en\u00ed konstrukce ochr\u00e1n\u00ed tyto prvky p\u0159ed vznikem koroze.<\/li>\n\n\n\n<li>Panty je t\u0159eba nat\u0159\u00edt a minim\u00e1ln\u011b jednou za \u010dtvrtlet\u00ed konzervovat strojn\u00edm mazivem.<\/li>\n\n\n\n<li>Pro b\u011b\u017en\u00e9 \u010di\u0161t\u011bn\u00ed ocelov\u00e9 konstrukce je t\u0159eba pou\u017e\u00edvat teplou vodu s mal\u00fdm mno\u017estv\u00edm neagresivn\u00edho \u010distic\u00edho prost\u0159edku. P\u0159ilepen\u00e9 ne\u010distoty je t\u0159eba namo\u010dit v tepl\u00e9 vod\u011b s mal\u00fdm mno\u017estv\u00edm \u010distic\u00edho prost\u0159edku a pot\u00e9 opatrn\u011b set\u0159\u00edt pomoc\u00ed bavln\u011bn\u00e9ho nebo celul\u00f3zov\u00e9ho had\u0159\u00edku. K \u010di\u0161t\u011bn\u00ed ocelov\u00e9 konstrukce nelze pou\u017e\u00edvat \u010distic\u00ed prost\u0159edky na \u0161krab\u00e1n\u00ed, abrazivn\u00ed prost\u0159edky, had\u0159\u00edky s \u0161krabac\u00ed vrstvou nebo rozpou\u0161t\u011bdla (nap\u0159. acetony, nitro a jin\u00e9), proto\u017ee to m\u016f\u017ee po\u0161kodit povrch konstrukce gar\u00e1\u017ee.<\/li>\n\n\n\n<li>V zimn\u00edm obdob\u00ed je t\u0159eba odstra\u0148ovat nadbyte\u010dn\u00fd sn\u00edh ze st\u0159echy. P\u0159i tom je nutn\u00e9 zajistit, aby n\u00e1stroj pou\u017eit\u00fd k odstran\u011bn\u00ed sn\u011bhu byl vyroben z materi\u00e1lu, kter\u00fd nezp\u016fsobuje po\u0161kozen\u00ed povrchu st\u0159echy.<\/li>\n\n\n\n<li>P\u0159i odstra\u0148ov\u00e1n\u00ed sn\u011bhu ze st\u0159echy je t\u0159eba pou\u017e\u00edvat pracovn\u00ed metody, vybaven\u00ed a n\u00e1stroje, kter\u00e9 zabezpe\u010duj\u00ed proti \u00farazu, a tak\u00e9 dodr\u017eovat z\u00e1sady pr\u00e1ce ve v\u00fd\u0161ce.<\/li>\n\n\n\n<li>U produktu vyroben\u00e9ho z akrylov\u00e9ho plechu je kupuj\u00edc\u00ed povinen na vlastn\u00ed n\u00e1klady okam\u017eit\u011b odstranit ochrannou f\u00f3lii.<\/li>\n<\/ol>\n<\/div><\/div>\n\n\n<style>.kadence-column1938_c9260f-6c > .kt-inside-inner-col,.kadence-column1938_c9260f-6c > .kt-inside-inner-col:before{border-top-left-radius:0px;border-top-right-radius:0px;border-bottom-right-radius:0px;border-bottom-left-radius:0px;}.kadence-column1938_c9260f-6c > .kt-inside-inner-col{column-gap:var(--global-kb-gap-sm, 1rem);}.kadence-column1938_c9260f-6c > .kt-inside-inner-col{flex-direction:column;}.kadence-column1938_c9260f-6c > .kt-inside-inner-col > .aligncenter{width:100%;}.kadence-column1938_c9260f-6c > .kt-inside-inner-col:before{opacity:0.3;}.kadence-column1938_c9260f-6c{position:relative;}@media all and (max-width: 1024px){.kadence-column1938_c9260f-6c > .kt-inside-inner-col{flex-direction:column;justify-content:center;}}@media all and (max-width: 767px){.kadence-column1938_c9260f-6c > .kt-inside-inner-col{flex-direction:column;justify-content:center;}}<\/style>\n<div class=\"wp-block-kadence-column kadence-column1938_c9260f-6c\"><div class=\"kt-inside-inner-col\"><style>.wp-block-kadence-advancedheading.kt-adv-heading1938_a5ca8d-f6, .wp-block-kadence-advancedheading.kt-adv-heading1938_a5ca8d-f6[data-kb-block=\"kb-adv-heading1938_a5ca8d-f6\"]{text-align:center;font-style:normal;}.wp-block-kadence-advancedheading.kt-adv-heading1938_a5ca8d-f6 mark.kt-highlight, .wp-block-kadence-advancedheading.kt-adv-heading1938_a5ca8d-f6[data-kb-block=\"kb-adv-heading1938_a5ca8d-f6\"] mark.kt-highlight{font-style:normal;color:#f76a0c;-webkit-box-decoration-break:clone;box-decoration-break:clone;padding-top:0px;padding-right:0px;padding-bottom:0px;padding-left:0px;}.wp-block-kadence-advancedheading.kt-adv-heading1938_a5ca8d-f6 img.kb-inline-image, .wp-block-kadence-advancedheading.kt-adv-heading1938_a5ca8d-f6[data-kb-block=\"kb-adv-heading1938_a5ca8d-f6\"] img.kb-inline-image{width:150px;vertical-align:baseline;}<\/style>\n<h2 class=\"kt-adv-heading1938_a5ca8d-f6 wp-block-kadence-advancedheading has-theme-palette-1-color has-text-color\" data-kb-block=\"kb-adv-heading1938_a5ca8d-f6\"><strong>III. <strong><strong>Podm\u00ednky z\u00e1ruky<\/strong><\/strong><\/strong><\/h2>\n\n\n\n<ol start=\"1\" class=\"wp-block-list\">\n<li>V\u00fdrobce poskytuje z\u00e1ruku na ocelovou konstrukci na dobu jednoho roku. Z\u00e1ruka se vztahuje na ocelovou konstrukci.\u00a0<\/li>\n\n\n\n<li>Mechanick\u00e1 po\u0161kozen\u00ed (dutiny, \u0161kr\u00e1bance apod.) nejsou p\u0159edm\u011btem reklamace. Z\u00e1ruka se rovn\u011b\u017e nevztahuje na \u010dinnosti, kter\u00e9 je kupuj\u00edc\u00ed povinen prov\u00e9st s\u00e1m, v\u010detn\u011b kotven\u00ed, zaji\u0161t\u011bn\u00ed prahu a nat\u0159en\u00ed konstrukce.\u00a0<\/li>\n\n\n\n<li>Reklamace v r\u00e1mci z\u00e1ruky bude posuzov\u00e1na po zasl\u00e1n\u00ed fotografi\u00ed s podrobn\u00fdm popisem vad a kopi\u00ed dokladu o koupi na e-mailovou adresu.\u00a0<\/li>\n\n\n\n<li>V r\u00e1mci z\u00e1ruky m\u00e1 kupuj\u00edc\u00ed pr\u00e1vo na opravu vadn\u00e9 ocelov\u00e9 konstrukce, jej\u00ed v\u00fdm\u011bnu v p\u0159\u00edpad\u011b neodstraniteln\u00e9 vady nebo slevu odpov\u00eddaj\u00edc\u00ed sn\u00ed\u017een\u00ed u\u017eitn\u00e9 hodnoty ocelov\u00e9 konstrukce.\u00a0<\/li>\n\n\n\n<li>Z\u00e1ruka zahrnuje bezplatn\u00e9 odstran\u011bn\u00ed vad ocelov\u00e9 konstrukce, kter\u00e9 znemo\u017e\u0148uj\u00ed pln\u011bn\u00ed funkc\u00ed v\u00fdrobk\u016f uveden\u00fdch v u\u017eivatelsk\u00e9m n\u00e1vodu.\u00a0<\/li>\n\n\n\n<li>Dodavatel si vyhrazuje pr\u00e1vo prov\u00e9st prohl\u00eddku reklamovan\u00e9ho p\u0159edm\u011btu za \u00fa\u010delem posouzen\u00ed jej\u00ed opr\u00e1vn\u011bnosti. Kupuj\u00edc\u00ed je povinen poskytnout dohodnut\u00fd p\u0159\u00edstup k reklamovan\u00e9 ocelov\u00e9 konstrukci v dohodnut\u00e9m term\u00ednu a na stanovenou dobu za \u00fa\u010delem proveden\u00ed prohl\u00eddky, vypracov\u00e1n\u00ed posudk\u016f a odstran\u011bn\u00ed vad.\u00a0<\/li>\n\n\n\n<li>U produktu vyroben\u00e9ho z akrylov\u00e9ho plechu je kupuj\u00edc\u00ed povinen na vlastn\u00ed n\u00e1klady zajistit zp\u016fsob odstran\u011bn\u00ed vady, kter\u00fd ur\u010d\u00ed prod\u00e1vaj\u00edc\u00ed konstrukce.\u00a0<\/li>\n\n\n\n<li>Prod\u00e1vaj\u00edc\u00ed se zavazuje odstranit p\u0159\u00ed\u010diny opr\u00e1vn\u011bn\u00e9 reklamace ocelov\u00e9 konstrukce do 21 pracovn\u00edch dn\u016f od data uzn\u00e1n\u00ed reklamace. Pokud oprava vy\u017eaduje v\u00fdm\u011bnu d\u00edl\u016f, kter\u00e9 je t\u0159eba objednat od v\u00fdrobce, doba odstran\u011bn\u00ed reklamace se prodlu\u017euje na 30 dn\u00ed.\u00a0<\/li>\n<\/ol>\n\n\n\n<ol start=\"2\" class=\"wp-block-list\"><\/ol>\n\n\n\n<ol start=\"3\" class=\"wp-block-list\"><\/ol>\n\n\n\n<ol start=\"4\" class=\"wp-block-list\"><\/ol>\n\n\n\n<ol start=\"5\" class=\"wp-block-list\"><\/ol>\n\n\n\n<ol start=\"6\" class=\"wp-block-list\"><\/ol>\n\n\n\n<ol start=\"7\" class=\"wp-block-list\"><\/ol>\n\n\n\n<ol start=\"8\" class=\"wp-block-list\"><\/ol>\n<\/div><\/div>\n\n<\/div><\/div><\/div><\/div>\n\n<\/div><\/div>","protected":false},"excerpt":{"rendered":"<p>Podm\u00ednky z\u00e1ruky \/ Povinnosti kupuj\u00edc\u00edho\u00a0 I. Kotven\u00ed ocelov\u00e9 konstrukce (gar\u00e1\u017ee)\u00a0 II. Obecn\u00e9 informace III. Podm\u00ednky z\u00e1ruky<\/p>\n","protected":false},"author":1,"featured_media":0,"parent":0,"menu_order":0,"comment_status":"closed","ping_status":"closed","template":"","meta":{"_kad_blocks_custom_css":"","_kad_blocks_head_custom_js":"","_kad_blocks_body_custom_js":"","_kad_blocks_footer_custom_js":"","_kad_post_transparent":"","_kad_post_title":"","_kad_post_layout":"","_kad_post_sidebar_id":"","_kad_post_content_style":"","_kad_post_vertical_padding":"","_kad_post_feature":"","_kad_post_feature_position":"","_kad_post_header":false,"_kad_post_footer":false,"_kad_post_classname":"","footnotes":""},"class_list":["post-1938","page","type-page","status-publish","hentry"],"acf":[],"taxonomy_info":[],"featured_image_src_large":false,"author_info":{"display_name":"gootek","author_link":"https:\/\/robstal.pl\/cs\/author\/gootek\/"},"comment_info":0,"_links":{"self":[{"href":"https:\/\/robstal.pl\/cs\/wp-json\/wp\/v2\/pages\/1938","targetHints":{"allow":["GET"]}}],"collection":[{"href":"https:\/\/robstal.pl\/cs\/wp-json\/wp\/v2\/pages"}],"about":[{"href":"https:\/\/robstal.pl\/cs\/wp-json\/wp\/v2\/types\/page"}],"author":[{"embeddable":true,"href":"https:\/\/robstal.pl\/cs\/wp-json\/wp\/v2\/users\/1"}],"replies":[{"embeddable":true,"href":"https:\/\/robstal.pl\/cs\/wp-json\/wp\/v2\/comments?post=1938"}],"version-history":[{"count":1,"href":"https:\/\/robstal.pl\/cs\/wp-json\/wp\/v2\/pages\/1938\/revisions"}],"predecessor-version":[{"id":2677,"href":"https:\/\/robstal.pl\/cs\/wp-json\/wp\/v2\/pages\/1938\/revisions\/2677"}],"wp:attachment":[{"href":"https:\/\/robstal.pl\/cs\/wp-json\/wp\/v2\/media?parent=1938"}],"curies":[{"name":"wp","href":"https:\/\/api.w.org\/{rel}","templated":true}]}}