{"id":1954,"date":"2024-07-24T08:03:15","date_gmt":"2024-07-24T06:03:15","guid":{"rendered":"https:\/\/robstal.pl\/polityka-prywatnosci\/"},"modified":"2024-09-06T12:42:25","modified_gmt":"2024-09-06T10:42:25","slug":"zasady-ochrany-osobnich-udaju","status":"publish","type":"page","link":"https:\/\/robstal.pl\/cs\/zasady-ochrany-osobnich-udaju\/","title":{"rendered":"Z\u00e1sady ochrany osobn\u00edch \u00fadaj\u016f"},"content":{"rendered":"<style>.kb-row-layout-id1954_207582-26 > .kt-row-column-wrap{align-content:start;}:where(.kb-row-layout-id1954_207582-26 > .kt-row-column-wrap) > .wp-block-kadence-column{justify-content:start;}.kb-row-layout-id1954_207582-26 > .kt-row-column-wrap{column-gap:var(--global-kb-gap-md, 2rem);row-gap:var(--global-kb-gap-md, 2rem);max-width:var( --global-content-width, 1290px );padding-left:var(--global-content-edge-padding);padding-right:var(--global-content-edge-padding);padding-top:var(--global-kb-spacing-sm, 1.5rem);padding-bottom:var(--global-kb-spacing-sm, 1.5rem);grid-template-columns:minmax(0, 1fr);}.kb-row-layout-id1954_207582-26 > .kt-row-layout-overlay{opacity:0.30;}@media all and (max-width: 1024px){.kb-row-layout-id1954_207582-26 > .kt-row-column-wrap{grid-template-columns:minmax(0, 1fr);}}@media all and (max-width: 767px){.kb-row-layout-id1954_207582-26 > .kt-row-column-wrap{grid-template-columns:minmax(0, 1fr);}}<\/style><div class=\"kb-row-layout-wrap kb-row-layout-id1954_207582-26 alignfull wp-block-kadence-rowlayout\"><div class=\"kt-row-column-wrap kt-has-1-columns kt-row-layout-equal kt-tab-layout-inherit kt-mobile-layout-row kt-row-valign-top kb-theme-content-width\">\n<style>.kadence-column1954_645cd9-d3 > .kt-inside-inner-col,.kadence-column1954_645cd9-d3 > .kt-inside-inner-col:before{border-top-left-radius:0px;border-top-right-radius:0px;border-bottom-right-radius:0px;border-bottom-left-radius:0px;}.kadence-column1954_645cd9-d3 > .kt-inside-inner-col{column-gap:var(--global-kb-gap-sm, 1rem);}.kadence-column1954_645cd9-d3 > .kt-inside-inner-col{flex-direction:column;}.kadence-column1954_645cd9-d3 > .kt-inside-inner-col > .aligncenter{width:100%;}.kadence-column1954_645cd9-d3 > .kt-inside-inner-col:before{opacity:0.3;}.kadence-column1954_645cd9-d3{position:relative;}@media all and (max-width: 1024px){.kadence-column1954_645cd9-d3 > .kt-inside-inner-col{flex-direction:column;justify-content:center;}}@media all and (max-width: 767px){.kadence-column1954_645cd9-d3 > .kt-inside-inner-col{flex-direction:column;justify-content:center;}}<\/style>\n<div class=\"wp-block-kadence-column kadence-column1954_645cd9-d3\"><div class=\"kt-inside-inner-col\"><style>.wp-block-kadence-advancedheading.kt-adv-heading1954_e56f7c-14, .wp-block-kadence-advancedheading.kt-adv-heading1954_e56f7c-14[data-kb-block=\"kb-adv-heading1954_e56f7c-14\"]{text-align:center;font-style:normal;}.wp-block-kadence-advancedheading.kt-adv-heading1954_e56f7c-14 mark.kt-highlight, .wp-block-kadence-advancedheading.kt-adv-heading1954_e56f7c-14[data-kb-block=\"kb-adv-heading1954_e56f7c-14\"] mark.kt-highlight{font-style:normal;color:#f76a0c;-webkit-box-decoration-break:clone;box-decoration-break:clone;padding-top:0px;padding-right:0px;padding-bottom:0px;padding-left:0px;}.wp-block-kadence-advancedheading.kt-adv-heading1954_e56f7c-14 img.kb-inline-image, .wp-block-kadence-advancedheading.kt-adv-heading1954_e56f7c-14[data-kb-block=\"kb-adv-heading1954_e56f7c-14\"] img.kb-inline-image{width:150px;vertical-align:baseline;}<\/style>\n<h1 class=\"kt-adv-heading1954_e56f7c-14 wp-block-kadence-advancedheading\" data-kb-block=\"kb-adv-heading1954_e56f7c-14\">Z\u00e1sady ochrany osobn\u00edch \u00fadaj\u016f<\/h1>\n\n\n\n<p><strong>1. SPR\u00c1VCE OSOBN\u00cdCH \u00daDAJ\u016e\u00a0<\/strong><\/p>\n\n\n\n<p>Spr\u00e1vcem va\u0161ich osobn\u00edch \u00fadaj\u016f, kter\u00e9 zad\u00e1v\u00e1te b\u011bhem objedn\u00e1v\u00e1n\u00ed na str\u00e1nk\u00e1ch <a href=\"http:\/\/www.robstal.pl\/\" target=\"_blank\" rel=\"noreferrer noopener\">www.robstal.pl<\/a>, a p\u0159i objedn\u00e1v\u00e1n\u00ed zbo\u017e\u00ed prost\u0159ednictv\u00edm jin\u00fdch dostupn\u00fdch prost\u0159edk\u016f a forem komunikace na d\u00e1lku, jako\u017e i v jak\u00e9koli jin\u00e9 pr\u00e1vn\u011b p\u0159\u00edpustn\u00e9 form\u011b a p\u0159i realizaci uzav\u0159en\u00e9 smlouvy, je Robert Kurnik, podnikaj\u00edc\u00ed pod n\u00e1zvem Robert Kurnik FPHU, se s\u00eddlem 34-620 Krasne-Lasocice 110, I\u010cO 737-177-76-20. Kontakt na spr\u00e1vce osobn\u00edch \u00fadaj\u016f je mo\u017en\u00fd na uveden\u00e9 adrese, a tak\u00e9 na e-mailovou adresu garazerobstal@interia.pl.&nbsp;<\/p>\n\n\n\n<p><strong>2. \u00da\u010cEL SHROMA\u017d\u010eOV\u00c1N\u00cd \u00daDAJ\u016e A PR\u00c1VN\u00cd Z\u00c1KLADY<\/strong>&nbsp;<\/p>\n\n\n\n<p>\u00dadaje jsou shroma\u017e\u010fov\u00e1ny za \u00fa\u010delem veden\u00ed podnikatelsk\u00e9 \u010dinnosti \u2013 internetov\u00e9ho prodeje zbo\u017e\u00ed nab\u00edzen\u00e9ho obchodem, jako\u017e i za \u00fa\u010delem poskytov\u00e1n\u00ed slu\u017eby Newsletter na z\u00e1klad\u011b \u010dl\u00e1nku 6 odst. 1 p\u00edsm. b, p\u00edsm. a a p\u00edsm. f Obecn\u00e9ho na\u0159\u00edzen\u00ed o ochran\u011b osobn\u00edch \u00fadaj\u016f ze dne 27. dubna 2016.&nbsp;<br>\u00dadaje, kter\u00e9 poskytnete b\u011bhem objedn\u00e1v\u00e1n\u00ed, jsou vyu\u017e\u00edv\u00e1ny k \u00fa\u010del\u016fm spojen\u00fdm s realizac\u00ed objedn\u00e1vky, poprodejn\u00edm servisem a k \u00fa\u010del\u016fm \u00fa\u010detnictv\u00ed s finan\u010dn\u00edm \u00fa\u0159adem.&nbsp;<br>\u00dadaje poskytnut\u00e9 b\u011bhem registrace \u00fa\u010dtu na str\u00e1nk\u00e1ch Robstal.pl jsou uchov\u00e1v\u00e1ny pouze za \u00fa\u010delem zjednodu\u0161en\u00ed procesu objedn\u00e1v\u00e1n\u00ed a nejsou zpracov\u00e1v\u00e1ny ani sd\u00edleny, dokud nebudou propojeny s objedn\u00e1vkou.&nbsp;<\/p>\n\n\n\n<p>M\u00e1te pr\u00e1vo po\u017eadovat od spr\u00e1vce osobn\u00edch \u00fadaj\u016f p\u0159\u00edstup k va\u0161im osobn\u00edm \u00fadaj\u016fm, pr\u00e1vo na jejich opravu, vymaz\u00e1n\u00ed nebo omezen\u00ed zpracov\u00e1n\u00ed, a pr\u00e1vo na p\u0159enos \u00fadaj\u016f.&nbsp;<\/p>\n\n\n\n<p>Poskytnut\u00ed osobn\u00edch \u00fadaj\u016f je dobrovoln\u00e9, ale nezbytn\u00e9 pro realizaci objedn\u00e1vky a uzav\u0159en\u00ed smlouvy.&nbsp;<\/p>\n\n\n\n<p>M\u00e1te pr\u00e1vo kdykoli odstranit vytvo\u0159en\u00fd \u00fa\u010det a po\u017eadovat vymaz\u00e1n\u00ed osobn\u00edch \u00fadaj\u016f obsa\u017een\u00fdch v \u00fa\u010dtu. Takov\u00e9 \u017e\u00e1dosti je t\u0159eba zaslat na adresu garazerobstal@interia.pl.&nbsp;<\/p>\n\n\n\n<p><strong>3. SD\u00cdLEN\u00cd \u00daDAJ\u016e<\/strong>&nbsp;<\/p>\n\n\n\n<p>\u00dadaje, kter\u00e9 poskytnete, jsou sd\u00edleny v minim\u00e1ln\u00edm po\u017eadovan\u00e9m rozsahu, pouze za \u00fa\u010delem realizace objedn\u00e1vek, pokud jsou zpracov\u00e1v\u00e1ny prost\u0159ednictv\u00edm extern\u00ed firmy, a za \u00fa\u010delem \u00fa\u010detnictv\u00ed ve\u0159ejnopr\u00e1vn\u00edch z\u00e1vazk\u016f (DPH). S v\u00fdjimkou v\u00fd\u0161e uveden\u00fdch p\u0159\u00edpad\u016f nesd\u00edl\u00edme osobn\u00ed \u00fadaje s jin\u00fdmi subjekty, krom\u011b situac\u00ed souvisej\u00edc\u00edch s nutnost\u00ed poskytnout takov\u00e9 \u00fadaje v souladu s platn\u00fdmi p\u0159edpisy, na \u017e\u00e1dost st\u00e1tn\u00edch org\u00e1n\u016f a v souvislosti s jejich poskytov\u00e1n\u00edm pro \u00fa\u010dely po\u017eadovan\u00e9 nebo v souladu s pr\u00e1vn\u00edmi p\u0159edpisy. Doba uchov\u00e1v\u00e1n\u00ed osobn\u00edch \u00fadaj\u016f je rovna z\u00e1konem stanoven\u00e9 lh\u016ft\u011b pro uchov\u00e1v\u00e1n\u00ed dokument\u016f pro da\u0148ov\u00e9, \u00fa\u010detn\u00ed a kontroln\u00ed \u00fa\u010dely org\u00e1ny a ve\u0159ejn\u00fdmi institucemi.&nbsp;<\/p>\n\n\n\n<p><strong>4. OCHRANA OSOBN\u00cdCH \u00daDAJ\u016e<\/strong>&nbsp;<\/p>\n\n\n\n<p>Spr\u00e1vce osobn\u00edch \u00fadaj\u016f vynakl\u00e1d\u00e1 ve\u0161ker\u00e9 \u00fasil\u00ed k zaji\u0161t\u011bn\u00ed v\u0161ech prost\u0159edk\u016f ochrany osobn\u00edch \u00fadaj\u016f, v\u010detn\u011b fyzick\u00fdch, technick\u00fdch a organiza\u010dn\u00edch opat\u0159en\u00ed, proti jejich n\u00e1hodn\u00e9mu nebo \u00famysln\u00e9mu zni\u010den\u00ed, n\u00e1hodn\u00e9 ztr\u00e1t\u011b, zm\u011bn\u011b, neopr\u00e1vn\u011bn\u00e9mu zp\u0159\u00edstupn\u011bn\u00ed, pou\u017eit\u00ed nebo p\u0159\u00edstupu, v souladu se v\u0161emi platn\u00fdmi pr\u00e1vn\u00edmi p\u0159edpisy. Jak samotn\u00fd proces shroma\u017e\u010fov\u00e1n\u00ed \u00fadaj\u016f, tak i datab\u00e1ze, kter\u00e9 \u00fadaje uchov\u00e1vaj\u00ed, jsou chr\u00e1n\u011bny p\u0159ed p\u0159\u00edstupem t\u0159et\u00edch stran.&nbsp;<\/p>\n\n\n\n<p><strong>5. ORG\u00c1NY OCHRANY OSOBN\u00cdCH \u00daDAJ\u016e<\/strong>&nbsp;<\/p>\n\n\n\n<p>Pokud m\u00e1te jak\u00e9koli n\u00e1mitky k tomu, jak jsou va\u0161e osobn\u00ed \u00fadaje zpracov\u00e1v\u00e1ny, nebo k rozsahu tohoto zpracov\u00e1n\u00ed, m\u016f\u017eete podat st\u00ed\u017enost u dozorov\u00e9ho org\u00e1nu, kter\u00fdm je P\u0159edseda \u00da\u0159adu pro ochranu osobn\u00edch \u00fadaj\u016f, ul. Stawki 2, 00-193 Var\u0161ava.&nbsp;<\/p>\n\n\n\n<p><strong>6. COOKIES<\/strong>&nbsp;<\/p>\n\n\n\n<p>Soubory \u201ecookies\u201c pou\u017e\u00edv\u00e1me k p\u0159izp\u016fsoben\u00ed obsahu na\u0161ich str\u00e1nek preferenc\u00edm u\u017eivatel\u016f a k optimalizaci pou\u017e\u00edv\u00e1n\u00ed obchodu. Tyto soubory pou\u017e\u00edv\u00e1me tak\u00e9 k vytv\u00e1\u0159en\u00ed anonymn\u00edch statistik, kter\u00e9 n\u00e1m umo\u017e\u0148uj\u00ed pochopit, jak\u00fdm zp\u016fsobem je obchod pou\u017e\u00edv\u00e1n.&nbsp;<br>Kdykoli m\u016f\u017eete zablokovat instalaci soubor\u016f \u201ecookies\u201c nebo odstranit ulo\u017een\u00e9 soubory pomoc\u00ed mo\u017enost\u00ed va\u0161eho webov\u00e9ho prohl\u00ed\u017ee\u010de.&nbsp;<\/p>\n<\/div><\/div>\n\n<\/div><\/div>","protected":false},"excerpt":{"rendered":"<p>Z\u00e1sady ochrany osobn\u00edch \u00fadaj\u016f 1. SPR\u00c1VCE OSOBN\u00cdCH \u00daDAJ\u016e\u00a0 Spr\u00e1vcem va\u0161ich osobn\u00edch \u00fadaj\u016f, kter\u00e9 zad\u00e1v\u00e1te b\u011bhem objedn\u00e1v\u00e1n\u00ed na str\u00e1nk\u00e1ch www.robstal.pl, a p\u0159i objedn\u00e1v\u00e1n\u00ed zbo\u017e\u00ed prost\u0159ednictv\u00edm jin\u00fdch dostupn\u00fdch prost\u0159edk\u016f a forem komunikace na d\u00e1lku, jako\u017e i v jak\u00e9koli jin\u00e9 pr\u00e1vn\u011b p\u0159\u00edpustn\u00e9 form\u011b a p\u0159i realizaci uzav\u0159en\u00e9 smlouvy, je Robert Kurnik, podnikaj\u00edc\u00ed pod n\u00e1zvem Robert Kurnik FPHU, se&#8230;<\/p>\n","protected":false},"author":1,"featured_media":0,"parent":0,"menu_order":0,"comment_status":"closed","ping_status":"closed","template":"","meta":{"_kad_blocks_custom_css":"","_kad_blocks_head_custom_js":"","_kad_blocks_body_custom_js":"","_kad_blocks_footer_custom_js":"","_kad_post_transparent":"","_kad_post_title":"","_kad_post_layout":"","_kad_post_sidebar_id":"","_kad_post_content_style":"","_kad_post_vertical_padding":"","_kad_post_feature":"","_kad_post_feature_position":"","_kad_post_header":false,"_kad_post_footer":false,"_kad_post_classname":"","footnotes":""},"class_list":["post-1954","page","type-page","status-publish","hentry"],"acf":[],"taxonomy_info":[],"featured_image_src_large":false,"author_info":{"display_name":"gootek","author_link":"https:\/\/robstal.pl\/cs\/author\/gootek\/"},"comment_info":0,"_links":{"self":[{"href":"https:\/\/robstal.pl\/cs\/wp-json\/wp\/v2\/pages\/1954","targetHints":{"allow":["GET"]}}],"collection":[{"href":"https:\/\/robstal.pl\/cs\/wp-json\/wp\/v2\/pages"}],"about":[{"href":"https:\/\/robstal.pl\/cs\/wp-json\/wp\/v2\/types\/page"}],"author":[{"embeddable":true,"href":"https:\/\/robstal.pl\/cs\/wp-json\/wp\/v2\/users\/1"}],"replies":[{"embeddable":true,"href":"https:\/\/robstal.pl\/cs\/wp-json\/wp\/v2\/comments?post=1954"}],"version-history":[{"count":2,"href":"https:\/\/robstal.pl\/cs\/wp-json\/wp\/v2\/pages\/1954\/revisions"}],"predecessor-version":[{"id":2690,"href":"https:\/\/robstal.pl\/cs\/wp-json\/wp\/v2\/pages\/1954\/revisions\/2690"}],"wp:attachment":[{"href":"https:\/\/robstal.pl\/cs\/wp-json\/wp\/v2\/media?parent=1954"}],"curies":[{"name":"wp","href":"https:\/\/api.w.org\/{rel}","templated":true}]}}