{"id":1939,"date":"2024-07-04T14:57:35","date_gmt":"2024-07-04T12:57:35","guid":{"rendered":"https:\/\/robstal.pl\/warunki-gwarancji\/"},"modified":"2024-09-19T11:06:54","modified_gmt":"2024-09-19T09:06:54","slug":"garantiebedingungen","status":"publish","type":"page","link":"https:\/\/robstal.pl\/de\/garantiebedingungen\/","title":{"rendered":"Garantiebedingungen\u00a0"},"content":{"rendered":"<style>.kb-row-layout-id1939_2d8149-40 > .kt-row-column-wrap{align-content:start;}:where(.kb-row-layout-id1939_2d8149-40 > .kt-row-column-wrap) > .wp-block-kadence-column{justify-content:start;}.kb-row-layout-id1939_2d8149-40 > .kt-row-column-wrap{column-gap:var(--global-kb-gap-md, 2rem);row-gap:var(--global-kb-gap-md, 2rem);max-width:var( --global-content-width, 1290px );padding-left:var(--global-content-edge-padding);padding-right:var(--global-content-edge-padding);padding-top:var(--global-kb-spacing-sm, 1.5rem);padding-bottom:var(--global-kb-spacing-sm, 1.5rem);grid-template-columns:minmax(0, 1fr);}.kb-row-layout-id1939_2d8149-40 > .kt-row-layout-overlay{opacity:0.30;}@media all and (max-width: 1024px){.kb-row-layout-id1939_2d8149-40 > .kt-row-column-wrap{grid-template-columns:minmax(0, 1fr);}}@media all and (max-width: 767px){.kb-row-layout-id1939_2d8149-40 > .kt-row-column-wrap{grid-template-columns:minmax(0, 1fr);}}<\/style><div class=\"kb-row-layout-wrap kb-row-layout-id1939_2d8149-40 alignfull wp-block-kadence-rowlayout\"><div class=\"kt-row-column-wrap kt-has-1-columns kt-row-layout-equal kt-tab-layout-inherit kt-mobile-layout-row kt-row-valign-top kb-theme-content-width\">\n<style>.kadence-column1939_7aa2ac-42 > .kt-inside-inner-col,.kadence-column1939_7aa2ac-42 > .kt-inside-inner-col:before{border-top-left-radius:0px;border-top-right-radius:0px;border-bottom-right-radius:0px;border-bottom-left-radius:0px;}.kadence-column1939_7aa2ac-42 > .kt-inside-inner-col{column-gap:var(--global-kb-gap-sm, 1rem);}.kadence-column1939_7aa2ac-42 > .kt-inside-inner-col{flex-direction:column;}.kadence-column1939_7aa2ac-42 > .kt-inside-inner-col > .aligncenter{width:100%;}.kadence-column1939_7aa2ac-42 > .kt-inside-inner-col:before{opacity:0.3;}.kadence-column1939_7aa2ac-42{position:relative;}@media all and (max-width: 1024px){.kadence-column1939_7aa2ac-42 > .kt-inside-inner-col{flex-direction:column;justify-content:center;}}@media all and (max-width: 767px){.kadence-column1939_7aa2ac-42 > .kt-inside-inner-col{flex-direction:column;justify-content:center;}}<\/style>\n<div class=\"wp-block-kadence-column kadence-column1939_7aa2ac-42\"><div class=\"kt-inside-inner-col\"><style>.wp-block-kadence-advancedheading.kt-adv-heading1939_6edf8b-4c, .wp-block-kadence-advancedheading.kt-adv-heading1939_6edf8b-4c[data-kb-block=\"kb-adv-heading1939_6edf8b-4c\"]{text-align:center;font-style:normal;}.wp-block-kadence-advancedheading.kt-adv-heading1939_6edf8b-4c mark.kt-highlight, .wp-block-kadence-advancedheading.kt-adv-heading1939_6edf8b-4c[data-kb-block=\"kb-adv-heading1939_6edf8b-4c\"] mark.kt-highlight{font-style:normal;color:#f76a0c;-webkit-box-decoration-break:clone;box-decoration-break:clone;padding-top:0px;padding-right:0px;padding-bottom:0px;padding-left:0px;}.wp-block-kadence-advancedheading.kt-adv-heading1939_6edf8b-4c img.kb-inline-image, .wp-block-kadence-advancedheading.kt-adv-heading1939_6edf8b-4c[data-kb-block=\"kb-adv-heading1939_6edf8b-4c\"] img.kb-inline-image{width:150px;vertical-align:baseline;}<\/style>\n<h1 class=\"kt-adv-heading1939_6edf8b-4c wp-block-kadence-advancedheading\" data-kb-block=\"kb-adv-heading1939_6edf8b-4c\"><strong>Garantiebedingungen \/ Pflichten des K\u00e4ufers<\/strong>\u00a0<\/h1>\n\n\n<style>.kb-row-layout-id1939_9385ad-4a > .kt-row-column-wrap{align-content:start;}:where(.kb-row-layout-id1939_9385ad-4a > .kt-row-column-wrap) > .wp-block-kadence-column{justify-content:start;}.kb-row-layout-id1939_9385ad-4a > .kt-row-column-wrap{column-gap:var(--global-kb-gap-md, 2rem);row-gap:var(--global-kb-gap-md, 2rem);max-width:var( --global-content-width, 1290px );padding-left:var(--global-content-edge-padding);padding-right:var(--global-content-edge-padding);padding-top:var(--global-kb-spacing-sm, 1.5rem);padding-bottom:var(--global-kb-spacing-sm, 1.5rem);grid-template-columns:minmax(0, 1fr);}.kb-row-layout-id1939_9385ad-4a > .kt-row-layout-overlay{opacity:0.30;}@media all and (max-width: 1024px){.kb-row-layout-id1939_9385ad-4a > .kt-row-column-wrap{grid-template-columns:minmax(0, 1fr);}}@media all and (max-width: 767px){.kb-row-layout-id1939_9385ad-4a > .kt-row-column-wrap{grid-template-columns:minmax(0, 1fr);}}<\/style><div class=\"kb-row-layout-wrap kb-row-layout-id1939_9385ad-4a alignnone wp-block-kadence-rowlayout\"><div class=\"kt-row-column-wrap kt-has-1-columns kt-row-layout-equal kt-tab-layout-inherit kt-mobile-layout-row kt-row-valign-top kb-theme-content-width\">\n<style>.kadence-column1939_ac00c2-6d > .kt-inside-inner-col,.kadence-column1939_ac00c2-6d > .kt-inside-inner-col:before{border-top-left-radius:0px;border-top-right-radius:0px;border-bottom-right-radius:0px;border-bottom-left-radius:0px;}.kadence-column1939_ac00c2-6d > .kt-inside-inner-col{column-gap:var(--global-kb-gap-sm, 1rem);}.kadence-column1939_ac00c2-6d > .kt-inside-inner-col{flex-direction:column;}.kadence-column1939_ac00c2-6d > .kt-inside-inner-col > .aligncenter{width:100%;}.kadence-column1939_ac00c2-6d > .kt-inside-inner-col:before{opacity:0.3;}.kadence-column1939_ac00c2-6d{position:relative;}@media all and (max-width: 1024px){.kadence-column1939_ac00c2-6d > .kt-inside-inner-col{flex-direction:column;justify-content:center;}}@media all and (max-width: 767px){.kadence-column1939_ac00c2-6d > .kt-inside-inner-col{flex-direction:column;justify-content:center;}}<\/style>\n<div class=\"wp-block-kadence-column kadence-column1939_ac00c2-6d\"><div class=\"kt-inside-inner-col\"><style>.wp-block-kadence-advancedheading.kt-adv-heading1939_85f458-8d, .wp-block-kadence-advancedheading.kt-adv-heading1939_85f458-8d[data-kb-block=\"kb-adv-heading1939_85f458-8d\"]{text-align:center;font-style:normal;}.wp-block-kadence-advancedheading.kt-adv-heading1939_85f458-8d mark.kt-highlight, .wp-block-kadence-advancedheading.kt-adv-heading1939_85f458-8d[data-kb-block=\"kb-adv-heading1939_85f458-8d\"] mark.kt-highlight{font-style:normal;color:#f76a0c;-webkit-box-decoration-break:clone;box-decoration-break:clone;padding-top:0px;padding-right:0px;padding-bottom:0px;padding-left:0px;}.wp-block-kadence-advancedheading.kt-adv-heading1939_85f458-8d img.kb-inline-image, .wp-block-kadence-advancedheading.kt-adv-heading1939_85f458-8d[data-kb-block=\"kb-adv-heading1939_85f458-8d\"] img.kb-inline-image{width:150px;vertical-align:baseline;}<\/style>\n<h2 class=\"kt-adv-heading1939_85f458-8d wp-block-kadence-advancedheading has-theme-palette-1-color has-text-color\" data-kb-block=\"kb-adv-heading1939_85f458-8d\"><strong>I. Verankerung der Stahlkonstruktion (Garage)<\/strong><\/h2>\n\n\n\n<ol start=\"1\" class=\"wp-block-list\">\n<li>Die Verankerung der Stahlkonstruktion ist nicht Bestandteil des Montage-Services und liegt in der Verantwortung des K\u00e4ufers. Um die Konstruktion korrekt am Untergrund zu verankern, muss unbedingt die folgende Anleitung beachtet werden.\u00a0<\/li>\n\n\n\n<li>Der Untergrund, auf dem die Stahlkonstruktion platziert wird, muss vorbereitet werden.\u00a0<\/li>\n\n\n\n<li>Der Untergrund muss eben und nivelliert sein. Der Untergrund sollte vorzugsweise aus 4\u20136 Gehwegplatten bestehen, die in den Ecken verlegt und nivelliert werden.\u00a0<\/li>\n\n\n\n<li>Nach der Montage muss die Stahlkonstruktion unverz\u00fcglich verankert werden.\u00a0<\/li>\n\n\n\n<li>Wenn die Stahlkonstruktion auf Erde platziert wird, muss sie mit Ankern von entsprechender L\u00e4nge, die dem Erdtyp entsprechen, verankert werden. Bei Unsicherheiten sollte ein Fachmann konsultiert werden.\u00a0<\/li>\n\n\n\n<li>Bei fester oder steiniger Erde sollte der Anker mindestens 300 mm lang sein; bei weniger fester Erde mindestens 600 mm und bei sandiger Erde mindestens 1000 mm.\u00a0<\/li>\n\n\n\n<li>Der Garagenrahmen wird nicht verankert.\u00a0<\/li>\n\n\n\n<li>Die Anzahl der verwendeten Anker h\u00e4ngt von den Abmessungen der Stahlkonstruktion ab. Zuerst muss die Wand mit 2 Ankern verankert werden, die jeweils etwa 200 mm von den Wandecken entfernt sind. Der Abstand zwischen den Ankern sollte etwa 1500 mm betragen, und an jedem Punkt sollte ein Anker angebracht werden.\u00a0<\/li>\n\n\n\n<li>Verankerung im Boden: Der Anker wird eingeschlagen, bis seine Querschiene die Fl\u00e4che des Wandwinkels ber\u00fchrt. Anschlie\u00dfend werden zwei L\u00f6cher mit einem Durchmesser von 5 mm durch die Querschiene und den Wandwinkel gebohrt. Die L\u00f6cher sollten auf beiden Seiten des in den Boden eingeschlagenen Ankers gebohrt werden. Die Querschiene des Ankers und der Wandwinkel werden mit einer M10-Schraube und -Mutter verbunden. Die Schraube sollte so lang sein, dass die Mutter vollst\u00e4ndig eingeschraubt werden kann.\u00a0<\/li>\n\n\n\n<li>Die Stahlkonstruktion kann auf in die Erde eingegrabenen oder auf dem Boden verlegten St\u00fctzelementen (z. B. Betonsteine, Gehwegplatten) platziert werden. F\u00fcr eine einzelne Stahlkonstruktion sollten mindestens 6 St\u00fctzelemente verwendet werden. Bei gr\u00f6\u00dferen Konstruktionen, die \u00fcber die Gr\u00f6\u00dfe einer Standard-PKW-Garage hinausgehen, sollte die Anzahl der St\u00fctzelemente erh\u00f6ht werden.\u00a0<\/li>\n\n\n\n<li>Bei der Verankerung der Stahlkonstruktion auf in die Erde eingegrabenen oder auf dem Boden verlegten St\u00fctzelementen d\u00fcrfen keine metallischen, einteiligen Spreizverbinder verwendet werden. Stattdessen sollten Bodenanker verwendet werden.\u00a0<\/li>\n\n\n\n<li>Bei der Verankerung auf Betonuntergrund (Fundamente, Platten) sollten metallische, segmentierte Spreizverbinder in den Gr\u00f6\u00dfen 80 x 12 mm oder 100 x 12 mm verwendet werden. Spreizverbinder mit Spreizelementen aus Kunststoff d\u00fcrfen nicht verwendet werden.\u00a0<\/li>\n\n\n\n<li>Der Betonuntergrund (Bodenplatte, Fundament, Platte) sollte mindestens 150 mm dick sein. Der Betonuntergrund oder das Fundament sollte mindestens 150 mm dick und mindestens 100 mm breit sein. Der Betonuntergrund oder das Fundament sollten um etwa 200 mm gr\u00f6\u00dfer sein als die Dimensionen der Stahlkonstruktion. Die Anzahl der Verbindungsst\u00fccke sollte gem\u00e4\u00df Punkt 6 angepasst werden.\u00a0<\/li>\n\n\n\n<li>Die Befestigung erfolgt durch Bohren eines Lochs mit einem Durchmesser von 12 mm durch den Wandwinkel. Das Bohren in Metall sollte idealerweise mit einem kleineren Bohrer beginnen und dann mit einem gr\u00f6\u00dferen Bohrer vergr\u00f6\u00dfert werden. Anschlie\u00dfend wird mit einem Schlagbohrer und einem Bohrer f\u00fcr Beton mit einem Durchmesser von 12 mm durch das Loch im Wandwinkel ein Loch im Betonuntergrund gebohrt, das der L\u00e4nge des verwendeten Spreizverbinders entspricht.\u00a0<\/li>\n\n\n\n<li>Der Spreizverbinder wird in das Loch eingesetzt und die Schraube wird bis zum Anschlag angezogen.\u00a0<\/li>\n\n\n\n<li>Nach der Verankerung der Stahlkonstruktion muss der Eingangsschwellerriegel betoniert werden. Ein Fahrzeug, das \u00fcber eine nicht betonierte Schwelle f\u00e4hrt, kann diese besch\u00e4digen oder verbiegen.\u00a0<\/li>\n\n\n\n<li>Die auf Erde oder auf St\u00fctzelementen platzierte Stahlkonstruktion sollte durch Ausheben einer Rinne entlang und direkt unter der Schwelle mit einer Tiefe von ca. 20 cm und einer Breite von ca. 40 cm gesch\u00fctzt werden, die dann mit Beton ausgegossen werden sollte, um eine stabile Basis zu schaffen. Bei einer auf einer Betonbodenplatte platzierten Stahlkonstruktion sollte eine \u00e4hnliche Methode angewendet werden, wobei die Rinne eine Tiefe von etwa 10 cm haben sollte.\u00a0<\/li>\n<\/ol>\n<\/div><\/div>\n\n\n<style>.kadence-column1939_c5da46-b0 > .kt-inside-inner-col,.kadence-column1939_c5da46-b0 > .kt-inside-inner-col:before{border-top-left-radius:0px;border-top-right-radius:0px;border-bottom-right-radius:0px;border-bottom-left-radius:0px;}.kadence-column1939_c5da46-b0 > .kt-inside-inner-col{column-gap:var(--global-kb-gap-sm, 1rem);}.kadence-column1939_c5da46-b0 > .kt-inside-inner-col{flex-direction:column;}.kadence-column1939_c5da46-b0 > .kt-inside-inner-col > .aligncenter{width:100%;}.kadence-column1939_c5da46-b0 > .kt-inside-inner-col:before{opacity:0.3;}.kadence-column1939_c5da46-b0{position:relative;}@media all and (max-width: 1024px){.kadence-column1939_c5da46-b0 > .kt-inside-inner-col{flex-direction:column;justify-content:center;}}@media all and (max-width: 767px){.kadence-column1939_c5da46-b0 > .kt-inside-inner-col{flex-direction:column;justify-content:center;}}<\/style>\n<div class=\"wp-block-kadence-column kadence-column1939_c5da46-b0\"><div class=\"kt-inside-inner-col\"><style>.wp-block-kadence-advancedheading.kt-adv-heading1939_9f1e3e-55, .wp-block-kadence-advancedheading.kt-adv-heading1939_9f1e3e-55[data-kb-block=\"kb-adv-heading1939_9f1e3e-55\"]{text-align:center;font-style:normal;}.wp-block-kadence-advancedheading.kt-adv-heading1939_9f1e3e-55 mark.kt-highlight, .wp-block-kadence-advancedheading.kt-adv-heading1939_9f1e3e-55[data-kb-block=\"kb-adv-heading1939_9f1e3e-55\"] mark.kt-highlight{font-style:normal;color:#f76a0c;-webkit-box-decoration-break:clone;box-decoration-break:clone;padding-top:0px;padding-right:0px;padding-bottom:0px;padding-left:0px;}.wp-block-kadence-advancedheading.kt-adv-heading1939_9f1e3e-55 img.kb-inline-image, .wp-block-kadence-advancedheading.kt-adv-heading1939_9f1e3e-55[data-kb-block=\"kb-adv-heading1939_9f1e3e-55\"] img.kb-inline-image{width:150px;vertical-align:baseline;}<\/style>\n<h2 class=\"kt-adv-heading1939_9f1e3e-55 wp-block-kadence-advancedheading has-theme-palette-1-color has-text-color\" data-kb-block=\"kb-adv-heading1939_9f1e3e-55\"><strong>II. <strong> Allgemeine Informationen\u00a0<\/strong><\/strong><\/h2>\n\n\n\n<ol class=\"wp-block-list has--font-size\">\n<li>Elemente der Stahlkonstruktion, die mit Grundierungslack gesch\u00fctzt sind, m\u00fcssen mit Decklack gestrichen werden. <\/li>\n\n\n\n<li>Die Elemente der Stahlkonstruktion bestehen aus verzinkten Profilen, die vom K\u00e4ufer selbst mit Decklack gestrichen werden m\u00fcssen, insbesondere an Schwei\u00df- und Schraubstellen. Das Streichen sch\u00fctzt diese Teile vor Korrosion. <\/li>\n\n\n\n<li>Die Scharniere m\u00fcssen gestrichen und mindestens einmal viertelj\u00e4hrlich mit Maschinenfett geschmiert werden. <\/li>\n\n\n\n<li>Zur regelm\u00e4\u00dfigen Reinigung der Stahlkonstruktion sollte warmes Wasser mit einer kleinen Menge mildem Reinigungsmittel verwendet werden. Angehaftete Verschmutzungen sollten in warmem Wasser mit Reinigungsmittel eingeweicht und dann vorsichtig mit einem Baumwoll- oder Zellstofftuch abgewischt werden. Es sollten keine Scheuermittel, abrasiven Reinigungsmittel, Scheuert\u00fccher oder L\u00f6sungsmittel (z. B. Aceton, Nitro) verwendet werden, da dies die Oberfl\u00e4che der Garage besch\u00e4digen kann. <\/li>\n\n\n\n<li>Im Winter sollte \u00fcbersch\u00fcssiger Schnee vom Dach entfernt werden. Dabei sollte darauf geachtet werden, dass das verwendete Werkzeug aus einem material besteht, das die Dachoberfl\u00e4che nicht besch\u00e4digt. <\/li>\n\n\n\n<li>Beim Entfernen von Schnee vom Dach sind Arbeitsmethoden, Ausr\u00fcstung und Werkzeuge zu verwenden, die Unf\u00e4lle verhindern, sowie Sicherheitsvorschriften f\u00fcr Arbeiten in der H\u00f6he einzuhalten. <\/li>\n\n\n\n<li>Bei Produkten aus Acrylblech ist der K\u00e4ufer verpflichtet, die Schutzfolie unverz\u00fcglich selbst zu entfernen. <\/li>\n<\/ol>\n<\/div><\/div>\n\n\n<style>.kadence-column1939_a07b8a-68 > .kt-inside-inner-col,.kadence-column1939_a07b8a-68 > .kt-inside-inner-col:before{border-top-left-radius:0px;border-top-right-radius:0px;border-bottom-right-radius:0px;border-bottom-left-radius:0px;}.kadence-column1939_a07b8a-68 > .kt-inside-inner-col{column-gap:var(--global-kb-gap-sm, 1rem);}.kadence-column1939_a07b8a-68 > .kt-inside-inner-col{flex-direction:column;}.kadence-column1939_a07b8a-68 > .kt-inside-inner-col > .aligncenter{width:100%;}.kadence-column1939_a07b8a-68 > .kt-inside-inner-col:before{opacity:0.3;}.kadence-column1939_a07b8a-68{position:relative;}@media all and (max-width: 1024px){.kadence-column1939_a07b8a-68 > .kt-inside-inner-col{flex-direction:column;justify-content:center;}}@media all and (max-width: 767px){.kadence-column1939_a07b8a-68 > .kt-inside-inner-col{flex-direction:column;justify-content:center;}}<\/style>\n<div class=\"wp-block-kadence-column kadence-column1939_a07b8a-68\"><div class=\"kt-inside-inner-col\"><style>.wp-block-kadence-advancedheading.kt-adv-heading1939_b84f91-6a, .wp-block-kadence-advancedheading.kt-adv-heading1939_b84f91-6a[data-kb-block=\"kb-adv-heading1939_b84f91-6a\"]{text-align:center;font-style:normal;}.wp-block-kadence-advancedheading.kt-adv-heading1939_b84f91-6a mark.kt-highlight, .wp-block-kadence-advancedheading.kt-adv-heading1939_b84f91-6a[data-kb-block=\"kb-adv-heading1939_b84f91-6a\"] mark.kt-highlight{font-style:normal;color:#f76a0c;-webkit-box-decoration-break:clone;box-decoration-break:clone;padding-top:0px;padding-right:0px;padding-bottom:0px;padding-left:0px;}.wp-block-kadence-advancedheading.kt-adv-heading1939_b84f91-6a img.kb-inline-image, .wp-block-kadence-advancedheading.kt-adv-heading1939_b84f91-6a[data-kb-block=\"kb-adv-heading1939_b84f91-6a\"] img.kb-inline-image{width:150px;vertical-align:baseline;}<\/style>\n<h2 class=\"kt-adv-heading1939_b84f91-6a wp-block-kadence-advancedheading has-theme-palette-1-color has-text-color\" data-kb-block=\"kb-adv-heading1939_b84f91-6a\"><strong>III. <strong><strong>GarantiebedingungenGarantiebedingungen<\/strong><\/strong><\/strong><\/h2>\n\n\n\n<ol class=\"wp-block-list\">\n<li>Der Hersteller gew\u00e4hrt eine Garantie von einem Jahr auf die Stahlkonstruktion. Die Garantie deckt die Stahlkonstruktion ab.\u00a0<\/li>\n\n\n\n<li>Mechanische Sch\u00e4den (Dellen, Kratzer usw.) sind von der Garantie ausgeschlossen. Nicht durch die Garantie abgedeckt sind zudem die T\u00e4tigkeiten, die der K\u00e4ufer selbst durchf\u00fchren muss, einschlie\u00dflich der Verankerung, dem Schutz der Schwelle und dem Streichen der Konstruktion.\u00a0<\/li>\n\n\n\n<li>Garantieforderungen werden nach Einsendung von Fotos mit einer genauen Beschreibung der M\u00e4ngel sowie einer Kopie des Kaufbelegs an die E-Mail-Adresse gepr\u00fcft.\u00a0<\/li>\n\n\n\n<li>Im Rahmen der Garantie hat der K\u00e4ufer Anspruch auf Reparatur der mangelhaften Stahlkonstruktion, auf Austausch bei nicht behebbaren M\u00e4ngeln oder auf eine Preisreduzierung entsprechend der Minderung des Nutzwerts der Stahlkonstruktion.\u00a0<\/li>\n\n\n\n<li>Die Garantie umfasst die kostenlose Behebung von M\u00e4ngeln der Stahlkonstruktion, die die Funktionalit\u00e4t des Produkts gem\u00e4\u00df der Bedienungsanleitung beeintr\u00e4chtigen.\u00a0<\/li>\n\n\n\n<li>Der Lieferant beh\u00e4lt sich das Recht vor, die reklamierten M\u00e4ngel zu begutachten, um deren Berechtigung zu pr\u00fcfen. Der K\u00e4ufer ist verpflichtet, zu einem vereinbarten Zeitpunkt und f\u00fcr eine festgelegte Dauer Zugang zur reklamierten Stahlkonstruktion zu gew\u00e4hren, um Begutachtungen, Gutachten und M\u00e4ngelbeseitigung durchzuf\u00fchren.\u00a0<\/li>\n\n\n\n<li>Bei Produkten aus Acrylblech ist der K\u00e4ufer verpflichtet, die Art der M\u00e4ngelbeseitigung selbst zu bestimmen.\u00a0<\/li>\n\n\n\n<li>Der Verk\u00e4ufer verpflichtet sich, die berechtigte Reklamation der Stahlkonstruktion innerhalb von 21 Arbeitstagen nach Anerkennung der Reklamation zu beheben. Sollte eine Reparatur Teile erfordern, die vom Hersteller beschafft werden m\u00fcssen, verl\u00e4ngert sich die Frist zur Behebung der Reklamation auf bis zu 30 Tage.\u00a0<\/li>\n<\/ol>\n<\/div><\/div>\n\n<\/div><\/div><\/div><\/div>\n\n<\/div><\/div>","protected":false},"excerpt":{"rendered":"<p>Garantiebedingungen \/ Pflichten des K\u00e4ufers\u00a0 I. Verankerung der Stahlkonstruktion (Garage) II. Allgemeine Informationen\u00a0 III. GarantiebedingungenGarantiebedingungen<\/p>\n","protected":false},"author":1,"featured_media":0,"parent":0,"menu_order":0,"comment_status":"closed","ping_status":"closed","template":"","meta":{"_kad_blocks_custom_css":"","_kad_blocks_head_custom_js":"","_kad_blocks_body_custom_js":"","_kad_blocks_footer_custom_js":"","_kad_post_transparent":"","_kad_post_title":"","_kad_post_layout":"","_kad_post_sidebar_id":"","_kad_post_content_style":"","_kad_post_vertical_padding":"","_kad_post_feature":"","_kad_post_feature_position":"","_kad_post_header":false,"_kad_post_footer":false,"_kad_post_classname":"","footnotes":""},"class_list":["post-1939","page","type-page","status-publish","hentry"],"acf":[],"taxonomy_info":[],"featured_image_src_large":false,"author_info":{"display_name":"gootek","author_link":"https:\/\/robstal.pl\/de\/author\/gootek\/"},"comment_info":0,"_links":{"self":[{"href":"https:\/\/robstal.pl\/de\/wp-json\/wp\/v2\/pages\/1939","targetHints":{"allow":["GET"]}}],"collection":[{"href":"https:\/\/robstal.pl\/de\/wp-json\/wp\/v2\/pages"}],"about":[{"href":"https:\/\/robstal.pl\/de\/wp-json\/wp\/v2\/types\/page"}],"author":[{"embeddable":true,"href":"https:\/\/robstal.pl\/de\/wp-json\/wp\/v2\/users\/1"}],"replies":[{"embeddable":true,"href":"https:\/\/robstal.pl\/de\/wp-json\/wp\/v2\/comments?post=1939"}],"version-history":[{"count":1,"href":"https:\/\/robstal.pl\/de\/wp-json\/wp\/v2\/pages\/1939\/revisions"}],"predecessor-version":[{"id":4200,"href":"https:\/\/robstal.pl\/de\/wp-json\/wp\/v2\/pages\/1939\/revisions\/4200"}],"wp:attachment":[{"href":"https:\/\/robstal.pl\/de\/wp-json\/wp\/v2\/media?parent=1939"}],"curies":[{"name":"wp","href":"https:\/\/api.w.org\/{rel}","templated":true}]}}