{"id":1963,"date":"2024-07-24T08:19:37","date_gmt":"2024-07-24T06:19:37","guid":{"rendered":"https:\/\/robstal.pl\/podloze-pod-garaz\/"},"modified":"2024-09-20T11:51:26","modified_gmt":"2024-09-20T09:51:26","slug":"untergrund-fuer-garage","status":"publish","type":"page","link":"https:\/\/robstal.pl\/de\/untergrund-fuer-garage\/","title":{"rendered":"Untergrund f\u00fcr Garage"},"content":{"rendered":"<style>.kb-row-layout-id1963_5f3204-96 > .kt-row-column-wrap{align-content:center;}:where(.kb-row-layout-id1963_5f3204-96 > .kt-row-column-wrap) > .wp-block-kadence-column{justify-content:center;}.kb-row-layout-id1963_5f3204-96 > .kt-row-column-wrap{column-gap:var(--global-kb-gap-sm, 1rem);row-gap:var(--global-kb-gap-sm, 1rem);max-width:var( --global-content-width, 1290px );padding-left:var(--global-content-edge-padding);padding-right:var(--global-content-edge-padding);padding-top:var(--global-kb-spacing-lg, 3rem);grid-template-columns:minmax(0, calc(55% - ((var(--global-kb-gap-sm, 1rem) * 1 )\/2)))minmax(0, calc(45% - ((var(--global-kb-gap-sm, 1rem) * 1 )\/2)));}.kb-row-layout-id1963_5f3204-96{background-image:linear-gradient(7deg,rgb(238,238,238) 38%,var(--global-palette9) 38%);}.kb-row-layout-id1963_5f3204-96 > .kt-row-layout-overlay{opacity:0.30;}@media all and (max-width: 1024px){.kb-row-layout-id1963_5f3204-96 > .kt-row-column-wrap{grid-template-columns:minmax(0, 1fr);}}@media all and (max-width: 767px){.kb-row-layout-id1963_5f3204-96 > .kt-row-column-wrap{grid-template-columns:minmax(0, 1fr);}}<\/style><div class=\"kb-row-layout-wrap kb-row-layout-id1963_5f3204-96 alignfull kt-row-has-bg wp-block-kadence-rowlayout\"><div class=\"kt-row-column-wrap kt-has-2-columns kt-row-layout-equal kt-tab-layout-row kt-mobile-layout-row kt-row-valign-middle kb-theme-content-width\">\n<style>.kadence-column1963_659512-52 > .kt-inside-inner-col{padding-top:var(--global-kb-spacing-md, 2rem);padding-right:var(--global-kb-spacing-md, 2rem);padding-bottom:var(--global-kb-spacing-md, 2rem);padding-left:var(--global-kb-spacing-md, 2rem);}.kadence-column1963_659512-52 > .kt-inside-inner-col,.kadence-column1963_659512-52 > .kt-inside-inner-col:before{border-top-left-radius:0px;border-top-right-radius:0px;border-bottom-right-radius:0px;border-bottom-left-radius:0px;}.kadence-column1963_659512-52 > .kt-inside-inner-col{column-gap:var(--global-kb-gap-sm, 1rem);}.kadence-column1963_659512-52 > .kt-inside-inner-col{flex-direction:column;}.kadence-column1963_659512-52 > .kt-inside-inner-col > .aligncenter{width:100%;}.kadence-column1963_659512-52 > .kt-inside-inner-col{background-color:#fbfbfb;}.kadence-column1963_659512-52 > .kt-inside-inner-col:before{opacity:0.3;}.kadence-column1963_659512-52{position:relative;}.kadence-column1963_659512-52, .kt-inside-inner-col > .kadence-column1963_659512-52:not(.specificity){margin-left:0px;}@media all and (max-width: 1024px){.kadence-column1963_659512-52 > .kt-inside-inner-col{padding-top:var(--global-kb-spacing-xs, 1rem);padding-right:var(--global-kb-spacing-xs, 1rem);padding-bottom:var(--global-kb-spacing-xs, 1rem);padding-left:var(--global-kb-spacing-xs, 1rem);flex-direction:column;justify-content:center;}}@media all and (max-width: 767px){.kadence-column1963_659512-52 > .kt-inside-inner-col{flex-direction:column;justify-content:center;}}<\/style>\n<div class=\"wp-block-kadence-column kadence-column1963_659512-52\"><div class=\"kt-inside-inner-col\"><style>.wp-block-kadence-advancedheading.kt-adv-heading1963_14b5f7-7d, .wp-block-kadence-advancedheading.kt-adv-heading1963_14b5f7-7d[data-kb-block=\"kb-adv-heading1963_14b5f7-7d\"]{font-style:normal;}.wp-block-kadence-advancedheading.kt-adv-heading1963_14b5f7-7d mark.kt-highlight, .wp-block-kadence-advancedheading.kt-adv-heading1963_14b5f7-7d[data-kb-block=\"kb-adv-heading1963_14b5f7-7d\"] mark.kt-highlight{font-style:normal;color:var(--global-palette1, #3182CE);-webkit-box-decoration-break:clone;box-decoration-break:clone;padding-top:0px;padding-right:0px;padding-bottom:0px;padding-left:0px;}.wp-block-kadence-advancedheading.kt-adv-heading1963_14b5f7-7d img.kb-inline-image, .wp-block-kadence-advancedheading.kt-adv-heading1963_14b5f7-7d[data-kb-block=\"kb-adv-heading1963_14b5f7-7d\"] img.kb-inline-image{width:150px;vertical-align:baseline;}@media all and (max-width: 1024px){.wp-block-kadence-advancedheading.kt-adv-heading1963_14b5f7-7d, .wp-block-kadence-advancedheading.kt-adv-heading1963_14b5f7-7d[data-kb-block=\"kb-adv-heading1963_14b5f7-7d\"]{max-width:1000px;}}<\/style>\n<h1 class=\"kt-adv-heading1963_14b5f7-7d wp-block-kadence-advancedheading\" data-kb-block=\"kb-adv-heading1963_14b5f7-7d\">Untergrund f\u00fcr <mark class=\"kt-highlight\">Garage<\/mark><\/h1>\n\n\n\n<p><strong>Der Kunde ist verantwortlich f\u00fcr die Vorbereitung des Untergrunds f\u00fcr die Garage.<\/strong><\/p>\n\n\n\n<p>Wir empfehlen, das Gel\u00e4nde auszugleichen und zu nivellieren. Die Mindestanforderung besteht aus 4-6 Pflastersteinen, die in den Ecken verlegt und nivelliert sind.&nbsp;<\/p>\n\n\n\n<p>Eine weitere Option ist die Verlegung von Betonstopfen oder eines Fundaments, das auf die Gr\u00f6\u00dfe der bestellten Garage abgestimmt ist. Auch das Ausgie\u00dfen eines Betonfundaments ist m\u00f6glich, das um 20 cm in Breite und L\u00e4nge gr\u00f6\u00dfer als die Garage sein sollte.&nbsp;<\/p>\n\n\n\n<p>Nach der Montage ist der Kunde verpflichtet, die Garage am Untergrund zu befestigen und die sichtbaren Konstruktionselemente mit einer Grundierung zu streichen sowie mit einer Deckfarbe zu sch\u00fctzen.&nbsp;<\/p>\n<\/div><\/div>\n\n\n<style>.kadence-column1963_6a01cd-0a > .kt-inside-inner-col{display:flex;}.kadence-column1963_6a01cd-0a > .kt-inside-inner-col,.kadence-column1963_6a01cd-0a > .kt-inside-inner-col:before{border-top-left-radius:0px;border-top-right-radius:0px;border-bottom-right-radius:0px;border-bottom-left-radius:0px;}.kadence-column1963_6a01cd-0a > .kt-inside-inner-col{column-gap:var(--global-kb-gap-sm, 1rem);}.kadence-column1963_6a01cd-0a > .kt-inside-inner-col{flex-direction:column;justify-content:center;}.kadence-column1963_6a01cd-0a > .kt-inside-inner-col > .aligncenter{width:100%;}.kt-row-column-wrap > .kadence-column1963_6a01cd-0a{align-self:center;}.kt-inner-column-height-full:not(.kt-has-1-columns) > .wp-block-kadence-column.kadence-column1963_6a01cd-0a{align-self:auto;}.kt-inner-column-height-full:not(.kt-has-1-columns) > .wp-block-kadence-column.kadence-column1963_6a01cd-0a > .kt-inside-inner-col{flex-direction:column;justify-content:center;}.kadence-column1963_6a01cd-0a > .kt-inside-inner-col:before{opacity:0.3;}.kadence-column1963_6a01cd-0a{z-index:5;position:relative;}@media all and (max-width: 1024px){.kt-row-column-wrap > .kadence-column1963_6a01cd-0a{align-self:center;}}@media all and (max-width: 1024px){.kt-inner-column-height-full:not(.kt-has-1-columns) > .wp-block-kadence-column.kadence-column1963_6a01cd-0a{align-self:auto;}}@media all and (max-width: 1024px){.kt-inner-column-height-full:not(.kt-has-1-columns) > .wp-block-kadence-column.kadence-column1963_6a01cd-0a > .kt-inside-inner-col{flex-direction:column;justify-content:center;}}@media all and (max-width: 1024px){.kadence-column1963_6a01cd-0a > .kt-inside-inner-col{flex-direction:column;justify-content:center;}}@media all and (max-width: 767px){.kt-row-column-wrap > .kadence-column1963_6a01cd-0a{align-self:center;}.kt-inner-column-height-full:not(.kt-has-1-columns) > .wp-block-kadence-column.kadence-column1963_6a01cd-0a{align-self:auto;}.kt-inner-column-height-full:not(.kt-has-1-columns) > .wp-block-kadence-column.kadence-column1963_6a01cd-0a > .kt-inside-inner-col{flex-direction:column;justify-content:center;}.kadence-column1963_6a01cd-0a > .kt-inside-inner-col{flex-direction:column;justify-content:center;}}<\/style>\n<div class=\"wp-block-kadence-column kadence-column1963_6a01cd-0a\"><div class=\"kt-inside-inner-col\"><style>.kb-image1963_cc62a5-e4 .kb-image-has-overlay:after{opacity:0.3;border-top-left-radius:30px;border-top-right-radius:30px;border-bottom-right-radius:30px;border-bottom-left-radius:30px;}.kb-image1963_cc62a5-e4 img.kb-img, .kb-image1963_cc62a5-e4 .kb-img img{border-top-left-radius:30px;border-top-right-radius:30px;border-bottom-right-radius:30px;border-bottom-left-radius:30px;}@media all and (max-width: 1024px){.wp-block-kadence-image.kb-image1963_cc62a5-e4:not(.kb-specificity-added):not(.kb-extra-specificity-added){margin-right:0px;margin-left:0px;}}<\/style>\n<figure class=\"wp-block-kadence-image kb-image1963_cc62a5-e4 size-full kb-image-is-ratio-size\"><div class=\"kb-is-ratio-image kb-image-ratio-land32\"><img loading=\"lazy\" decoding=\"async\" width=\"790\" height=\"494\" src=\"https:\/\/robstal.pl\/wp-content\/uploads\/2024\/07\/garaze-blaszane-typowe.jpg\" alt=\"\" class=\"kb-img wp-image-795\" srcset=\"https:\/\/robstal.pl\/wp-content\/uploads\/2024\/07\/garaze-blaszane-typowe.jpg 790w, https:\/\/robstal.pl\/wp-content\/uploads\/2024\/07\/garaze-blaszane-typowe-600x375.jpg 600w, https:\/\/robstal.pl\/wp-content\/uploads\/2024\/07\/garaze-blaszane-typowe-300x188.jpg 300w, https:\/\/robstal.pl\/wp-content\/uploads\/2024\/07\/garaze-blaszane-typowe-768x480.jpg 768w\" sizes=\"auto, (max-width: 790px) 100vw, 790px\" \/><\/div><\/figure>\n<\/div><\/div>\n\n<\/div><\/div>\n\n<style>.kb-row-layout-id1963_ca31af-7a > .kt-row-column-wrap{align-content:start;}:where(.kb-row-layout-id1963_ca31af-7a > .kt-row-column-wrap) > .wp-block-kadence-column{justify-content:start;}.kb-row-layout-id1963_ca31af-7a > .kt-row-column-wrap{column-gap:var(--global-kb-gap-md, 2rem);row-gap:var(--global-kb-gap-md, 2rem);max-width:var( --global-content-width, 1290px );padding-left:var(--global-content-edge-padding);padding-right:var(--global-content-edge-padding);padding-top:var(--global-kb-spacing-xxl, 5rem);padding-bottom:var(--global-kb-spacing-xxl, 5rem);grid-template-columns:minmax(0, 1fr);}.kb-row-layout-id1963_ca31af-7a{background-image:linear-gradient(172deg,rgb(238,238,238) 40%,var(--global-palette9) 40%);}.kb-row-layout-id1963_ca31af-7a > .kt-row-layout-overlay{opacity:0.30;}@media all and (max-width: 1024px){.kb-row-layout-id1963_ca31af-7a > .kt-row-column-wrap{grid-template-columns:minmax(0, 1fr);}}@media all and (max-width: 767px){.kb-row-layout-id1963_ca31af-7a > .kt-row-column-wrap{grid-template-columns:minmax(0, 1fr);}}<\/style><div class=\"kb-row-layout-wrap kb-row-layout-id1963_ca31af-7a alignfull kt-row-has-bg wp-block-kadence-rowlayout\"><div class=\"kt-row-column-wrap kt-has-1-columns kt-row-layout-equal kt-tab-layout-inherit kt-mobile-layout-row kt-row-valign-top kb-theme-content-width\">\n<style>.kadence-column1963_31463d-f2 > .kt-inside-inner-col,.kadence-column1963_31463d-f2 > .kt-inside-inner-col:before{border-top-left-radius:0px;border-top-right-radius:0px;border-bottom-right-radius:0px;border-bottom-left-radius:0px;}.kadence-column1963_31463d-f2 > .kt-inside-inner-col{column-gap:var(--global-kb-gap-sm, 1rem);}.kadence-column1963_31463d-f2 > .kt-inside-inner-col{flex-direction:column;}.kadence-column1963_31463d-f2 > .kt-inside-inner-col > .aligncenter{width:100%;}.kadence-column1963_31463d-f2 > .kt-inside-inner-col:before{opacity:0.3;}.kadence-column1963_31463d-f2{position:relative;}@media all and (max-width: 1024px){.kadence-column1963_31463d-f2 > .kt-inside-inner-col{flex-direction:column;justify-content:center;}}@media all and (max-width: 767px){.kadence-column1963_31463d-f2 > .kt-inside-inner-col{flex-direction:column;justify-content:center;}}<\/style>\n<div class=\"wp-block-kadence-column kadence-column1963_31463d-f2\"><div class=\"kt-inside-inner-col\"><style>.kb-image1963_f088cd-e4.kb-image-is-ratio-size, .kb-image1963_f088cd-e4 .kb-image-is-ratio-size{max-width:1200px;width:100%;}.wp-block-kadence-column > .kt-inside-inner-col > .kb-image1963_f088cd-e4.kb-image-is-ratio-size, .wp-block-kadence-column > .kt-inside-inner-col > .kb-image1963_f088cd-e4 .kb-image-is-ratio-size{align-self:unset;}.kb-image1963_f088cd-e4 figure{max-width:1200px;}.kb-image1963_f088cd-e4 .image-is-svg, .kb-image1963_f088cd-e4 .image-is-svg img{width:100%;}.kb-image1963_f088cd-e4 .kb-image-has-overlay:after{opacity:0.3;}<\/style>\n<div class=\"wp-block-kadence-image kb-image1963_f088cd-e4\"><figure class=\"aligncenter size-full\"><img loading=\"lazy\" decoding=\"async\" width=\"922\" height=\"454\" src=\"https:\/\/robstal.pl\/wp-content\/uploads\/2024\/07\/podloze-pod-garaz.jpg\" alt=\"\" class=\"kb-img wp-image-277\" srcset=\"https:\/\/robstal.pl\/wp-content\/uploads\/2024\/07\/podloze-pod-garaz.jpg 922w, https:\/\/robstal.pl\/wp-content\/uploads\/2024\/07\/podloze-pod-garaz-600x295.jpg 600w, https:\/\/robstal.pl\/wp-content\/uploads\/2024\/07\/podloze-pod-garaz-300x148.jpg 300w, https:\/\/robstal.pl\/wp-content\/uploads\/2024\/07\/podloze-pod-garaz-768x378.jpg 768w\" sizes=\"auto, (max-width: 922px) 100vw, 922px\" \/><\/figure><\/div>\n<\/div><\/div>\n\n<\/div><\/div>","protected":false},"excerpt":{"rendered":"<p>Untergrund f\u00fcr Garage Der Kunde ist verantwortlich f\u00fcr die Vorbereitung des Untergrunds f\u00fcr die Garage. Wir empfehlen, das Gel\u00e4nde auszugleichen und zu nivellieren. Die Mindestanforderung besteht aus 4-6 Pflastersteinen, die in den Ecken verlegt und nivelliert sind.&nbsp; Eine weitere Option ist die Verlegung von Betonstopfen oder eines Fundaments, das auf die Gr\u00f6\u00dfe der bestellten Garage&#8230;<\/p>\n","protected":false},"author":1,"featured_media":0,"parent":0,"menu_order":0,"comment_status":"closed","ping_status":"closed","template":"","meta":{"_kad_blocks_custom_css":"","_kad_blocks_head_custom_js":"","_kad_blocks_body_custom_js":"","_kad_blocks_footer_custom_js":"","_kad_post_transparent":"","_kad_post_title":"","_kad_post_layout":"","_kad_post_sidebar_id":"","_kad_post_content_style":"","_kad_post_vertical_padding":"","_kad_post_feature":"","_kad_post_feature_position":"","_kad_post_header":false,"_kad_post_footer":false,"_kad_post_classname":"","footnotes":""},"class_list":["post-1963","page","type-page","status-publish","hentry"],"acf":[],"taxonomy_info":[],"featured_image_src_large":false,"author_info":{"display_name":"gootek","author_link":"https:\/\/robstal.pl\/de\/author\/gootek\/"},"comment_info":0,"_links":{"self":[{"href":"https:\/\/robstal.pl\/de\/wp-json\/wp\/v2\/pages\/1963","targetHints":{"allow":["GET"]}}],"collection":[{"href":"https:\/\/robstal.pl\/de\/wp-json\/wp\/v2\/pages"}],"about":[{"href":"https:\/\/robstal.pl\/de\/wp-json\/wp\/v2\/types\/page"}],"author":[{"embeddable":true,"href":"https:\/\/robstal.pl\/de\/wp-json\/wp\/v2\/users\/1"}],"replies":[{"embeddable":true,"href":"https:\/\/robstal.pl\/de\/wp-json\/wp\/v2\/comments?post=1963"}],"version-history":[{"count":3,"href":"https:\/\/robstal.pl\/de\/wp-json\/wp\/v2\/pages\/1963\/revisions"}],"predecessor-version":[{"id":4299,"href":"https:\/\/robstal.pl\/de\/wp-json\/wp\/v2\/pages\/1963\/revisions\/4299"}],"wp:attachment":[{"href":"https:\/\/robstal.pl\/de\/wp-json\/wp\/v2\/media?parent=1963"}],"curies":[{"name":"wp","href":"https:\/\/api.w.org\/{rel}","templated":true}]}}