{"id":1904,"date":"2024-07-17T13:57:01","date_gmt":"2024-07-17T11:57:01","guid":{"rendered":"https:\/\/robstal.pl\/galeria\/dodatki\/"},"modified":"2024-09-23T10:14:07","modified_gmt":"2024-09-23T08:14:07","slug":"kiegeszitok","status":"publish","type":"page","link":"https:\/\/robstal.pl\/hu\/galeria\/kiegeszitok\/","title":{"rendered":"KIEG\u00c9SZ\u00cdT\u0150K"},"content":{"rendered":"<style>.kb-row-layout-id1904_a4a4b4-b6 > .kt-row-column-wrap{align-content:start;}:where(.kb-row-layout-id1904_a4a4b4-b6 > .kt-row-column-wrap) > .wp-block-kadence-column{justify-content:start;}.kb-row-layout-id1904_a4a4b4-b6 > .kt-row-column-wrap{column-gap:var(--global-kb-gap-md, 2rem);row-gap:var(--global-kb-gap-md, 2rem);max-width:var( --global-content-width, 1290px );padding-left:var(--global-content-edge-padding);padding-right:var(--global-content-edge-padding);padding-top:var(--global-kb-spacing-xl, 4rem);padding-bottom:var(--global-kb-spacing-xl, 4rem);grid-template-columns:minmax(0, 1fr);}.kb-row-layout-id1904_a4a4b4-b6{background-image:linear-gradient(7deg,rgb(238,238,238) 38%,var(--global-palette9) 38%);}.kb-row-layout-id1904_a4a4b4-b6 > .kt-row-layout-overlay{opacity:0.30;}@media all and (max-width: 1024px){.kb-row-layout-id1904_a4a4b4-b6 > .kt-row-column-wrap{padding-top:var(--global-kb-spacing-md, 2rem);padding-bottom:var(--global-kb-spacing-md, 2rem);grid-template-columns:minmax(0, 1fr);}}@media all and (max-width: 767px){.kb-row-layout-id1904_a4a4b4-b6 > .kt-row-column-wrap{grid-template-columns:minmax(0, 1fr);}}<\/style><div class=\"kb-row-layout-wrap kb-row-layout-id1904_a4a4b4-b6 alignfull kt-row-has-bg wp-block-kadence-rowlayout\"><div class=\"kt-row-column-wrap kt-has-1-columns kt-row-layout-equal kt-tab-layout-inherit kt-mobile-layout-row kt-row-valign-top kb-theme-content-width\">\n<style>.kadence-column1904_5a1aaf-77 > .kt-inside-inner-col,.kadence-column1904_5a1aaf-77 > .kt-inside-inner-col:before{border-top-left-radius:0px;border-top-right-radius:0px;border-bottom-right-radius:0px;border-bottom-left-radius:0px;}.kadence-column1904_5a1aaf-77 > .kt-inside-inner-col{column-gap:var(--global-kb-gap-sm, 1rem);}.kadence-column1904_5a1aaf-77 > .kt-inside-inner-col{flex-direction:column;}.kadence-column1904_5a1aaf-77 > .kt-inside-inner-col > .aligncenter{width:100%;}.kadence-column1904_5a1aaf-77 > .kt-inside-inner-col:before{opacity:0.3;}.kadence-column1904_5a1aaf-77{position:relative;}@media all and (max-width: 1024px){.kadence-column1904_5a1aaf-77 > .kt-inside-inner-col{flex-direction:column;justify-content:center;}}@media all and (max-width: 767px){.kadence-column1904_5a1aaf-77 > .kt-inside-inner-col{flex-direction:column;justify-content:center;}}<\/style>\n<div class=\"wp-block-kadence-column kadence-column1904_5a1aaf-77\"><div class=\"kt-inside-inner-col\"><style>.wp-block-kadence-advancedheading.kt-adv-heading1904_3e03ba-61, .wp-block-kadence-advancedheading.kt-adv-heading1904_3e03ba-61[data-kb-block=\"kb-adv-heading1904_3e03ba-61\"]{margin-bottom:var(--global-kb-spacing-lg, 3rem);text-align:center;font-style:normal;}.wp-block-kadence-advancedheading.kt-adv-heading1904_3e03ba-61 mark.kt-highlight, .wp-block-kadence-advancedheading.kt-adv-heading1904_3e03ba-61[data-kb-block=\"kb-adv-heading1904_3e03ba-61\"] mark.kt-highlight{font-style:normal;color:#f76a0c;-webkit-box-decoration-break:clone;box-decoration-break:clone;padding-top:0px;padding-right:0px;padding-bottom:0px;padding-left:0px;}.wp-block-kadence-advancedheading.kt-adv-heading1904_3e03ba-61 img.kb-inline-image, .wp-block-kadence-advancedheading.kt-adv-heading1904_3e03ba-61[data-kb-block=\"kb-adv-heading1904_3e03ba-61\"] img.kb-inline-image{width:150px;vertical-align:baseline;}<\/style>\n<h1 class=\"kt-adv-heading1904_3e03ba-61 wp-block-kadence-advancedheading\" data-kb-block=\"kb-adv-heading1904_3e03ba-61\">KIEG\u00c9SZ\u00cdT\u0150K<\/h1>\n\n\n<style>.wp-block-kadence-advancedgallery.kb-gallery-wrap-id-1904_18d8ca-8f{margin-bottom:var(--global-kb-spacing-xl, 4rem);}.wp-block-kadence-advancedgallery .kb-gallery-type-masonry.kb-gallery-id-1904_18d8ca-8f{margin:-5px;}.kb-gallery-type-masonry.kb-gallery-id-1904_18d8ca-8f .kadence-blocks-gallery-item{padding:5px;}.kb-gallery-id-1904_18d8ca-8f .kadence-blocks-gallery-item .kb-gal-image-radius, .kb-gallery-id-1904_18d8ca-8f .kb-slide-item .kb-gal-image-radius img{border-radius:0px 0px 0px 0px;;}@media all and (max-width: 767px){.wp-block-kadence-advancedgallery.kb-gallery-wrap-id-1904_18d8ca-8f{margin-bottom:var(--global-kb-spacing-md, 2rem);}}<\/style><div class=\"kb-gallery-wrap-id-1904_18d8ca-8f alignnone wp-block-kadence-advancedgallery\"><ul class=\"kb-gallery-ul kb-gallery-non-static kb-gallery-type-masonry kb-masonry-init kb-gallery-id-1904_18d8ca-8f kb-gallery-caption-style-bottom-hover kb-gallery-filter-none kb-gallery-magnific-init\" data-image-filter=\"none\" data-item-selector=\".kadence-blocks-gallery-item\" data-lightbox-caption=\"true\" data-columns-xxl=\"3\" data-columns-xl=\"3\" data-columns-md=\"3\" data-columns-sm=\"2\" data-columns-xs=\"1\" data-columns-ss=\"1\"><li class=\"kadence-blocks-gallery-item\"><div class=\"kadence-blocks-gallery-item-inner\"><figure class=\"kb-gallery-figure kb-gallery-item-has-link kadence-blocks-gallery-item-hide-caption\"><a href=\"https:\/\/robstal.pl\/wp-content\/uploads\/2024\/07\/robstal-start.jpg\" class=\"kb-gallery-item-link\"   role=\"button\" aria-haspopup=\"dialog\"><div class=\"kb-gal-image-radius\" style=\"max-width:1024px;\"><div class=\"kb-gallery-image-contain kadence-blocks-gallery-intrinsic\" style=\"padding-bottom:39%;\"><img loading=\"lazy\" decoding=\"async\" src=\"https:\/\/robstal.pl\/wp-content\/uploads\/2024\/07\/robstal-start-1024x402.jpg\" width=\"1024\" height=\"402\" alt=\"\" data-full-image=\"https:\/\/robstal.pl\/wp-content\/uploads\/2024\/07\/robstal-start.jpg\" data-light-image=\"https:\/\/robstal.pl\/wp-content\/uploads\/2024\/07\/robstal-start.jpg\" data-id=\"589\" class=\"wp-image-589\" srcset=\"https:\/\/robstal.pl\/wp-content\/uploads\/2024\/07\/robstal-start-1024x402.jpg 1024w, https:\/\/robstal.pl\/wp-content\/uploads\/2024\/07\/robstal-start-600x236.jpg 600w, https:\/\/robstal.pl\/wp-content\/uploads\/2024\/07\/robstal-start-300x118.jpg 300w, https:\/\/robstal.pl\/wp-content\/uploads\/2024\/07\/robstal-start-768x302.jpg 768w, https:\/\/robstal.pl\/wp-content\/uploads\/2024\/07\/robstal-start-1536x603.jpg 1536w, https:\/\/robstal.pl\/wp-content\/uploads\/2024\/07\/robstal-start.jpg 1920w\" sizes=\"auto, (max-width: 1024px) 100vw, 1024px\" \/><\/div><\/div><\/a><\/figure><\/div><\/li><\/ul><\/div>\n\n\n<div class=\"wp-block-buttons is-content-justification-center is-layout-flex wp-container-core-buttons-is-layout-16018d1d wp-block-buttons-is-layout-flex\">\n<div class=\"wp-block-button\"><a class=\"wp-block-button__link wp-element-button\" href=\"https:\/\/robstal.pl\/hu\/galeria\/\">powr\u00f3t<\/a><\/div>\n<\/div>\n<\/div><\/div>\n\n<\/div><\/div>","protected":false},"excerpt":{"rendered":"<p>KIEG\u00c9SZ\u00cdT\u0150K<\/p>\n","protected":false},"author":1,"featured_media":0,"parent":1896,"menu_order":0,"comment_status":"closed","ping_status":"closed","template":"","meta":{"_kad_blocks_custom_css":"","_kad_blocks_head_custom_js":"","_kad_blocks_body_custom_js":"","_kad_blocks_footer_custom_js":"","_kad_post_transparent":"","_kad_post_title":"","_kad_post_layout":"","_kad_post_sidebar_id":"","_kad_post_content_style":"","_kad_post_vertical_padding":"","_kad_post_feature":"","_kad_post_feature_position":"","_kad_post_header":false,"_kad_post_footer":false,"_kad_post_classname":"","footnotes":""},"class_list":["post-1904","page","type-page","status-publish","hentry"],"acf":[],"taxonomy_info":[],"featured_image_src_large":false,"author_info":{"display_name":"gootek","author_link":"https:\/\/robstal.pl\/hu\/author\/gootek\/"},"comment_info":0,"_links":{"self":[{"href":"https:\/\/robstal.pl\/hu\/wp-json\/wp\/v2\/pages\/1904","targetHints":{"allow":["GET"]}}],"collection":[{"href":"https:\/\/robstal.pl\/hu\/wp-json\/wp\/v2\/pages"}],"about":[{"href":"https:\/\/robstal.pl\/hu\/wp-json\/wp\/v2\/types\/page"}],"author":[{"embeddable":true,"href":"https:\/\/robstal.pl\/hu\/wp-json\/wp\/v2\/users\/1"}],"replies":[{"embeddable":true,"href":"https:\/\/robstal.pl\/hu\/wp-json\/wp\/v2\/comments?post=1904"}],"version-history":[{"count":2,"href":"https:\/\/robstal.pl\/hu\/wp-json\/wp\/v2\/pages\/1904\/revisions"}],"predecessor-version":[{"id":4416,"href":"https:\/\/robstal.pl\/hu\/wp-json\/wp\/v2\/pages\/1904\/revisions\/4416"}],"up":[{"embeddable":true,"href":"https:\/\/robstal.pl\/hu\/wp-json\/wp\/v2\/pages\/1896"}],"wp:attachment":[{"href":"https:\/\/robstal.pl\/hu\/wp-json\/wp\/v2\/media?parent=1904"}],"curies":[{"name":"wp","href":"https:\/\/api.w.org\/{rel}","templated":true}]}}