{"id":1940,"date":"2024-07-04T14:57:35","date_gmt":"2024-07-04T12:57:35","guid":{"rendered":"https:\/\/robstal.pl\/warunki-gwarancji\/"},"modified":"2024-09-23T10:01:54","modified_gmt":"2024-09-23T08:01:54","slug":"garancia-feltetelei","status":"publish","type":"page","link":"https:\/\/robstal.pl\/hu\/garancia-feltetelei\/","title":{"rendered":"Garancia felt\u00e9telei"},"content":{"rendered":"<style>.kb-row-layout-id1940_4ef088-2e > .kt-row-column-wrap{align-content:start;}:where(.kb-row-layout-id1940_4ef088-2e > .kt-row-column-wrap) > .wp-block-kadence-column{justify-content:start;}.kb-row-layout-id1940_4ef088-2e > .kt-row-column-wrap{column-gap:var(--global-kb-gap-md, 2rem);row-gap:var(--global-kb-gap-md, 2rem);max-width:var( --global-content-width, 1290px );padding-left:var(--global-content-edge-padding);padding-right:var(--global-content-edge-padding);padding-top:var(--global-kb-spacing-sm, 1.5rem);padding-bottom:var(--global-kb-spacing-sm, 1.5rem);grid-template-columns:minmax(0, 1fr);}.kb-row-layout-id1940_4ef088-2e > .kt-row-layout-overlay{opacity:0.30;}@media all and (max-width: 1024px){.kb-row-layout-id1940_4ef088-2e > .kt-row-column-wrap{grid-template-columns:minmax(0, 1fr);}}@media all and (max-width: 767px){.kb-row-layout-id1940_4ef088-2e > .kt-row-column-wrap{grid-template-columns:minmax(0, 1fr);}}<\/style><div class=\"kb-row-layout-wrap kb-row-layout-id1940_4ef088-2e alignfull wp-block-kadence-rowlayout\"><div class=\"kt-row-column-wrap kt-has-1-columns kt-row-layout-equal kt-tab-layout-inherit kt-mobile-layout-row kt-row-valign-top kb-theme-content-width\">\n<style>.kadence-column1940_065a61-26 > .kt-inside-inner-col,.kadence-column1940_065a61-26 > .kt-inside-inner-col:before{border-top-left-radius:0px;border-top-right-radius:0px;border-bottom-right-radius:0px;border-bottom-left-radius:0px;}.kadence-column1940_065a61-26 > .kt-inside-inner-col{column-gap:var(--global-kb-gap-sm, 1rem);}.kadence-column1940_065a61-26 > .kt-inside-inner-col{flex-direction:column;}.kadence-column1940_065a61-26 > .kt-inside-inner-col > .aligncenter{width:100%;}.kadence-column1940_065a61-26 > .kt-inside-inner-col:before{opacity:0.3;}.kadence-column1940_065a61-26{position:relative;}@media all and (max-width: 1024px){.kadence-column1940_065a61-26 > .kt-inside-inner-col{flex-direction:column;justify-content:center;}}@media all and (max-width: 767px){.kadence-column1940_065a61-26 > .kt-inside-inner-col{flex-direction:column;justify-content:center;}}<\/style>\n<div class=\"wp-block-kadence-column kadence-column1940_065a61-26\"><div class=\"kt-inside-inner-col\"><style>.wp-block-kadence-advancedheading.kt-adv-heading1940_8ce02d-e8, .wp-block-kadence-advancedheading.kt-adv-heading1940_8ce02d-e8[data-kb-block=\"kb-adv-heading1940_8ce02d-e8\"]{text-align:center;font-style:normal;}.wp-block-kadence-advancedheading.kt-adv-heading1940_8ce02d-e8 mark.kt-highlight, .wp-block-kadence-advancedheading.kt-adv-heading1940_8ce02d-e8[data-kb-block=\"kb-adv-heading1940_8ce02d-e8\"] mark.kt-highlight{font-style:normal;color:#f76a0c;-webkit-box-decoration-break:clone;box-decoration-break:clone;padding-top:0px;padding-right:0px;padding-bottom:0px;padding-left:0px;}.wp-block-kadence-advancedheading.kt-adv-heading1940_8ce02d-e8 img.kb-inline-image, .wp-block-kadence-advancedheading.kt-adv-heading1940_8ce02d-e8[data-kb-block=\"kb-adv-heading1940_8ce02d-e8\"] img.kb-inline-image{width:150px;vertical-align:baseline;}<\/style>\n<h1 class=\"kt-adv-heading1940_8ce02d-e8 wp-block-kadence-advancedheading\" data-kb-block=\"kb-adv-heading1940_8ce02d-e8\"><strong>Garancia felt\u00e9telei \/ V\u00e1s\u00e1rl\u00f3i k\u00f6telezetts\u00e9gek<\/strong>\u00a0<\/h1>\n\n\n<style>.kb-row-layout-id1940_48825d-e6 > .kt-row-column-wrap{align-content:start;}:where(.kb-row-layout-id1940_48825d-e6 > .kt-row-column-wrap) > .wp-block-kadence-column{justify-content:start;}.kb-row-layout-id1940_48825d-e6 > .kt-row-column-wrap{column-gap:var(--global-kb-gap-md, 2rem);row-gap:var(--global-kb-gap-md, 2rem);max-width:var( --global-content-width, 1290px );padding-left:var(--global-content-edge-padding);padding-right:var(--global-content-edge-padding);padding-top:var(--global-kb-spacing-sm, 1.5rem);padding-bottom:var(--global-kb-spacing-sm, 1.5rem);grid-template-columns:minmax(0, 1fr);}.kb-row-layout-id1940_48825d-e6 > .kt-row-layout-overlay{opacity:0.30;}@media all and (max-width: 1024px){.kb-row-layout-id1940_48825d-e6 > .kt-row-column-wrap{grid-template-columns:minmax(0, 1fr);}}@media all and (max-width: 767px){.kb-row-layout-id1940_48825d-e6 > .kt-row-column-wrap{grid-template-columns:minmax(0, 1fr);}}<\/style><div class=\"kb-row-layout-wrap kb-row-layout-id1940_48825d-e6 alignnone wp-block-kadence-rowlayout\"><div class=\"kt-row-column-wrap kt-has-1-columns kt-row-layout-equal kt-tab-layout-inherit kt-mobile-layout-row kt-row-valign-top kb-theme-content-width\">\n<style>.kadence-column1940_553140-bd > .kt-inside-inner-col,.kadence-column1940_553140-bd > .kt-inside-inner-col:before{border-top-left-radius:0px;border-top-right-radius:0px;border-bottom-right-radius:0px;border-bottom-left-radius:0px;}.kadence-column1940_553140-bd > .kt-inside-inner-col{column-gap:var(--global-kb-gap-sm, 1rem);}.kadence-column1940_553140-bd > .kt-inside-inner-col{flex-direction:column;}.kadence-column1940_553140-bd > .kt-inside-inner-col > .aligncenter{width:100%;}.kadence-column1940_553140-bd > .kt-inside-inner-col:before{opacity:0.3;}.kadence-column1940_553140-bd{position:relative;}@media all and (max-width: 1024px){.kadence-column1940_553140-bd > .kt-inside-inner-col{flex-direction:column;justify-content:center;}}@media all and (max-width: 767px){.kadence-column1940_553140-bd > .kt-inside-inner-col{flex-direction:column;justify-content:center;}}<\/style>\n<div class=\"wp-block-kadence-column kadence-column1940_553140-bd\"><div class=\"kt-inside-inner-col\"><style>.wp-block-kadence-advancedheading.kt-adv-heading1940_8a694e-39, .wp-block-kadence-advancedheading.kt-adv-heading1940_8a694e-39[data-kb-block=\"kb-adv-heading1940_8a694e-39\"]{text-align:center;font-style:normal;}.wp-block-kadence-advancedheading.kt-adv-heading1940_8a694e-39 mark.kt-highlight, .wp-block-kadence-advancedheading.kt-adv-heading1940_8a694e-39[data-kb-block=\"kb-adv-heading1940_8a694e-39\"] mark.kt-highlight{font-style:normal;color:#f76a0c;-webkit-box-decoration-break:clone;box-decoration-break:clone;padding-top:0px;padding-right:0px;padding-bottom:0px;padding-left:0px;}.wp-block-kadence-advancedheading.kt-adv-heading1940_8a694e-39 img.kb-inline-image, .wp-block-kadence-advancedheading.kt-adv-heading1940_8a694e-39[data-kb-block=\"kb-adv-heading1940_8a694e-39\"] img.kb-inline-image{width:150px;vertical-align:baseline;}<\/style>\n<h2 class=\"kt-adv-heading1940_8a694e-39 wp-block-kadence-advancedheading has-theme-palette-1-color has-text-color\" data-kb-block=\"kb-adv-heading1940_8a694e-39\"><strong>I. Ac\u00e9l szerkezet (gar\u00e1zs) r\u00f6gz\u00edt\u00e9se\u00a0<\/strong><\/h2>\n\n\n\n<ol start=\"1\" class=\"wp-block-list\">\n<li>Az ac\u00e9l szerkezet r\u00f6gz\u00edt\u00e9se nem tartozik a szerel\u00e9si szolg\u00e1ltat\u00e1s k\u00f6r\u00e9be, \u00e9s a v\u00e1s\u00e1rl\u00f3 k\u00f6teless\u00e9ge. Az ac\u00e9l szerkezet megfelel\u0151 r\u00f6gz\u00edt\u00e9se \u00e9rdek\u00e9ben szigor\u00faan be kell tartani az al\u00e1bbi utas\u00edt\u00e1sokat.\u00a0<\/li>\n\n\n\n<li>El\u0151 kell k\u00e9sz\u00edteni azt a fel\u00fcletet, amelyre az ac\u00e9l szerkezet ker\u00fcl.\u00a0<\/li>\n\n\n\n<li>Az ac\u00e9l szerkezet sz\u00e1m\u00e1ra el\u0151k\u00e9sz\u00edtett fel\u00fcletnek egyenletesnek \u00e9s v\u00edzszintesnek kell lennie.\u00a0<\/li>\n\n\n\n<li>Az ac\u00e9l szerkezetet az el\u0151k\u00e9sz\u00edtett fel\u00fcletre t\u00f6rt\u00e9n\u0151 felszerel\u00e9s ut\u00e1n azonnal r\u00f6gz\u00edteni kell.\u00a0<\/li>\n\n\n\n<li>Ha az ac\u00e9l szerkezet talajra van helyezve, akkor megfelel\u0151 hossz\u00fas\u00e1g\u00fa r\u00f6gz\u00edt\u0151 csavarokkal kell r\u00f6gz\u00edteni, amelyek a talaj t\u00edpus\u00e1hoz illeszkednek. K\u00e9rd\u00e9s eset\u00e9n szak\u00e9rt\u0151 tan\u00e1cs\u00e1t kell k\u00e9rni.\u00a0<\/li>\n\n\n\n<li>Ha a talaj t\u00f6m\u00f6r vagy k\u00f6ves, a r\u00f6gz\u00edt\u0151 csavaroknak legal\u00e1bb 300 mm hossz\u00fanak kell lenni\u00fck. Kev\u00e9sb\u00e9 t\u00f6m\u00f6r talaj eset\u00e9n legal\u00e1bb 600 mm hossz\u00fa csavarokat kell haszn\u00e1lni, m\u00edg homokos talajn\u00e1l legal\u00e1bb 1000 mm hossz\u00fa csavarok sz\u00fcks\u00e9gesek.\u00a0<\/li>\n\n\n\n<li>A gar\u00e1zs k\u00fcsz\u00f6b\u00f6t nem kell r\u00f6gz\u00edteni.\u00a0<\/li>\n\n\n\n<li>A haszn\u00e1lt r\u00f6gz\u00edt\u0151k sz\u00e1ma az ac\u00e9l szerkezet falainak m\u00e9ret\u00e9t\u0151l f\u00fcgg. El\u0151sz\u00f6r a falat 2 r\u00f6gz\u00edt\u0151 csavarral kell r\u00f6gz\u00edteni, mindegyik kb. 200 mm t\u00e1vols\u00e1gra a fal v\u00e9g\u00e9n. A csavarok k\u00f6z\u00f6tti t\u00e1vols\u00e1got kb. 1500 mm-es szakaszokra osztjuk, \u00e9s minden helyre r\u00f6gz\u00edt\u0151t helyez\u00fcnk el.\u00a0<\/li>\n\n\n\n<li>Talajba t\u00f6rt\u00e9n\u0151 r\u00f6gz\u00edt\u00e9s. A csavart addig kell \u00fctni, am\u00edg a keresztir\u00e1ny\u00fa r\u00e9sz a falvas sz\u00f6gvas fel\u00fclet\u00e9vel \u00e9rintkezik. Ezut\u00e1n k\u00e9t 5 mm \u00e1tm\u00e9r\u0151j\u0171 lyukat f\u00farunk a keresztir\u00e1ny\u00fa r\u00e9sz \u00e9s a sz\u00f6gvas fal k\u00f6z\u00f6tt. A lyukakat a talajba \u00fct\u00f6tt csavar mindk\u00e9t oldal\u00e1n kell f\u00farni. A keresztir\u00e1ny\u00fa r\u00e9szt \u00e9s a sz\u00f6gvas falat M10 csavarral \u00e9s any\u00e1val kell \u00f6sszekapcsolni. A csavarnak el\u00e9g hossz\u00fanak kell lennie ahhoz, hogy az anya teljesen a v\u00e9g\u00e9ig be legyen csavarozva.\u00a0<\/li>\n\n\n\n<li>Az ac\u00e9l szerkezet talajra helyezhet\u0151 talajba \u00e1sott vagy talajra helyezett t\u00e1maszt\u00f3 elemekre (pl. t\u00e9gla, j\u00e1r\u00f3lap stb.). Egyetlen ac\u00e9l szerkezet eset\u00e9n legal\u00e1bb 6 t\u00e1maszt\u00f3 elem sz\u00fcks\u00e9ges. Ha a szerkezet nagyobb, mint egy szem\u00e9lyg\u00e9pkocsi sz\u00e1m\u00e1ra tervezett gar\u00e1zs, n\u00f6velni kell a t\u00e1maszt\u00f3 elemek sz\u00e1m\u00e1t.\u00a0<\/li>\n\n\n\n<li>Az ac\u00e9l szerkezet talajba \u00e1sott vagy talajra helyezett t\u00e1maszt\u00f3 elemekre (pl. t\u00e9gla, j\u00e1r\u00f3lap stb.) t\u00f6rt\u00e9n\u0151 r\u00f6gz\u00edt\u00e9se eset\u00e9n nem lehet egy darabb\u00f3l \u00e1ll\u00f3 f\u00e9m r\u00f6gz\u00edt\u0151kkel r\u00f6gz\u00edteni, hanem talajra val\u00f3 r\u00f6gz\u00edt\u0151 csavarokat kell haszn\u00e1lni.\u00a0<\/li>\n\n\n\n<li>Beton alap\u00fa fel\u00fcleten (\u00f6ntv\u00e9ny, lapok stb.) t\u00f6rt\u00e9n\u0151 r\u00f6gz\u00edt\u00e9s eset\u00e9n f\u00e9m, egy darabb\u00f3l \u00e1ll\u00f3 80 x 12 mm-es vagy 100 x 12 mm-es r\u00f6gz\u00edt\u0151ket kell alkalmazni. Nem szabad m\u0171anyagb\u00f3l k\u00e9sz\u00fclt r\u00f6gz\u00edt\u0151ket haszn\u00e1lni.\u00a0<\/li>\n\n\n\n<li>A beton alap (padl\u00f3, \u00f6ntv\u00e9ny, lap) vastags\u00e1ga legal\u00e1bb 150 mm kell, hogy legyen. A beton alap (fal) vastags\u00e1ga legal\u00e1bb 150 mm, sz\u00e9less\u00e9ge pedig legal\u00e1bb 100 mm kell, hogy legyen. A beton alapnak vagy falnak a m\u00e9rete k\u00f6r\u00fclbel\u00fcl 200 mm-rel nagyobbnak kell lennie az ac\u00e9l szerkezet m\u00e9ret\u00e9n\u00e9l. A r\u00f6gz\u00edt\u0151k sz\u00e1m\u00e1t a 6. pont szab\u00e1lyai szerint kell alkalmazni.\u00a0<\/li>\n\n\n\n<li>A r\u00f6gz\u00edt\u00e9s az ac\u00e9l falvas r\u00f6gz\u00edt\u00e9se \u00e9rdek\u00e9ben 12 mm-es \u00e1tm\u00e9r\u0151j\u0171 f\u00far\u00f3val t\u00f6rt\u00e9nik. A f\u00far\u00e1st \u00e9rdemes kisebb \u00e1tm\u00e9r\u0151j\u0171 lyukkal kezdeni, majd nagyobb f\u00far\u00f3val b\u0151v\u00edteni. Ezut\u00e1n egy 12 mm \u00e1tm\u00e9r\u0151j\u0171 betonf\u00far\u00f3val f\u00farunk lyukat a beton fel\u00fclet\u00e9n, amelynek m\u00e9lys\u00e9ge megegyezik a r\u00f6gz\u00edt\u0151 elem hossz\u00e1val.\u00a0<\/li>\n\n\n\n<li>A r\u00f6gz\u00edt\u0151 elemet a lyukba helyezz\u00fck, \u00e9s a csavart teljesen megh\u00fazzuk.\u00a0<\/li>\n\n\n\n<li>Az ac\u00e9l szerkezet r\u00f6gz\u00edt\u00e9se ut\u00e1n a bej\u00e1rati k\u00fcsz\u00f6b\u00f6t betonozni kell. Az nem betonozott k\u00fcsz\u00f6b\u00f6n t\u00f6rt\u00e9n\u0151 \u00e1thajt\u00e1s s\u00e9r\u00fcl\u00e9shez vagy deform\u00e1ci\u00f3hoz vezethet.\u00a0<\/li>\n\n\n\n<li>Az ac\u00e9l szerkezet talajra vagy t\u00e1maszt\u00f3 elemekre t\u00f6rt\u00e9n\u0151 r\u00f6gz\u00edt\u00e9se ut\u00e1n biztos\u00edtani kell a k\u00fcsz\u00f6b ment\u00e9n \u00e9s k\u00f6zvetlen\u00fcl alatta egy kb. 20 cm m\u00e9ly \u00e9s 40 cm sz\u00e9les \u00e1rok \u00e1s\u00e1s\u00e1t, amelyet betonhoz kell \u00f6nteni. Beton alap\u00fa szerkezet eset\u00e9n az \u00e1rok m\u00e9lys\u00e9ge kb. 10 cm.\u00a0<\/li>\n<\/ol>\n<\/div><\/div>\n\n\n<style>.kadence-column1940_c50cbf-4c > .kt-inside-inner-col,.kadence-column1940_c50cbf-4c > .kt-inside-inner-col:before{border-top-left-radius:0px;border-top-right-radius:0px;border-bottom-right-radius:0px;border-bottom-left-radius:0px;}.kadence-column1940_c50cbf-4c > .kt-inside-inner-col{column-gap:var(--global-kb-gap-sm, 1rem);}.kadence-column1940_c50cbf-4c > .kt-inside-inner-col{flex-direction:column;}.kadence-column1940_c50cbf-4c > .kt-inside-inner-col > .aligncenter{width:100%;}.kadence-column1940_c50cbf-4c > .kt-inside-inner-col:before{opacity:0.3;}.kadence-column1940_c50cbf-4c{position:relative;}@media all and (max-width: 1024px){.kadence-column1940_c50cbf-4c > .kt-inside-inner-col{flex-direction:column;justify-content:center;}}@media all and (max-width: 767px){.kadence-column1940_c50cbf-4c > .kt-inside-inner-col{flex-direction:column;justify-content:center;}}<\/style>\n<div class=\"wp-block-kadence-column kadence-column1940_c50cbf-4c\"><div class=\"kt-inside-inner-col\"><style>.wp-block-kadence-advancedheading.kt-adv-heading1940_b8e0de-99, .wp-block-kadence-advancedheading.kt-adv-heading1940_b8e0de-99[data-kb-block=\"kb-adv-heading1940_b8e0de-99\"]{text-align:center;font-style:normal;}.wp-block-kadence-advancedheading.kt-adv-heading1940_b8e0de-99 mark.kt-highlight, .wp-block-kadence-advancedheading.kt-adv-heading1940_b8e0de-99[data-kb-block=\"kb-adv-heading1940_b8e0de-99\"] mark.kt-highlight{font-style:normal;color:#f76a0c;-webkit-box-decoration-break:clone;box-decoration-break:clone;padding-top:0px;padding-right:0px;padding-bottom:0px;padding-left:0px;}.wp-block-kadence-advancedheading.kt-adv-heading1940_b8e0de-99 img.kb-inline-image, .wp-block-kadence-advancedheading.kt-adv-heading1940_b8e0de-99[data-kb-block=\"kb-adv-heading1940_b8e0de-99\"] img.kb-inline-image{width:150px;vertical-align:baseline;}<\/style>\n<h2 class=\"kt-adv-heading1940_b8e0de-99 wp-block-kadence-advancedheading has-theme-palette-1-color has-text-color\" data-kb-block=\"kb-adv-heading1940_b8e0de-99\"><strong>II. <strong>\u00c1ltal\u00e1nos inform\u00e1ci\u00f3k<\/strong><\/strong><\/h2>\n\n\n\n<ol class=\"wp-block-list\">\n<li>Az ac\u00e9l szerkezet elemeit alapoz\u00f3 fest\u00e9kkel kell kezelni, \u00e9s fel\u00fcletv\u00e9d\u0151 fest\u00e9kkel kell lefedni.\u00a0<\/li>\n\n\n\n<li>Az ac\u00e9l szerkezet elemei horganyzott profilokb\u00f3l k\u00e9sz\u00fclnek, amelyeket saj\u00e1t k\u00f6lts\u00e9g\u00e9n fel\u00fcletv\u00e9d\u0151 fest\u00e9kkel kell kezelni, k\u00fcl\u00f6n\u00f6sen a hegeszt\u00e9si \u00e9s csavaroz\u00e1si helyeket kell v\u00e9deni. A fest\u00e9s megv\u00e9di a fel\u00fcleteket a korr\u00f3zi\u00f3t\u00f3l.\u00a0<\/li>\n\n\n\n<li>A zsan\u00e9rokat festeni kell, \u00e9s negyed\u00e9vente g\u00e9pzs\u00edrral kenni.\u00a0<\/li>\n\n\n\n<li>Az ac\u00e9l szerkezet rendszeres tiszt\u00edt\u00e1s\u00e1hoz meleg vizet \u00e9s enyhe tiszt\u00edt\u00f3szert kell haszn\u00e1lni. Az odatapadt szennyez\u0151d\u00e9seket meleg v\u00edzben \u00e9s enyhe tiszt\u00edt\u00f3szerrel kell \u00e1ztatni, majd \u00f3vatosan t\u00f6r\u00f6lni kell pamut vagy cellul\u00f3z t\u00f6rl\u0151vel. Az ac\u00e9l szerkezet tiszt\u00edt\u00e1s\u00e1hoz nem szabad s\u00farol\u00f3szereket, durva tiszt\u00edt\u00f3szereket, s\u00farol\u00f3szivacsokat vagy old\u00f3szereket (pl. acetont, nitro-t stb.) haszn\u00e1lni, mert ezek k\u00e1ros\u00edthatj\u00e1k a gar\u00e1zs fel\u00fclet\u00e9t.\u00a0<\/li>\n\n\n\n<li>T\u00e9len el kell t\u00e1vol\u00edtani a h\u00f3felesleget a tet\u0151r\u0151l. \u00dcgyelni kell arra, hogy a h\u00f3 elt\u00e1vol\u00edt\u00e1s\u00e1hoz haszn\u00e1lt eszk\u00f6z ne s\u00e9rtse meg a tet\u0151 fel\u00fclet\u00e9t.\u00a0<\/li>\n\n\n\n<li>A h\u00f3 elt\u00e1vol\u00edt\u00e1sakor olyan munkam\u00f3dszereket, felszerel\u00e9seket \u00e9s eszk\u00f6z\u00f6ket kell haszn\u00e1lni, amelyek megv\u00e9dik az esetleges balesetekt\u0151l \u00e9s biztos\u00edtj\u00e1k a biztons\u00e1gos munkav\u00e9gz\u00e9st.\u00a0<\/li>\n\n\n\n<li>Akryl lemezb\u0151l k\u00e9sz\u00fclt term\u00e9k eset\u00e9n a v\u00e1s\u00e1rl\u00f3nak saj\u00e1t k\u00f6lts\u00e9g\u00e9n kell azonnal elt\u00e1vol\u00edtani a v\u00e9d\u0151f\u00f3li\u00e1t.<\/li>\n<\/ol>\n<\/div><\/div>\n\n\n<style>.kadence-column1940_735389-c1 > .kt-inside-inner-col,.kadence-column1940_735389-c1 > .kt-inside-inner-col:before{border-top-left-radius:0px;border-top-right-radius:0px;border-bottom-right-radius:0px;border-bottom-left-radius:0px;}.kadence-column1940_735389-c1 > .kt-inside-inner-col{column-gap:var(--global-kb-gap-sm, 1rem);}.kadence-column1940_735389-c1 > .kt-inside-inner-col{flex-direction:column;}.kadence-column1940_735389-c1 > .kt-inside-inner-col > .aligncenter{width:100%;}.kadence-column1940_735389-c1 > .kt-inside-inner-col:before{opacity:0.3;}.kadence-column1940_735389-c1{position:relative;}@media all and (max-width: 1024px){.kadence-column1940_735389-c1 > .kt-inside-inner-col{flex-direction:column;justify-content:center;}}@media all and (max-width: 767px){.kadence-column1940_735389-c1 > .kt-inside-inner-col{flex-direction:column;justify-content:center;}}<\/style>\n<div class=\"wp-block-kadence-column kadence-column1940_735389-c1\"><div class=\"kt-inside-inner-col\"><style>.wp-block-kadence-advancedheading.kt-adv-heading1940_1a48ec-e1, .wp-block-kadence-advancedheading.kt-adv-heading1940_1a48ec-e1[data-kb-block=\"kb-adv-heading1940_1a48ec-e1\"]{text-align:center;font-style:normal;}.wp-block-kadence-advancedheading.kt-adv-heading1940_1a48ec-e1 mark.kt-highlight, .wp-block-kadence-advancedheading.kt-adv-heading1940_1a48ec-e1[data-kb-block=\"kb-adv-heading1940_1a48ec-e1\"] mark.kt-highlight{font-style:normal;color:#f76a0c;-webkit-box-decoration-break:clone;box-decoration-break:clone;padding-top:0px;padding-right:0px;padding-bottom:0px;padding-left:0px;}.wp-block-kadence-advancedheading.kt-adv-heading1940_1a48ec-e1 img.kb-inline-image, .wp-block-kadence-advancedheading.kt-adv-heading1940_1a48ec-e1[data-kb-block=\"kb-adv-heading1940_1a48ec-e1\"] img.kb-inline-image{width:150px;vertical-align:baseline;}<\/style>\n<h2 class=\"kt-adv-heading1940_1a48ec-e1 wp-block-kadence-advancedheading has-theme-palette-1-color has-text-color\" data-kb-block=\"kb-adv-heading1940_1a48ec-e1\"><strong>III. <strong><strong>Garancia felt\u00e9telei\u00a0<\/strong><\/strong><\/strong><\/h2>\n\n\n\n<ol start=\"1\" class=\"wp-block-list\">\n<li>A gy\u00e1rt\u00f3 egy \u00e9v garanci\u00e1t v\u00e1llal az ac\u00e9l szerkezetre. A garancia az ac\u00e9l szerkezetre vonatkozik.\u00a0<\/li>\n\n\n\n<li>A mechanikai s\u00e9r\u00fcl\u00e9sek (d\u00faz\u00f3d\u00e1sok, karcol\u00e1sok stb.) nem tartoznak a garancia hat\u00e1lya al\u00e1. A garancia nem vonatkozik azokra a feladatokra, amelyeket a v\u00e1s\u00e1rl\u00f3 saj\u00e1t maga k\u00f6teles elv\u00e9gezni, bele\u00e9rtve a r\u00f6gz\u00edt\u00e9st, a k\u00fcsz\u00f6b v\u00e9delm\u00e9t \u00e9s a szerkezet fest\u00e9s\u00e9t.\u00a0<\/li>\n\n\n\n<li>A garanci\u00e1lis reklam\u00e1ci\u00f3t a hib\u00e1k pontos le\u00edr\u00e1s\u00e1val \u00e9s a v\u00e1s\u00e1rl\u00e1si bizonylat m\u00e1solat\u00e1val kell e-mailben beny\u00fajtani.\u00a0<\/li>\n\n\n\n<li>A garancia keret\u00e9ben a v\u00e1s\u00e1rl\u00f3 joga van a hib\u00e1s ac\u00e9l szerkezet jav\u00edt\u00e1s\u00e1ra, cser\u00e9j\u00e9re, ha a hiba nem elt\u00e1vol\u00edthat\u00f3, vagy az ac\u00e9l szerkezet haszn\u00e1lati \u00e9rt\u00e9k\u00e9nek cs\u00f6kken\u00e9s\u00e9vel ar\u00e1nyos \u00e1rengedm\u00e9nyre.\u00a0<\/li>\n\n\n\n<li>A garancia mag\u00e1ban foglalja a hib\u00e1s ac\u00e9l szerkezet ingyenes jav\u00edt\u00e1s\u00e1t, azaz olyan hib\u00e1k elt\u00e1vol\u00edt\u00e1s\u00e1t, amelyek akad\u00e1lyozz\u00e1k a haszn\u00e1lati funkci\u00f3k ell\u00e1t\u00e1s\u00e1t az \u00fczemeltet\u00e9si utas\u00edt\u00e1sok szerint.\u00a0<\/li>\n\n\n\n<li>A sz\u00e1ll\u00edt\u00f3 fenntartja a jogot a reklam\u00e1lt term\u00e9k szemrev\u00e9telez\u00e9s\u00e9re a reklam\u00e1ci\u00f3 megalapozotts\u00e1g\u00e1nak \u00e9rt\u00e9kel\u00e9se c\u00e9lj\u00e1b\u00f3l. A v\u00e1s\u00e1rl\u00f3 k\u00f6teles az el\u0151re egyeztetett id\u0151pontban \u00e9s meghat\u00e1rozott ideig biztos\u00edtani a hozz\u00e1f\u00e9r\u00e9st a reklam\u00e1lt ac\u00e9l szerkezethez a szemrev\u00e9telez\u00e9s, szak\u00e9rt\u0151i vizsg\u00e1lat \u00e9s hib\u00e1k elt\u00e1vol\u00edt\u00e1sa \u00e9rdek\u00e9ben.\u00a0<\/li>\n\n\n\n<li>Akryl lemezb\u0151l k\u00e9sz\u00fclt term\u00e9k eset\u00e9n a v\u00e1s\u00e1rl\u00f3 k\u00f6teles saj\u00e1t k\u00f6lts\u00e9g\u00e9n elt\u00e1vol\u00edtani a hib\u00e1t, a d\u00f6nt\u00e9st a szerkezet elad\u00f3ja hozza.\u00a0<\/li>\n\n\n\n<li>Az elad\u00f3 v\u00e1llalja, hogy a jogos reklam\u00e1ci\u00f3s okokat 21 munkanapon bel\u00fcl megsz\u00fcnteti. Ha a jav\u00edt\u00e1shoz gy\u00e1rt\u00f3t\u00f3l beszerzend\u0151 alkatr\u00e9szek sz\u00fcks\u00e9gesek, a reklam\u00e1ci\u00f3 kezel\u00e9si ideje 30 napra n\u0151.\u00a0<\/li>\n<\/ol>\n<\/div><\/div>\n\n<\/div><\/div><\/div><\/div>\n\n<\/div><\/div>","protected":false},"excerpt":{"rendered":"<p>Garancia felt\u00e9telei \/ V\u00e1s\u00e1rl\u00f3i k\u00f6telezetts\u00e9gek\u00a0 I. Ac\u00e9l szerkezet (gar\u00e1zs) r\u00f6gz\u00edt\u00e9se\u00a0 II. \u00c1ltal\u00e1nos inform\u00e1ci\u00f3k III. Garancia felt\u00e9telei\u00a0<\/p>\n","protected":false},"author":1,"featured_media":0,"parent":0,"menu_order":0,"comment_status":"closed","ping_status":"closed","template":"","meta":{"_kad_blocks_custom_css":"","_kad_blocks_head_custom_js":"","_kad_blocks_body_custom_js":"","_kad_blocks_footer_custom_js":"","_kad_post_transparent":"","_kad_post_title":"","_kad_post_layout":"","_kad_post_sidebar_id":"","_kad_post_content_style":"","_kad_post_vertical_padding":"","_kad_post_feature":"","_kad_post_feature_position":"","_kad_post_header":false,"_kad_post_footer":false,"_kad_post_classname":"","footnotes":""},"class_list":["post-1940","page","type-page","status-publish","hentry"],"acf":[],"taxonomy_info":[],"featured_image_src_large":false,"author_info":{"display_name":"gootek","author_link":"https:\/\/robstal.pl\/hu\/author\/gootek\/"},"comment_info":0,"_links":{"self":[{"href":"https:\/\/robstal.pl\/hu\/wp-json\/wp\/v2\/pages\/1940","targetHints":{"allow":["GET"]}}],"collection":[{"href":"https:\/\/robstal.pl\/hu\/wp-json\/wp\/v2\/pages"}],"about":[{"href":"https:\/\/robstal.pl\/hu\/wp-json\/wp\/v2\/types\/page"}],"author":[{"embeddable":true,"href":"https:\/\/robstal.pl\/hu\/wp-json\/wp\/v2\/users\/1"}],"replies":[{"embeddable":true,"href":"https:\/\/robstal.pl\/hu\/wp-json\/wp\/v2\/comments?post=1940"}],"version-history":[{"count":1,"href":"https:\/\/robstal.pl\/hu\/wp-json\/wp\/v2\/pages\/1940\/revisions"}],"predecessor-version":[{"id":4394,"href":"https:\/\/robstal.pl\/hu\/wp-json\/wp\/v2\/pages\/1940\/revisions\/4394"}],"wp:attachment":[{"href":"https:\/\/robstal.pl\/hu\/wp-json\/wp\/v2\/media?parent=1940"}],"curies":[{"name":"wp","href":"https:\/\/api.w.org\/{rel}","templated":true}]}}