{"id":1948,"date":"2024-07-24T08:04:12","date_gmt":"2024-07-24T06:04:12","guid":{"rendered":"https:\/\/robstal.pl\/regulamin\/"},"modified":"2024-09-23T11:25:37","modified_gmt":"2024-09-23T09:25:37","slug":"szabalyzat","status":"publish","type":"page","link":"https:\/\/robstal.pl\/hu\/szabalyzat\/","title":{"rendered":"Szab\u00e1lyzat"},"content":{"rendered":"<style>.kb-row-layout-id1948_568f7f-46 > .kt-row-column-wrap{align-content:start;}:where(.kb-row-layout-id1948_568f7f-46 > .kt-row-column-wrap) > .wp-block-kadence-column{justify-content:start;}.kb-row-layout-id1948_568f7f-46 > .kt-row-column-wrap{column-gap:var(--global-kb-gap-md, 2rem);row-gap:var(--global-kb-gap-md, 2rem);max-width:var( --global-content-width, 1290px );padding-left:var(--global-content-edge-padding);padding-right:var(--global-content-edge-padding);padding-top:var(--global-kb-spacing-sm, 1.5rem);padding-bottom:var(--global-kb-spacing-sm, 1.5rem);grid-template-columns:minmax(0, 1fr);}.kb-row-layout-id1948_568f7f-46 > .kt-row-layout-overlay{opacity:0.30;}@media all and (max-width: 1024px){.kb-row-layout-id1948_568f7f-46 > .kt-row-column-wrap{grid-template-columns:minmax(0, 1fr);}}@media all and (max-width: 767px){.kb-row-layout-id1948_568f7f-46 > .kt-row-column-wrap{grid-template-columns:minmax(0, 1fr);}}<\/style><div class=\"kb-row-layout-wrap kb-row-layout-id1948_568f7f-46 alignfull wp-block-kadence-rowlayout\"><div class=\"kt-row-column-wrap kt-has-1-columns kt-row-layout-equal kt-tab-layout-inherit kt-mobile-layout-row kt-row-valign-top kb-theme-content-width\">\n<style>.kadence-column1948_e5e8fd-af > .kt-inside-inner-col,.kadence-column1948_e5e8fd-af > .kt-inside-inner-col:before{border-top-left-radius:0px;border-top-right-radius:0px;border-bottom-right-radius:0px;border-bottom-left-radius:0px;}.kadence-column1948_e5e8fd-af > .kt-inside-inner-col{column-gap:var(--global-kb-gap-sm, 1rem);}.kadence-column1948_e5e8fd-af > .kt-inside-inner-col{flex-direction:column;}.kadence-column1948_e5e8fd-af > .kt-inside-inner-col > .aligncenter{width:100%;}.kadence-column1948_e5e8fd-af > .kt-inside-inner-col:before{opacity:0.3;}.kadence-column1948_e5e8fd-af{position:relative;}@media all and (max-width: 1024px){.kadence-column1948_e5e8fd-af > .kt-inside-inner-col{flex-direction:column;justify-content:center;}}@media all and (max-width: 767px){.kadence-column1948_e5e8fd-af > .kt-inside-inner-col{flex-direction:column;justify-content:center;}}<\/style>\n<div class=\"wp-block-kadence-column kadence-column1948_e5e8fd-af\"><div class=\"kt-inside-inner-col\">\n<h1 class=\"wp-block-heading has-text-align-center\"><strong>Web\u00e1ruh\u00e1z Szab\u00e1lyzat \u2013 Robstal.pl<\/strong><\/h1>\n\n\n\n<p>A Robstal.pl web\u00e1ruh\u00e1zat a k\u00f6vetkez\u0151 \u00fczemelteti: Robert Kurnik FPHU, sz\u00e9khelye: 34-620 Krasne-Lasocice 110, ad\u00f3sz\u00e1m: 737-177-76-20, aki az elad\u00f3, tov\u00e1bbiakban Bolt, Web\u00e1ruh\u00e1z vagy Robstal.\u00a0<\/p>\n\n\n\n<p class=\"has-text-align-center\"><strong>\u00a7 1<\/strong>\u00a0<\/p>\n\n\n\n<ol class=\"wp-block-list\">\n<li>A web\u00e1ruh\u00e1z el\u00e9rhet\u0151 a <a href=\"http:\/\/www.robstal.pl\/\" target=\"_blank\" rel=\"noreferrer noopener\">www.robstal.pl<\/a> c\u00edmen.\u00a0<\/li>\n\n\n\n<li>A v\u00e1s\u00e1rl\u00f3k a boltban t\u00f6rt\u00e9n\u0151 v\u00e1s\u00e1rl\u00e1s sor\u00e1n elfogadj\u00e1k a Bolt Szab\u00e1lyzat\u00e1t.\u00a0<\/li>\n\n\n\n<li>V\u00e1s\u00e1rl\u00f3 az, aki v\u00e1s\u00e1rl\u00e1st v\u00e9gez a Bolt \u00e1ltal. V\u00e1s\u00e1rl\u00f3 csak nagykor\u00fa \u00e9s teljes cselekv\u0151k\u00e9pes szem\u00e9ly lehet.\u00a0<\/li>\n\n\n\n<li>Jelen Szab\u00e1lyzat nem s\u00e9rti a fogyaszt\u00f3i jogok v\u00e9delm\u00e9r\u0151l sz\u00f3l\u00f3 jogszab\u00e1lyokat, \u00edgy a Polg\u00e1ri T\u00f6rv\u00e9nyk\u00f6nyvet sem. Ha valamely rendelkez\u00e9s ellentmond\u00e1sos, azt \u00e9rv\u00e9nytelennek tekintj\u00fck.\u00a0<\/li>\n\n\n\n<li>Jelen Szab\u00e1lyzat vonatkozik mind a fogyaszt\u00f3kra, mind a v\u00e1llalkoz\u00f3kra.\u00a0<\/li>\n\n\n\n<li>A Boltban felt\u00fcntetett \u00e1rak brutt\u00f3 \u00e1rak, magyar forintban vannak megadva \u00e9s tartalmazz\u00e1k az \u00e1f\u00e1t.\u00a0<\/li>\n<\/ol>\n\n\n\n<p class=\"has-text-align-center\"><strong>\u00a7&nbsp;2<\/strong><\/p>\n\n\n\n<ol class=\"wp-block-list\">\n<li>Az Elad\u00f3 a web\u00e1ruh\u00e1zon kereszt\u00fcl term\u00e9keket \u00e9rt\u00e9kes\u00edt.\u00a0<\/li>\n\n\n\n<li>Az \u00e9rt\u00e9kes\u00edtett term\u00e9kek le\u00edr\u00e1sa \u00e9s \u00e1ra megtal\u00e1lhat\u00f3 a Bolt oldal\u00e1n.\u00a0<\/li>\n\n\n\n<li>Az \u00e1rak egyetlen term\u00e9kre vonatkoznak \u00e9s nem tartalmazz\u00e1k a sz\u00e1ll\u00edt\u00e1si k\u00f6lts\u00e9get.\u00a0<\/li>\n<\/ol>\n\n\n\n<p class=\"has-text-align-center\"><strong>\u00a7&nbsp;3<\/strong><\/p>\n\n\n\n<ol class=\"wp-block-list\">\n<li>A rendel\u00e9seket a nap 24 \u00f3r\u00e1j\u00e1ban lehet leadni a robstal.pl weboldalon, e-mailben a garazerobstal@interia.pl c\u00edmen, vagy telefonon munkaid\u0151ben 8 &#8211; 16 \u00f3r\u00e1ig (a robstal.pl oldalon megadott sz\u00e1mokon).\u00a0<\/li>\n\n\n\n<li>Az oldalunkon bemutatott aj\u00e1nlat kereskedelmi aj\u00e1nlat.\u00a0<\/li>\n\n\n\n<li>A V\u00e1s\u00e1rl\u00f3 rendel\u00e9s\u00e9t a Bolt visszaigazolja e-mailben az \u00e1ltal megadott c\u00edmre, vagy telefonon. Ha a Bolt nem er\u0151s\u00edti meg a rendel\u00e9s teljes\u00edt\u00e9s\u00e9t, a V\u00e1s\u00e1rl\u00f3 \u00e9s a Robstal.pl k\u00f6z\u00f6tti szerz\u0151d\u00e9s nem j\u00f6n l\u00e9tre, \u00e9s minden kifizetett \u00f6sszeget visszat\u00e9r\u00edt\u00fcnk a V\u00e1s\u00e1rl\u00f3nak.\u00a0<\/li>\n\n\n\n<li>A rendel\u00e9s teljes\u00edt\u00e9s\u00e9nek alapvet\u0151 felt\u00e9tele az \u00f6sszes sz\u00fcks\u00e9ges mez\u0151 kit\u00f6lt\u00e9se a robstal.pl weboldalon tal\u00e1lhat\u00f3 \u0171rlapon. A Bolt fenntartja a jogot, hogy megtagadja a rendel\u00e9s teljes\u00edt\u00e9s\u00e9t, ha az \u0171rlap hib\u00e1san van kit\u00f6ltve.\u00a0<\/li>\n\n\n\n<li>A Bolt fenntartja a jogot az \u00e1rak m\u00f3dos\u00edt\u00e1s\u00e1ra, az aj\u00e1nlatok v\u00e1ltoztat\u00e1s\u00e1ra, term\u00e9kek hozz\u00e1ad\u00e1s\u00e1ra vagy elt\u00e1vol\u00edt\u00e1s\u00e1ra, valamint a prom\u00f3ci\u00f3k \u00e9s ki\u00e1rus\u00edt\u00e1sok felt\u00e9teleinek megv\u00e1ltoztat\u00e1s\u00e1ra. Az el\u0151z\u0151 mondatban eml\u00edtett jog nem \u00e9rinti az \u00e1rak v\u00e1ltoz\u00e1sa el\u0151tt leadott rendel\u00e9seket.\u00a0<\/li>\n<\/ol>\n\n\n\n<p class=\"has-text-align-center\"><strong>\u00a7 4<\/strong><\/p>\n\n\n\n<ol class=\"wp-block-list\">\n<li>A fizet\u00e9s t\u00f6rt\u00e9nhet: online, banki \u00e1tutal\u00e1ssal, vagy k\u00e9szp\u00e9nzes ut\u00e1nv\u00e9ttel.\u00a0<\/li>\n\n\n\n<li>A Bolt fenntartja a jogot, hogy sz\u00fcks\u00e9g eset\u00e9n telefonon tov\u00e1bbi meger\u0151s\u00edt\u00e9st k\u00e9rjen a rendel\u00e9sr\u0151l.\u00a0<\/li>\n\n\n\n<li>A nem teljes\u00edtett rendel\u00e9sek 7 napon bel\u00fcl t\u00f6rl\u00e9sre ker\u00fclnek a Bolt \u00e1ltal t\u00f6rt\u00e9n\u0151 meger\u0151s\u00edt\u00e9s ut\u00e1n.\u00a0<\/li>\n\n\n\n<li>A rendel\u00e9s teljes\u00edt\u00e9si ideje legfeljebb 14 munkanap, \u00e9s a befizet\u00e9s nyilv\u00e1ntart\u00e1sba v\u00e9tele ut\u00e1n kezd\u0151dik. Ha ut\u00e1nv\u00e9ttel t\u00f6rt\u00e9nik a fizet\u00e9s, a V\u00e1s\u00e1rl\u00f3 30%-os el\u0151leget fizet a rendel\u00e9s \u00e9rt\u00e9k\u00e9b\u0151l, \u00e9s a 14 napos hat\u00e1rid\u0151 az el\u0151leg be\u00e9rkez\u00e9se ut\u00e1n kezd\u0151dik.\u00a0<\/li>\n\n\n\n<li>A megrendelt term\u00e9k \u00e1ra \u00e9s a sz\u00e1ll\u00edt\u00e1si k\u00f6lts\u00e9g a rendel\u00e9si kos\u00e1rban van felt\u00fcntetve, \u00e9s az a V\u00e1s\u00e1rl\u00f3 teljes k\u00f6lts\u00e9ge.\u00a0<\/li>\n\n\n\n<li>A Bolt fenntartja a jogot, hogy megtagadja az ut\u00e1nv\u00e9tes sz\u00e1ll\u00edt\u00e1st fontos okok miatt, p\u00e9ld\u00e1ul kor\u00e1bbi rendel\u00e9sekn\u00e9l t\u00f6rt\u00e9n\u0151 nem teljes\u00edt\u00e9s eset\u00e9n.\u00a0<\/li>\n\n\n\n<li>A Bolt kiz\u00e1r\u00f3lag Lengyelorsz\u00e1g ter\u00fclet\u00e9n v\u00e9gzi a sz\u00e1ll\u00edt\u00e1st.\u00a0<\/li>\n\n\n\n<li>A telep\u00edt\u00e9si szolg\u00e1ltat\u00e1s nem tartalmazza az alap el\u0151k\u00e9sz\u00edt\u00e9s\u00e9t, annak szintez\u00e9s\u00e9t, meger\u0151s\u00edt\u00e9s\u00e9t, vagy a gar\u00e1zs alaphoz r\u00f6gz\u00edt\u00e9s\u00e9t, ez a V\u00e1s\u00e1rl\u00f3 feladata.\u00a0<\/li>\n<\/ol>\n\n\n\n<p class=\"has-text-align-center\"><strong>\u00a7 5<\/strong><\/p>\n\n\n\n<ol class=\"wp-block-list\">\n<li> A fogyaszt\u00f3nak joga van el\u00e1llni a szerz\u0151d\u00e9st\u0151l a fogyaszt\u00f3i jogokr\u00f3l sz\u00f3l\u00f3 t\u00f6rv\u00e9nyben meghat\u00e1rozott felt\u00e9telek mellett.\u00a0<\/li>\n\n\n\n<li>A V\u00e1s\u00e1rl\u00f3, aki el k\u00edv\u00e1n \u00e1llni a szerz\u0151d\u00e9st\u0151l, \u00e9rtes\u00edtenie kell a Robstal.pl-t az el\u00e1ll\u00e1si sz\u00e1nd\u00e9k\u00e1r\u00f3l \u00edr\u00e1sban, postai \u00faton vagy e-mailben a garazerobstal@interia.pl c\u00edmen.\u00a0<\/li>\n\n\n\n<li>A visszak\u00fcld\u00f6tt term\u00e9k nem lehet s\u00e9r\u00fclt, elhaszn\u00e1l\u00f3dott, \u00e9s vissza kell k\u00fcldeni az eredeti \u00e1llapot\u00e1ban, amelyben a V\u00e1s\u00e1rl\u00f3hoz eljutott.\u00a0<\/li>\n\n\n\n<li>Nem visszak\u00fcldhet\u0151:\u00a0\n<ul class=\"wp-block-list\">\n<li>Egyedi megrendel\u00e9s alapj\u00e1n k\u00e9sz\u00fclt, az V\u00e1s\u00e1rl\u00f3 \u00e1ltal megadott specifik\u00e1ci\u00f3 szerint gy\u00e1rtott term\u00e9k,\u00a0<\/li>\n\n\n\n<li>Haszn\u00e1lt, s\u00e9r\u00fclt vagy szerel\u00e9si nyomokat mutat\u00f3 term\u00e9k.\u00a0<\/li>\n<\/ul>\n<\/li>\n\n\n\n<li>A Bolt fenntartja, hogy csak a standard m\u00e9ret\u0171 term\u00e9kekre vonatkoz\u00f3 aj\u00e1nlatokra vonatkozik a szabv\u00e1nyos m\u00e9ret (pl. hossz: 5,00 m (4,98), sz\u00e9less\u00e9g: 3,00 m (2,98), teljes magass\u00e1g: 2,13 m \u2013 1,90 m, bej\u00e1rati magass\u00e1g: 2,00 m a ny\u00edl\u00f3 kapu eset\u00e9n, bej\u00e1rati vil\u00e1g\u00edt\u00e1si magass\u00e1g a billen\u0151 kapu eset\u00e9n: 1,94 m, tet\u0151: h\u00e1ts\u00f3 ferde, kapu: k\u00e9tsz\u00e1rny\u00fa vagy emel\u0151, t\u00e1bla: horganyzott I. oszt\u00e1ly), amelyek el\u0151re gy\u00e1rtottak, m\u00edg a t\u00f6bbi gar\u00e1zs \u00e9s term\u00e9k mindig a fogyaszt\u00f3 specifik\u00e1ci\u00f3ja szerint k\u00e9sz\u00fcl, \u00edgy nem el\u0151re gy\u00e1rtott \u00e9s nem \u00e1ll rendelkez\u00e9sre el\u00e1ll\u00e1si jog.\u00a0<\/li>\n<\/ol>\n\n\n\n<p class=\"has-text-align-center\"><strong>\u00a7 6<\/strong><\/p>\n\n\n\n<ol start=\"1\" class=\"wp-block-list\">\n<li>A Bolt felel\u0151s a fogyaszt\u00f3i v\u00e1s\u00e1rl\u00f3k fel\u00e9, ha az eladott term\u00e9k fizikai vagy jogi hib\u00e1val rendelkezik (garancia) a Polg\u00e1ri T\u00f6rv\u00e9nyk\u00f6nyv el\u0151\u00edr\u00e1sainak megfelel\u0151en.\u00a0<br>Ha a V\u00e1s\u00e1rl\u00f3 \u00e9szleli, hogy a megkapott term\u00e9k technikai hib\u00e1kat tartalmaz, joga van reklam\u00e1ci\u00f3t beny\u00fajtani. Ez nem vonatkozik a term\u00e9kle\u00edr\u00e1sban felt\u00fcntetett hib\u00e1kra.\u00a0<\/li>\n\n\n\n<li>A Bolt a reklam\u00e1ci\u00f3t 14 napon bel\u00fcl elb\u00edr\u00e1lja, \u00e9s t\u00e1j\u00e9koztatja a V\u00e1s\u00e1rl\u00f3t a megtett int\u00e9zked\u00e9sekr\u0151l.\u00a0<\/li>\n\n\n\n<li>A V\u00e1s\u00e1rl\u00f3 jogosult a term\u00e9k cser\u00e9j\u00e9re, az \u00e1r cs\u00f6kkent\u00e9s\u00e9re, valamint a Polg\u00e1ri T\u00f6rv\u00e9nyk\u00f6nyvben meghat\u00e1rozott felt\u00e9telek mellett el\u00e1llhat a v\u00e1s\u00e1rl\u00e1si szerz\u0151d\u00e9st\u0151l.\u00a0<\/li>\n\n\n\n<li>A reklam\u00e1ci\u00f3kat a <a href=\"http:\/\/www.robstal.pl\/\" target=\"_blank\" rel=\"noreferrer noopener\">www.robstal.pl<\/a> oldalon, e-mailben vagy postai \u00faton a c\u00e9g c\u00edm\u00e9re lehet beny\u00fajtani.\u00a0<\/li>\n\n\n\n<li>A reklam\u00e1ci\u00f3hoz sz\u00fcks\u00e9ges a v\u00e1s\u00e1rl\u00e1sr\u00f3l sz\u00f3l\u00f3 bizony\u00edt\u00e9k, k\u00fcl\u00f6n\u00f6sen sz\u00e1mla vagy nyugta form\u00e1j\u00e1ban.\u00a0<\/li>\n\n\n\n<li>A Bolt fenntartja a jogot, hogy a term\u00e9kek m\u00e9retei elt\u00e9rhetnek a weboldalon felt\u00fcntetett specifik\u00e1ci\u00f3kt\u00f3l, max. 5%-kal. Ez nem alapozza meg a reklam\u00e1ci\u00f3t.\u00a0<\/li>\n\n\n\n<li>A Bolt t\u00e1j\u00e9koztatja, hogy a nem fogyaszt\u00f3 v\u00e1s\u00e1rl\u00f3k eset\u00e9n a n\u00e1lunk v\u00e1s\u00e1rolt term\u00e9kek teljes m\u00e9rt\u00e9kben mentesek a garancia al\u00f3l a Polg\u00e1ri T\u00f6rv\u00e9nyk\u00f6nyv el\u0151\u00edr\u00e1sainak megfelel\u0151en.\u00a0<\/li>\n<\/ol>\n\n\n\n<p class=\"has-text-align-center\"><strong>\u00a7 7<\/strong><\/p>\n\n\n\n<ol class=\"wp-block-list\">\n<li>A V\u00e1s\u00e1rl\u00f3k \u00e1ltal a Robstal.pl web\u00e1ruh\u00e1zban megadott szem\u00e9lyes adatokat, k\u00fcl\u00f6n\u00f6sen a fi\u00f3k l\u00e9trehoz\u00e1sakor \u00e9s a rendel\u00e9s lead\u00e1sakor, Robert Kurnik, a Robert Kurnik FPHU, sz\u00e9khelye: Krasne-Lasocice 110, 34-620 postal\u00e1da, mint a V\u00e1s\u00e1rl\u00f3 szem\u00e9lyes adatainak kezel\u0151je dolgozza fel.\u00a0<\/li>\n\n\n\n<li>A szem\u00e9lyes adatok megad\u00e1sa teljesen \u00f6nk\u00e9ntes \u00e9s nem k\u00f6telez\u0151, de elengedhetetlen a web\u00e1ruh\u00e1zban t\u00f6rt\u00e9n\u0151 v\u00e1s\u00e1rl\u00e1shoz. A szem\u00e9lyes adatokat a Robstal az elektronikus szolg\u00e1ltat\u00e1sok ny\u00fajt\u00e1sa, a V\u00e1s\u00e1rl\u00f3val k\u00f6t\u00f6tt szerz\u0151d\u00e9sek teljes\u00edt\u00e9se, valamint a h\u00edrlev\u00e9l szolg\u00e1ltat\u00e1s ny\u00fajt\u00e1sa c\u00e9lj\u00e1b\u00f3l dolgozza fel, ha a V\u00e1s\u00e1rl\u00f3 feliratkozik arra.<\/li>\n\n\n\n<li>A V\u00e1s\u00e1rl\u00f3nak joga van hozz\u00e1f\u00e9rni a szem\u00e9lyes adataihoz, azok helyesb\u00edt\u00e9s\u00e9hez \u00e9s t\u00f6rl\u00e9s\u00e9hez. A szem\u00e9lyes adatok a V\u00e1s\u00e1rl\u00f3i fi\u00f3kra val\u00f3 bel\u00e9p\u00e9s ut\u00e1n m\u00f3dos\u00edthat\u00f3k vagy t\u00f6r\u00f6lhet\u0151k.\u00a0<\/li>\n\n\n\n<li>Minden, a szem\u00e9lyes adatok v\u00e9delm\u00e9r\u0151l sz\u00f3l\u00f3 rendelkez\u00e9s \u00e9s inform\u00e1ci\u00f3 az adatv\u00e9delmi szab\u00e1lyzatban tal\u00e1lhat\u00f3 a Robstal.pl weboldalon.\u00a0<\/li>\n<\/ol>\n\n\n\n<p class=\"has-text-align-center\"><strong>\u00a7 8<\/strong><\/p>\n\n\n\n<ol class=\"wp-block-list\">\n<li>A nem fogyaszt\u00f3i V\u00e1s\u00e1rl\u00f3k \u00e9s a Bolt k\u00f6z\u00f6tti esetleges vit\u00e1kat a Bolt sz\u00e9khelye szerinti helyi b\u00edr\u00f3s\u00e1g d\u00f6nt el.\u00a0<\/li>\n\n\n\n<li>A Bolt fenntartja a jogot a szab\u00e1lyzat m\u00f3dos\u00edt\u00e1s\u00e1ra fontos okokb\u00f3l, amely alatt \u00e9rtend\u0151 az online szerz\u0151d\u00e9sekk\u00f6t\u00e9si elj\u00e1r\u00e1sok m\u00f3dos\u00edt\u00e1sa, a Robstal.pl web\u00e1ruh\u00e1z m\u0171k\u00f6d\u00e9s\u00e9nek m\u00f3dos\u00edt\u00e1sa, a szab\u00e1lyzat tartalm\u00e1nak \u00e9s rendelkez\u00e9seinek jogszab\u00e1lyoknak, aj\u00e1nl\u00e1soknak, el\u0151\u00edr\u00e1soknak, hat\u00e1rozatoknak, \u00e9rtelmez\u00e9seknek, ir\u00e1nymutat\u00e1soknak vagy d\u00f6nt\u00e9seknek val\u00f3 megfeleltet\u00e9se, valamint a hib\u00e1k, el\u00edr\u00e1sok vagy ellentmond\u00e1sok kijav\u00edt\u00e1sa, a telekommunik\u00e1ci\u00f3s adatok, nevek, jogi forma, azonos\u00edt\u00f3sz\u00e1mok, elektronikus c\u00edmek m\u00f3dos\u00edt\u00e1sa.\u00a0<\/li>\n<\/ol>\n\n\n\n<p><strong>1. sz. Mell\u00e9klet<\/strong>\u00a0<br><a href=\"https:\/\/robstal.pl\/wp-content\/uploads\/2024\/07\/zalacznik_nr_1_wzor_odstapienia_od_umowy_robstal.pdf\" target=\"_blank\" rel=\"noreferrer noopener\">MINTA SZERZ\u0150D\u00c9ST\u0150L VAL\u00d3 EL\u00c1LL\u00c1S \u0170RLAP <\/a><\/p>\n<\/div><\/div>\n\n<\/div><\/div>","protected":false},"excerpt":{"rendered":"<p>Web\u00e1ruh\u00e1z Szab\u00e1lyzat \u2013 Robstal.pl A Robstal.pl web\u00e1ruh\u00e1zat a k\u00f6vetkez\u0151 \u00fczemelteti: Robert Kurnik FPHU, sz\u00e9khelye: 34-620 Krasne-Lasocice 110, ad\u00f3sz\u00e1m: 737-177-76-20, aki az elad\u00f3, tov\u00e1bbiakban Bolt, Web\u00e1ruh\u00e1z vagy Robstal.\u00a0 \u00a7 1\u00a0 \u00a7&nbsp;2 \u00a7&nbsp;3 \u00a7 4 \u00a7 5 \u00a7 6 \u00a7 7 \u00a7 8 1. sz. Mell\u00e9klet\u00a0MINTA SZERZ\u0150D\u00c9ST\u0150L VAL\u00d3 EL\u00c1LL\u00c1S \u0170RLAP<\/p>\n","protected":false},"author":1,"featured_media":0,"parent":0,"menu_order":0,"comment_status":"closed","ping_status":"closed","template":"","meta":{"_kad_blocks_custom_css":"","_kad_blocks_head_custom_js":"","_kad_blocks_body_custom_js":"","_kad_blocks_footer_custom_js":"","_kad_post_transparent":"","_kad_post_title":"","_kad_post_layout":"","_kad_post_sidebar_id":"","_kad_post_content_style":"","_kad_post_vertical_padding":"","_kad_post_feature":"","_kad_post_feature_position":"","_kad_post_header":false,"_kad_post_footer":false,"_kad_post_classname":"","footnotes":""},"class_list":["post-1948","page","type-page","status-publish","hentry"],"acf":[],"taxonomy_info":[],"featured_image_src_large":false,"author_info":{"display_name":"gootek","author_link":"https:\/\/robstal.pl\/hu\/author\/gootek\/"},"comment_info":0,"_links":{"self":[{"href":"https:\/\/robstal.pl\/hu\/wp-json\/wp\/v2\/pages\/1948","targetHints":{"allow":["GET"]}}],"collection":[{"href":"https:\/\/robstal.pl\/hu\/wp-json\/wp\/v2\/pages"}],"about":[{"href":"https:\/\/robstal.pl\/hu\/wp-json\/wp\/v2\/types\/page"}],"author":[{"embeddable":true,"href":"https:\/\/robstal.pl\/hu\/wp-json\/wp\/v2\/users\/1"}],"replies":[{"embeddable":true,"href":"https:\/\/robstal.pl\/hu\/wp-json\/wp\/v2\/comments?post=1948"}],"version-history":[{"count":4,"href":"https:\/\/robstal.pl\/hu\/wp-json\/wp\/v2\/pages\/1948\/revisions"}],"predecessor-version":[{"id":4461,"href":"https:\/\/robstal.pl\/hu\/wp-json\/wp\/v2\/pages\/1948\/revisions\/4461"}],"wp:attachment":[{"href":"https:\/\/robstal.pl\/hu\/wp-json\/wp\/v2\/media?parent=1948"}],"curies":[{"name":"wp","href":"https:\/\/api.w.org\/{rel}","templated":true}]}}