{"id":1960,"date":"2024-07-24T08:22:38","date_gmt":"2024-07-24T06:22:38","guid":{"rendered":"https:\/\/robstal.pl\/podloze-pod-kojec\/"},"modified":"2024-09-23T11:09:08","modified_gmt":"2024-09-23T09:09:08","slug":"alapozas-a-ketrec-alatt","status":"publish","type":"page","link":"https:\/\/robstal.pl\/hu\/alapozas-a-ketrec-alatt\/","title":{"rendered":"Alapoz\u00e1s a ketrec alatt"},"content":{"rendered":"<style>.kb-row-layout-id1960_ecf34c-e4 > .kt-row-column-wrap{align-content:center;}:where(.kb-row-layout-id1960_ecf34c-e4 > .kt-row-column-wrap) > .wp-block-kadence-column{justify-content:center;}.kb-row-layout-id1960_ecf34c-e4 > .kt-row-column-wrap{column-gap:var(--global-kb-gap-sm, 1rem);row-gap:var(--global-kb-gap-sm, 1rem);max-width:var( --global-content-width, 1290px );padding-left:var(--global-content-edge-padding);padding-right:var(--global-content-edge-padding);padding-top:var(--global-kb-spacing-lg, 3rem);grid-template-columns:minmax(0, calc(55% - ((var(--global-kb-gap-sm, 1rem) * 1 )\/2)))minmax(0, calc(45% - ((var(--global-kb-gap-sm, 1rem) * 1 )\/2)));}.kb-row-layout-id1960_ecf34c-e4{background-image:linear-gradient(7deg,rgb(238,238,238) 38%,var(--global-palette9) 38%);}.kb-row-layout-id1960_ecf34c-e4 > .kt-row-layout-overlay{opacity:0.30;}@media all and (max-width: 1024px){.kb-row-layout-id1960_ecf34c-e4 > .kt-row-column-wrap{grid-template-columns:minmax(0, 1fr);}}@media all and (max-width: 767px){.kb-row-layout-id1960_ecf34c-e4 > .kt-row-column-wrap{grid-template-columns:minmax(0, 1fr);}}<\/style><div class=\"kb-row-layout-wrap kb-row-layout-id1960_ecf34c-e4 alignfull kt-row-has-bg wp-block-kadence-rowlayout\"><div class=\"kt-row-column-wrap kt-has-2-columns kt-row-layout-equal kt-tab-layout-row kt-mobile-layout-row kt-row-valign-middle kb-theme-content-width\">\n<style>.kadence-column1960_693209-bf > .kt-inside-inner-col{padding-top:var(--global-kb-spacing-md, 2rem);padding-right:var(--global-kb-spacing-md, 2rem);padding-bottom:var(--global-kb-spacing-md, 2rem);padding-left:var(--global-kb-spacing-md, 2rem);}.kadence-column1960_693209-bf > .kt-inside-inner-col,.kadence-column1960_693209-bf > .kt-inside-inner-col:before{border-top-left-radius:0px;border-top-right-radius:0px;border-bottom-right-radius:0px;border-bottom-left-radius:0px;}.kadence-column1960_693209-bf > .kt-inside-inner-col{column-gap:var(--global-kb-gap-sm, 1rem);}.kadence-column1960_693209-bf > .kt-inside-inner-col{flex-direction:column;}.kadence-column1960_693209-bf > .kt-inside-inner-col > .aligncenter{width:100%;}.kadence-column1960_693209-bf > .kt-inside-inner-col{background-color:#fbfbfb;}.kadence-column1960_693209-bf > .kt-inside-inner-col:before{opacity:0.3;}.kadence-column1960_693209-bf{position:relative;}.kadence-column1960_693209-bf, .kt-inside-inner-col > .kadence-column1960_693209-bf:not(.specificity){margin-left:0px;}@media all and (max-width: 1024px){.kadence-column1960_693209-bf > .kt-inside-inner-col{padding-top:var(--global-kb-spacing-xs, 1rem);padding-right:var(--global-kb-spacing-xs, 1rem);padding-bottom:var(--global-kb-spacing-xs, 1rem);padding-left:var(--global-kb-spacing-xs, 1rem);flex-direction:column;justify-content:center;}}@media all and (max-width: 767px){.kadence-column1960_693209-bf > .kt-inside-inner-col{flex-direction:column;justify-content:center;}}<\/style>\n<div class=\"wp-block-kadence-column kadence-column1960_693209-bf\"><div class=\"kt-inside-inner-col\"><style>.wp-block-kadence-advancedheading.kt-adv-heading1960_522527-6a, .wp-block-kadence-advancedheading.kt-adv-heading1960_522527-6a[data-kb-block=\"kb-adv-heading1960_522527-6a\"]{font-style:normal;}.wp-block-kadence-advancedheading.kt-adv-heading1960_522527-6a mark.kt-highlight, .wp-block-kadence-advancedheading.kt-adv-heading1960_522527-6a[data-kb-block=\"kb-adv-heading1960_522527-6a\"] mark.kt-highlight{font-style:normal;color:var(--global-palette1, #3182CE);-webkit-box-decoration-break:clone;box-decoration-break:clone;padding-top:0px;padding-right:0px;padding-bottom:0px;padding-left:0px;}.wp-block-kadence-advancedheading.kt-adv-heading1960_522527-6a img.kb-inline-image, .wp-block-kadence-advancedheading.kt-adv-heading1960_522527-6a[data-kb-block=\"kb-adv-heading1960_522527-6a\"] img.kb-inline-image{width:150px;vertical-align:baseline;}@media all and (max-width: 1024px){.wp-block-kadence-advancedheading.kt-adv-heading1960_522527-6a, .wp-block-kadence-advancedheading.kt-adv-heading1960_522527-6a[data-kb-block=\"kb-adv-heading1960_522527-6a\"]{max-width:1000px;}}<\/style>\n<h1 class=\"kt-adv-heading1960_522527-6a wp-block-kadence-advancedheading\" data-kb-block=\"kb-adv-heading1960_522527-6a\">Alapoz\u00e1s a <mark class=\"kt-highlight\">ketrec alatt<\/mark>\u00a0<\/h1>\n\n\n\n<p>A kutya\u00f3l telep\u00edt\u00e9se el\u0151tt a&nbsp;<strong>v\u00e1s\u00e1rl\u00f3 felel\u0151s az alap megfelel\u0151 el\u0151k\u00e9sz\u00edt\u00e9s\u00e9\u00e9rt.&nbsp;<\/strong><\/p>\n\n\n\n<p>Az al\u00e1bbiakban bemutatjuk a kutya\u00f3l ter\u00fclet\u00e9nek helyes el\u0151k\u00e9sz\u00edt\u00e9s\u00e9nek h\u00e1rom m\u00f3dj\u00e1t:&nbsp;<\/p>\n\n\n\n<ol start=\"1\" class=\"wp-block-list\">\n<li><strong>A ter\u00fclet egyenget\u00e9se \u00e9s v\u00edzszintess\u00e9 t\u00e9tele.<\/strong><\/li>\n\n\n\n<li><strong>Homok vagy kavics r\u00e9teg elhelyez\u00e9se a stabilit\u00e1s \u00e9rdek\u00e9ben.\u00a0<\/strong><\/li>\n\n\n\n<li><strong>Alaplapok vagy betonlapok haszn\u00e1lata az \u00f3l sarkain\u00e1l.\u00a0<\/strong><\/li>\n<\/ol>\n\n\n\n<p>A szerel\u00e9s befejezt\u00e9vel a&nbsp;<strong>v\u00e1s\u00e1rl\u00f3nak saj\u00e1t k\u00f6lts\u00e9g\u00e9n kell r\u00f6gz\u00edtenie az \u00f3lat az alaphoz.&nbsp;<\/strong><\/p>\n<\/div><\/div>\n\n\n<style>.kadence-column1960_591ad1-1a > .kt-inside-inner-col{display:flex;}.kadence-column1960_591ad1-1a > .kt-inside-inner-col,.kadence-column1960_591ad1-1a > .kt-inside-inner-col:before{border-top-left-radius:0px;border-top-right-radius:0px;border-bottom-right-radius:0px;border-bottom-left-radius:0px;}.kadence-column1960_591ad1-1a > .kt-inside-inner-col{column-gap:var(--global-kb-gap-sm, 1rem);}.kadence-column1960_591ad1-1a > .kt-inside-inner-col{flex-direction:column;justify-content:center;}.kadence-column1960_591ad1-1a > .kt-inside-inner-col > .aligncenter{width:100%;}.kt-row-column-wrap > .kadence-column1960_591ad1-1a{align-self:center;}.kt-inner-column-height-full:not(.kt-has-1-columns) > .wp-block-kadence-column.kadence-column1960_591ad1-1a{align-self:auto;}.kt-inner-column-height-full:not(.kt-has-1-columns) > .wp-block-kadence-column.kadence-column1960_591ad1-1a > .kt-inside-inner-col{flex-direction:column;justify-content:center;}.kadence-column1960_591ad1-1a > .kt-inside-inner-col:before{opacity:0.3;}.kadence-column1960_591ad1-1a{z-index:5;position:relative;}@media all and (max-width: 1024px){.kt-row-column-wrap > .kadence-column1960_591ad1-1a{align-self:center;}}@media all and (max-width: 1024px){.kt-inner-column-height-full:not(.kt-has-1-columns) > .wp-block-kadence-column.kadence-column1960_591ad1-1a{align-self:auto;}}@media all and (max-width: 1024px){.kt-inner-column-height-full:not(.kt-has-1-columns) > .wp-block-kadence-column.kadence-column1960_591ad1-1a > .kt-inside-inner-col{flex-direction:column;justify-content:center;}}@media all and (max-width: 1024px){.kadence-column1960_591ad1-1a > .kt-inside-inner-col{flex-direction:column;justify-content:center;}}@media all and (max-width: 767px){.kt-row-column-wrap > .kadence-column1960_591ad1-1a{align-self:center;}.kt-inner-column-height-full:not(.kt-has-1-columns) > .wp-block-kadence-column.kadence-column1960_591ad1-1a{align-self:auto;}.kt-inner-column-height-full:not(.kt-has-1-columns) > .wp-block-kadence-column.kadence-column1960_591ad1-1a > .kt-inside-inner-col{flex-direction:column;justify-content:center;}.kadence-column1960_591ad1-1a > .kt-inside-inner-col{flex-direction:column;justify-content:center;}}<\/style>\n<div class=\"wp-block-kadence-column kadence-column1960_591ad1-1a\"><div class=\"kt-inside-inner-col\"><style>.kb-image1960_65cf73-27 .kb-image-has-overlay:after{opacity:0.3;border-top-left-radius:30px;border-top-right-radius:30px;border-bottom-right-radius:30px;border-bottom-left-radius:30px;}.kb-image1960_65cf73-27 img.kb-img, .kb-image1960_65cf73-27 .kb-img img{border-top-left-radius:30px;border-top-right-radius:30px;border-bottom-right-radius:30px;border-bottom-left-radius:30px;}@media all and (max-width: 1024px){.wp-block-kadence-image.kb-image1960_65cf73-27:not(.kb-specificity-added):not(.kb-extra-specificity-added){margin-right:0px;margin-left:0px;}}<\/style>\n<figure class=\"wp-block-kadence-image kb-image1960_65cf73-27 size-large kb-image-is-ratio-size\"><div class=\"kb-is-ratio-image kb-image-ratio-land32\"><img loading=\"lazy\" decoding=\"async\" width=\"1024\" height=\"768\" src=\"https:\/\/robstal.pl\/wp-content\/uploads\/2024\/07\/kojec-dla-psa-nero-4-1024x768.jpg\" alt=\"\" class=\"kb-img wp-image-1229\" srcset=\"https:\/\/robstal.pl\/wp-content\/uploads\/2024\/07\/kojec-dla-psa-nero-4-1024x768.jpg 1024w, https:\/\/robstal.pl\/wp-content\/uploads\/2024\/07\/kojec-dla-psa-nero-4-500x375.jpg 500w, https:\/\/robstal.pl\/wp-content\/uploads\/2024\/07\/kojec-dla-psa-nero-4-600x450.jpg 600w, https:\/\/robstal.pl\/wp-content\/uploads\/2024\/07\/kojec-dla-psa-nero-4-300x225.jpg 300w, https:\/\/robstal.pl\/wp-content\/uploads\/2024\/07\/kojec-dla-psa-nero-4-768x576.jpg 768w, https:\/\/robstal.pl\/wp-content\/uploads\/2024\/07\/kojec-dla-psa-nero-4.jpg 1067w\" sizes=\"auto, (max-width: 1024px) 100vw, 1024px\" \/><\/div><\/figure>\n<\/div><\/div>\n\n<\/div><\/div>\n\n<style>.kb-row-layout-id1960_cca5d3-1b > .kt-row-column-wrap{align-content:start;}:where(.kb-row-layout-id1960_cca5d3-1b > .kt-row-column-wrap) > .wp-block-kadence-column{justify-content:start;}.kb-row-layout-id1960_cca5d3-1b > .kt-row-column-wrap{column-gap:var(--global-kb-gap-md, 2rem);row-gap:var(--global-kb-gap-md, 2rem);max-width:var( --global-content-width, 1290px );padding-left:var(--global-content-edge-padding);padding-right:var(--global-content-edge-padding);padding-top:var(--global-kb-spacing-xxl, 5rem);padding-bottom:var(--global-kb-spacing-xxl, 5rem);grid-template-columns:minmax(0, 1fr);}.kb-row-layout-id1960_cca5d3-1b{background-image:linear-gradient(172deg,rgb(238,238,238) 40%,var(--global-palette9) 40%);}.kb-row-layout-id1960_cca5d3-1b > .kt-row-layout-overlay{opacity:0.30;}@media all and (max-width: 1024px){.kb-row-layout-id1960_cca5d3-1b > .kt-row-column-wrap{grid-template-columns:minmax(0, 1fr);}}@media all and (max-width: 767px){.kb-row-layout-id1960_cca5d3-1b > .kt-row-column-wrap{grid-template-columns:minmax(0, 1fr);}}<\/style><div class=\"kb-row-layout-wrap kb-row-layout-id1960_cca5d3-1b alignfull kt-row-has-bg wp-block-kadence-rowlayout\"><div class=\"kt-row-column-wrap kt-has-1-columns kt-row-layout-equal kt-tab-layout-inherit kt-mobile-layout-row kt-row-valign-top kb-theme-content-width\">\n<style>.kadence-column1960_aa8b2a-2d > .kt-inside-inner-col,.kadence-column1960_aa8b2a-2d > .kt-inside-inner-col:before{border-top-left-radius:0px;border-top-right-radius:0px;border-bottom-right-radius:0px;border-bottom-left-radius:0px;}.kadence-column1960_aa8b2a-2d > .kt-inside-inner-col{column-gap:var(--global-kb-gap-sm, 1rem);}.kadence-column1960_aa8b2a-2d > .kt-inside-inner-col{flex-direction:column;}.kadence-column1960_aa8b2a-2d > .kt-inside-inner-col > .aligncenter{width:100%;}.kadence-column1960_aa8b2a-2d > .kt-inside-inner-col:before{opacity:0.3;}.kadence-column1960_aa8b2a-2d{position:relative;}@media all and (max-width: 1024px){.kadence-column1960_aa8b2a-2d > .kt-inside-inner-col{flex-direction:column;justify-content:center;}}@media all and (max-width: 767px){.kadence-column1960_aa8b2a-2d > .kt-inside-inner-col{flex-direction:column;justify-content:center;}}<\/style>\n<div class=\"wp-block-kadence-column kadence-column1960_aa8b2a-2d\"><div class=\"kt-inside-inner-col\"><style>.kb-image1960_c913a6-46.kb-image-is-ratio-size, .kb-image1960_c913a6-46 .kb-image-is-ratio-size{max-width:1200px;width:100%;}.wp-block-kadence-column > .kt-inside-inner-col > .kb-image1960_c913a6-46.kb-image-is-ratio-size, .wp-block-kadence-column > .kt-inside-inner-col > .kb-image1960_c913a6-46 .kb-image-is-ratio-size{align-self:unset;}.kb-image1960_c913a6-46 figure{max-width:1200px;}.kb-image1960_c913a6-46 .image-is-svg, .kb-image1960_c913a6-46 .image-is-svg img{width:100%;}.kb-image1960_c913a6-46 .kb-image-has-overlay:after{opacity:0.3;}<\/style>\n<div class=\"wp-block-kadence-image kb-image1960_c913a6-46\"><figure class=\"aligncenter size-full\"><img loading=\"lazy\" decoding=\"async\" width=\"1631\" height=\"684\" src=\"https:\/\/robstal.pl\/wp-content\/uploads\/2024\/07\/podloze-pod-kojec.jpg\" alt=\"\" class=\"kb-img wp-image-294\" srcset=\"https:\/\/robstal.pl\/wp-content\/uploads\/2024\/07\/podloze-pod-kojec.jpg 1631w, https:\/\/robstal.pl\/wp-content\/uploads\/2024\/07\/podloze-pod-kojec-600x252.jpg 600w, https:\/\/robstal.pl\/wp-content\/uploads\/2024\/07\/podloze-pod-kojec-300x126.jpg 300w, https:\/\/robstal.pl\/wp-content\/uploads\/2024\/07\/podloze-pod-kojec-1024x429.jpg 1024w, https:\/\/robstal.pl\/wp-content\/uploads\/2024\/07\/podloze-pod-kojec-768x322.jpg 768w, https:\/\/robstal.pl\/wp-content\/uploads\/2024\/07\/podloze-pod-kojec-1536x644.jpg 1536w\" sizes=\"auto, (max-width: 1631px) 100vw, 1631px\" \/><\/figure><\/div>\n<\/div><\/div>\n\n<\/div><\/div>","protected":false},"excerpt":{"rendered":"<p>Alapoz\u00e1s a ketrec alatt\u00a0 A kutya\u00f3l telep\u00edt\u00e9se el\u0151tt a&nbsp;v\u00e1s\u00e1rl\u00f3 felel\u0151s az alap megfelel\u0151 el\u0151k\u00e9sz\u00edt\u00e9s\u00e9\u00e9rt.&nbsp; Az al\u00e1bbiakban bemutatjuk a kutya\u00f3l ter\u00fclet\u00e9nek helyes el\u0151k\u00e9sz\u00edt\u00e9s\u00e9nek h\u00e1rom m\u00f3dj\u00e1t:&nbsp; A szerel\u00e9s befejezt\u00e9vel a&nbsp;v\u00e1s\u00e1rl\u00f3nak saj\u00e1t k\u00f6lts\u00e9g\u00e9n kell r\u00f6gz\u00edtenie az \u00f3lat az alaphoz.&nbsp;<\/p>\n","protected":false},"author":1,"featured_media":0,"parent":0,"menu_order":0,"comment_status":"closed","ping_status":"closed","template":"","meta":{"_kad_blocks_custom_css":"","_kad_blocks_head_custom_js":"","_kad_blocks_body_custom_js":"","_kad_blocks_footer_custom_js":"","_kad_post_transparent":"","_kad_post_title":"","_kad_post_layout":"","_kad_post_sidebar_id":"","_kad_post_content_style":"","_kad_post_vertical_padding":"","_kad_post_feature":"","_kad_post_feature_position":"","_kad_post_header":false,"_kad_post_footer":false,"_kad_post_classname":"","footnotes":""},"class_list":["post-1960","page","type-page","status-publish","hentry"],"acf":[],"taxonomy_info":[],"featured_image_src_large":false,"author_info":{"display_name":"gootek","author_link":"https:\/\/robstal.pl\/hu\/author\/gootek\/"},"comment_info":0,"_links":{"self":[{"href":"https:\/\/robstal.pl\/hu\/wp-json\/wp\/v2\/pages\/1960","targetHints":{"allow":["GET"]}}],"collection":[{"href":"https:\/\/robstal.pl\/hu\/wp-json\/wp\/v2\/pages"}],"about":[{"href":"https:\/\/robstal.pl\/hu\/wp-json\/wp\/v2\/types\/page"}],"author":[{"embeddable":true,"href":"https:\/\/robstal.pl\/hu\/wp-json\/wp\/v2\/users\/1"}],"replies":[{"embeddable":true,"href":"https:\/\/robstal.pl\/hu\/wp-json\/wp\/v2\/comments?post=1960"}],"version-history":[{"count":5,"href":"https:\/\/robstal.pl\/hu\/wp-json\/wp\/v2\/pages\/1960\/revisions"}],"predecessor-version":[{"id":4448,"href":"https:\/\/robstal.pl\/hu\/wp-json\/wp\/v2\/pages\/1960\/revisions\/4448"}],"wp:attachment":[{"href":"https:\/\/robstal.pl\/hu\/wp-json\/wp\/v2\/media?parent=1960"}],"curies":[{"name":"wp","href":"https:\/\/api.w.org\/{rel}","templated":true}]}}