{"id":1968,"date":"2024-07-04T13:30:08","date_gmt":"2024-07-04T11:30:08","guid":{"rendered":"https:\/\/robstal.pl\/podloze\/"},"modified":"2024-09-23T09:58:08","modified_gmt":"2024-09-23T07:58:08","slug":"alapozas-elokeszitese","status":"publish","type":"page","link":"https:\/\/robstal.pl\/hu\/alapozas-elokeszitese\/","title":{"rendered":"Alapoz\u00e1s el\u0151k\u00e9sz\u00edt\u00e9se"},"content":{"rendered":"<style>.kb-row-layout-id1968_c4dfad-46 > .kt-row-column-wrap{align-content:start;}:where(.kb-row-layout-id1968_c4dfad-46 > .kt-row-column-wrap) > .wp-block-kadence-column{justify-content:start;}.kb-row-layout-id1968_c4dfad-46 > .kt-row-column-wrap{column-gap:var(--global-kb-gap-sm, 1rem);row-gap:var(--global-kb-gap-sm, 1rem);max-width:var( --global-content-width, 1290px );padding-left:var(--global-content-edge-padding);padding-right:var(--global-content-edge-padding);padding-top:var(--global-kb-spacing-lg, 3rem);grid-template-columns:minmax(0, calc(75% - ((var(--global-kb-gap-sm, 1rem) * 1 )\/2)))minmax(0, calc(25% - ((var(--global-kb-gap-sm, 1rem) * 1 )\/2)));}.kb-row-layout-id1968_c4dfad-46{background-image:linear-gradient(7deg,rgb(238,238,238) 38%,var(--global-palette9) 38%);}.kb-row-layout-id1968_c4dfad-46 > .kt-row-layout-overlay{opacity:1;background-image:url('https:\/\/robstal.pl\/wp-content\/uploads\/2024\/07\/layer-1.png');background-size:contain;background-position:97% 0%;background-attachment:scroll;background-repeat:no-repeat;}@media all and (max-width: 1024px){.kb-row-layout-id1968_c4dfad-46 > .kt-row-column-wrap{grid-template-columns:minmax(0, 1fr);}}@media all and (max-width: 767px){.kb-row-layout-id1968_c4dfad-46 > .kt-row-column-wrap{grid-template-columns:minmax(0, 1fr);}}<\/style><div class=\"kb-row-layout-wrap kb-row-layout-id1968_c4dfad-46 alignfull kt-row-has-bg wp-block-kadence-rowlayout\"><div class=\"kt-row-layout-overlay kt-row-overlay-normal\"><\/div><div class=\"kt-row-column-wrap kt-has-2-columns kt-row-layout-equal kt-tab-layout-row kt-mobile-layout-row kt-row-valign-top kt-inner-column-height-full kb-theme-content-width\">\n<style>.kadence-column1968_091cee-f9 > .kt-inside-inner-col{padding-top:var(--global-kb-spacing-md, 2rem);padding-right:var(--global-kb-spacing-md, 2rem);padding-bottom:var(--global-kb-spacing-md, 2rem);padding-left:var(--global-kb-spacing-md, 2rem);}.kadence-column1968_091cee-f9 > .kt-inside-inner-col,.kadence-column1968_091cee-f9 > .kt-inside-inner-col:before{border-top-left-radius:0px;border-top-right-radius:0px;border-bottom-right-radius:0px;border-bottom-left-radius:0px;}.kadence-column1968_091cee-f9 > .kt-inside-inner-col{column-gap:var(--global-kb-gap-sm, 1rem);}.kadence-column1968_091cee-f9 > .kt-inside-inner-col{flex-direction:column;}.kadence-column1968_091cee-f9 > .kt-inside-inner-col > .aligncenter{width:100%;}.kadence-column1968_091cee-f9 > .kt-inside-inner-col{background-color:#fbfbfb;}.kadence-column1968_091cee-f9 > .kt-inside-inner-col:before{opacity:0.3;}.kadence-column1968_091cee-f9{position:relative;}.kadence-column1968_091cee-f9, .kt-inside-inner-col > .kadence-column1968_091cee-f9:not(.specificity){margin-left:0px;}@media all and (max-width: 1024px){.kadence-column1968_091cee-f9 > .kt-inside-inner-col{padding-top:var(--global-kb-spacing-xs, 1rem);padding-right:var(--global-kb-spacing-xs, 1rem);padding-bottom:var(--global-kb-spacing-xs, 1rem);padding-left:var(--global-kb-spacing-xs, 1rem);flex-direction:column;justify-content:center;}}@media all and (max-width: 767px){.kadence-column1968_091cee-f9 > .kt-inside-inner-col{flex-direction:column;justify-content:center;}}<\/style>\n<div class=\"wp-block-kadence-column kadence-column1968_091cee-f9\"><div class=\"kt-inside-inner-col\"><style>.wp-block-kadence-advancedheading.kt-adv-heading1968_af092b-63, .wp-block-kadence-advancedheading.kt-adv-heading1968_af092b-63[data-kb-block=\"kb-adv-heading1968_af092b-63\"]{font-style:normal;}.wp-block-kadence-advancedheading.kt-adv-heading1968_af092b-63 mark.kt-highlight, .wp-block-kadence-advancedheading.kt-adv-heading1968_af092b-63[data-kb-block=\"kb-adv-heading1968_af092b-63\"] mark.kt-highlight{font-style:normal;color:var(--global-palette1, #3182CE);-webkit-box-decoration-break:clone;box-decoration-break:clone;padding-top:0px;padding-right:0px;padding-bottom:0px;padding-left:0px;}.wp-block-kadence-advancedheading.kt-adv-heading1968_af092b-63 img.kb-inline-image, .wp-block-kadence-advancedheading.kt-adv-heading1968_af092b-63[data-kb-block=\"kb-adv-heading1968_af092b-63\"] img.kb-inline-image{width:150px;vertical-align:baseline;}@media all and (max-width: 1024px){.wp-block-kadence-advancedheading.kt-adv-heading1968_af092b-63, .wp-block-kadence-advancedheading.kt-adv-heading1968_af092b-63[data-kb-block=\"kb-adv-heading1968_af092b-63\"]{max-width:1000px;}}<\/style>\n<h1 class=\"kt-adv-heading1968_af092b-63 wp-block-kadence-advancedheading\" data-kb-block=\"kb-adv-heading1968_af092b-63\"><strong>Alapoz\u00e1s <\/strong><mark class=\"kt-highlight\">el\u0151k\u00e9sz\u00edt\u00e9se <\/mark><\/h1>\n\n\n<style>.wp-block-kadence-advancedheading.kt-adv-heading1968_269edf-d4, .wp-block-kadence-advancedheading.kt-adv-heading1968_269edf-d4[data-kb-block=\"kb-adv-heading1968_269edf-d4\"]{font-size:21px;font-style:normal;}.wp-block-kadence-advancedheading.kt-adv-heading1968_269edf-d4 mark.kt-highlight, .wp-block-kadence-advancedheading.kt-adv-heading1968_269edf-d4[data-kb-block=\"kb-adv-heading1968_269edf-d4\"] mark.kt-highlight{font-style:normal;color:#f76a0c;-webkit-box-decoration-break:clone;box-decoration-break:clone;padding-top:0px;padding-right:0px;padding-bottom:0px;padding-left:0px;}.wp-block-kadence-advancedheading.kt-adv-heading1968_269edf-d4 img.kb-inline-image, .wp-block-kadence-advancedheading.kt-adv-heading1968_269edf-d4[data-kb-block=\"kb-adv-heading1968_269edf-d4\"] img.kb-inline-image{width:150px;vertical-align:baseline;}<\/style>\n<h2 class=\"kt-adv-heading1968_269edf-d4 wp-block-kadence-advancedheading\" data-kb-block=\"kb-adv-heading1968_269edf-d4\">A v\u00e1s\u00e1rl\u00f3 felel\u0151s a gar\u00e1zs alapoz\u00e1s\u00e1nak el\u0151k\u00e9sz\u00edt\u00e9s\u00e9\u00e9rt.<\/h2>\n\n\n<style>.wp-block-kadence-advancedheading.kt-adv-heading1968_0ae7b3-4c, .wp-block-kadence-advancedheading.kt-adv-heading1968_0ae7b3-4c[data-kb-block=\"kb-adv-heading1968_0ae7b3-4c\"]{font-style:normal;}.wp-block-kadence-advancedheading.kt-adv-heading1968_0ae7b3-4c mark.kt-highlight, .wp-block-kadence-advancedheading.kt-adv-heading1968_0ae7b3-4c[data-kb-block=\"kb-adv-heading1968_0ae7b3-4c\"] mark.kt-highlight{font-style:normal;color:#f76a0c;-webkit-box-decoration-break:clone;box-decoration-break:clone;padding-top:0px;padding-right:0px;padding-bottom:0px;padding-left:0px;}.wp-block-kadence-advancedheading.kt-adv-heading1968_0ae7b3-4c img.kb-inline-image, .wp-block-kadence-advancedheading.kt-adv-heading1968_0ae7b3-4c[data-kb-block=\"kb-adv-heading1968_0ae7b3-4c\"] img.kb-inline-image{width:150px;vertical-align:baseline;}<\/style>\n<p class=\"kt-adv-heading1968_0ae7b3-4c wp-block-kadence-advancedheading\" data-kb-block=\"kb-adv-heading1968_0ae7b3-4c\">Javasoljuk a ter\u00fclet egyenget\u00e9s\u00e9t \u00e9s v\u00edzszintess\u00e9 t\u00e9tel\u00e9t. A minimum k\u00f6vetelm\u00e9ny 4-6 j\u00e1r\u00f3lap elhelyez\u00e9se a sarkokban, amelyeket v\u00edzszintesen kell elhelyezni.\u00a0<\/p>\n\n\n\n<p>M\u00e1sik lehet\u0151s\u00e9g a beton l\u00e9pcs\u0151k vagy az rendel\u00e9sre k\u00e9sz\u00fclt alap kialak\u00edt\u00e1sa. Beton\u00f6nt\u00e9s is lehets\u00e9ges, amelynek 20 cm-rel nagyobbnak kell lennie sz\u00e9less\u00e9gben \u00e9s hossz\u00fas\u00e1gban, mint a gar\u00e1zs.\u00a0<\/p>\n\n\n\n<p>A szerel\u00e9s ut\u00e1n a v\u00e1s\u00e1rl\u00f3nak a gar\u00e1zst az alaphoz kell r\u00f6gz\u00edtenie, valamint a l\u00e1that\u00f3 szerkezeti elemeket alapoz\u00f3 fest\u00e9kkel kell lefestenie \u00e9s fel\u00fcletv\u00e9d\u0151 fest\u00e9kkel kell megv\u00e9denie.\u00a0<\/p>\n<\/div><\/div>\n\n\n<style>.kadence-column1968_6de7f9-64 > .kt-inside-inner-col,.kadence-column1968_6de7f9-64 > .kt-inside-inner-col:before{border-top-left-radius:0px;border-top-right-radius:0px;border-bottom-right-radius:0px;border-bottom-left-radius:0px;}.kadence-column1968_6de7f9-64 > .kt-inside-inner-col{column-gap:var(--global-kb-gap-sm, 1rem);}.kadence-column1968_6de7f9-64 > .kt-inside-inner-col{flex-direction:column;}.kadence-column1968_6de7f9-64 > .kt-inside-inner-col > .aligncenter{width:100%;}.kadence-column1968_6de7f9-64 > .kt-inside-inner-col:before{opacity:0.3;}.kadence-column1968_6de7f9-64{position:relative;}@media all and (max-width: 1024px){.kadence-column1968_6de7f9-64 > .kt-inside-inner-col{flex-direction:column;justify-content:center;}}@media all and (max-width: 767px){.kadence-column1968_6de7f9-64 > .kt-inside-inner-col{flex-direction:column;justify-content:center;}}<\/style>\n<div class=\"wp-block-kadence-column kadence-column1968_6de7f9-64\"><div class=\"kt-inside-inner-col\"><\/div><\/div>\n\n<\/div><\/div>\n\n<style>.kb-row-layout-id1968_1212eb-d9 > .kt-row-column-wrap{align-content:start;}:where(.kb-row-layout-id1968_1212eb-d9 > .kt-row-column-wrap) > .wp-block-kadence-column{justify-content:start;}.kb-row-layout-id1968_1212eb-d9 > .kt-row-column-wrap{column-gap:var(--global-kb-gap-md, 2rem);row-gap:var(--global-kb-gap-md, 2rem);max-width:var( --global-content-width, 1290px );padding-left:var(--global-content-edge-padding);padding-right:var(--global-content-edge-padding);padding-top:var(--global-kb-spacing-xxl, 5rem);padding-bottom:var(--global-kb-spacing-xxl, 5rem);grid-template-columns:minmax(0, 1fr);}.kb-row-layout-id1968_1212eb-d9{background-image:linear-gradient(178deg,var(--global-palette7) 40%,var(--global-palette9) 40%);}.kb-row-layout-id1968_1212eb-d9 > .kt-row-layout-overlay{opacity:0.30;}@media all and (max-width: 1024px){.kb-row-layout-id1968_1212eb-d9 > .kt-row-column-wrap{grid-template-columns:minmax(0, 1fr);}}@media all and (max-width: 767px){.kb-row-layout-id1968_1212eb-d9 > .kt-row-column-wrap{grid-template-columns:minmax(0, 1fr);}}<\/style><div class=\"kb-row-layout-wrap kb-row-layout-id1968_1212eb-d9 alignfull kt-row-has-bg wp-block-kadence-rowlayout\"><div class=\"kt-row-column-wrap kt-has-1-columns kt-row-layout-equal kt-tab-layout-inherit kt-mobile-layout-row kt-row-valign-top kb-theme-content-width\">\n<style>.kadence-column1968_aecd78-a9 > .kt-inside-inner-col{display:flex;}.kadence-column1968_aecd78-a9 > .kt-inside-inner-col,.kadence-column1968_aecd78-a9 > .kt-inside-inner-col:before{border-top-left-radius:0px;border-top-right-radius:0px;border-bottom-right-radius:0px;border-bottom-left-radius:0px;}.kadence-column1968_aecd78-a9 > .kt-inside-inner-col{column-gap:var(--global-kb-gap-sm, 1rem);}.kadence-column1968_aecd78-a9 > .kt-inside-inner-col{flex-direction:column;align-items:center;}.kadence-column1968_aecd78-a9 > .kt-inside-inner-col > .kb-image-is-ratio-size{align-self:stretch;}.kadence-column1968_aecd78-a9 > .kt-inside-inner-col > .wp-block-kadence-advancedgallery{align-self:stretch;}.kadence-column1968_aecd78-a9 > .kt-inside-inner-col > .aligncenter{width:100%;}.kadence-column1968_aecd78-a9 > .kt-inside-inner-col:before{opacity:0.3;}.kadence-column1968_aecd78-a9{text-align:center;}.kadence-column1968_aecd78-a9{position:relative;}@media all and (max-width: 1024px){.kadence-column1968_aecd78-a9 > .kt-inside-inner-col{flex-direction:column;justify-content:center;align-items:center;}}@media all and (max-width: 767px){.kadence-column1968_aecd78-a9 > .kt-inside-inner-col{flex-direction:column;justify-content:center;align-items:center;}}<\/style>\n<div class=\"wp-block-kadence-column kadence-column1968_aecd78-a9\"><div class=\"kt-inside-inner-col\"><style>.kb-image1968_b47e0c-f1 .kb-image-has-overlay:after{opacity:0.3;}<\/style>\n<div class=\"wp-block-kadence-image kb-image1968_b47e0c-f1\"><figure class=\"aligncenter size-full\"><img loading=\"lazy\" decoding=\"async\" width=\"922\" height=\"454\" src=\"https:\/\/robstal.pl\/wp-content\/uploads\/2024\/07\/podloze-pod-garaz.jpg\" alt=\"\" class=\"kb-img wp-image-277\" srcset=\"https:\/\/robstal.pl\/wp-content\/uploads\/2024\/07\/podloze-pod-garaz.jpg 922w, https:\/\/robstal.pl\/wp-content\/uploads\/2024\/07\/podloze-pod-garaz-600x295.jpg 600w, https:\/\/robstal.pl\/wp-content\/uploads\/2024\/07\/podloze-pod-garaz-300x148.jpg 300w, https:\/\/robstal.pl\/wp-content\/uploads\/2024\/07\/podloze-pod-garaz-768x378.jpg 768w\" sizes=\"auto, (max-width: 922px) 100vw, 922px\" \/><\/figure><\/div>\n<\/div><\/div>\n\n<\/div><\/div>\n\n<style>.kb-row-layout-id1968_9e3b8a-ed > .kt-row-column-wrap{align-content:start;}:where(.kb-row-layout-id1968_9e3b8a-ed > .kt-row-column-wrap) > .wp-block-kadence-column{justify-content:start;}.kb-row-layout-id1968_9e3b8a-ed > .kt-row-column-wrap{column-gap:var(--global-kb-gap-sm, 1rem);row-gap:var(--global-kb-gap-sm, 1rem);max-width:var( --global-content-width, 1290px );padding-left:var(--global-content-edge-padding);padding-right:var(--global-content-edge-padding);padding-top:var(--global-kb-spacing-lg, 3rem);grid-template-columns:minmax(0, calc(25% - ((var(--global-kb-gap-sm, 1rem) * 1 )\/2)))minmax(0, calc(75% - ((var(--global-kb-gap-sm, 1rem) * 1 )\/2)));}.kb-row-layout-id1968_9e3b8a-ed{background-image:linear-gradient(175deg,var(--global-palette9) 50%,var(--global-palette7) 50%);}.kb-row-layout-id1968_9e3b8a-ed > .kt-row-layout-overlay{opacity:1;background-image:url('https:\/\/robstal.pl\/wp-content\/uploads\/2024\/07\/layer-1.png');background-size:contain;background-position:2% 0%;background-attachment:scroll;background-repeat:no-repeat;}@media all and (max-width: 1024px){.kb-row-layout-id1968_9e3b8a-ed > .kt-row-column-wrap{grid-template-columns:minmax(0, 1fr);}}@media all and (max-width: 767px){.kb-row-layout-id1968_9e3b8a-ed > .kt-row-column-wrap{grid-template-columns:minmax(0, 1fr);}}<\/style><div class=\"kb-row-layout-wrap kb-row-layout-id1968_9e3b8a-ed alignfull kt-row-has-bg wp-block-kadence-rowlayout\"><div class=\"kt-row-layout-overlay kt-row-overlay-normal\"><\/div><div class=\"kt-row-column-wrap kt-has-2-columns kt-row-layout-equal kt-tab-layout-row kt-mobile-layout-row kt-row-valign-top kt-inner-column-height-full kb-theme-content-width\">\n<style>.kadence-column1968_87f531-11 > .kt-inside-inner-col,.kadence-column1968_87f531-11 > .kt-inside-inner-col:before{border-top-left-radius:0px;border-top-right-radius:0px;border-bottom-right-radius:0px;border-bottom-left-radius:0px;}.kadence-column1968_87f531-11 > .kt-inside-inner-col{column-gap:var(--global-kb-gap-sm, 1rem);}.kadence-column1968_87f531-11 > .kt-inside-inner-col{flex-direction:column;}.kadence-column1968_87f531-11 > .kt-inside-inner-col > .aligncenter{width:100%;}.kadence-column1968_87f531-11 > .kt-inside-inner-col:before{opacity:0.3;}.kadence-column1968_87f531-11{position:relative;}@media all and (max-width: 1024px){.kadence-column1968_87f531-11 > .kt-inside-inner-col{flex-direction:column;justify-content:center;}}@media all and (max-width: 767px){.kadence-column1968_87f531-11 > .kt-inside-inner-col{flex-direction:column;justify-content:center;}}<\/style>\n<div class=\"wp-block-kadence-column kadence-column1968_87f531-11\"><div class=\"kt-inside-inner-col\"><\/div><\/div>\n\n\n<style>.kadence-column1968_ecceef-66 > .kt-inside-inner-col{padding-top:var(--global-kb-spacing-md, 2rem);padding-right:var(--global-kb-spacing-md, 2rem);padding-bottom:var(--global-kb-spacing-md, 2rem);padding-left:var(--global-kb-spacing-md, 2rem);}.kadence-column1968_ecceef-66 > .kt-inside-inner-col,.kadence-column1968_ecceef-66 > .kt-inside-inner-col:before{border-top-left-radius:0px;border-top-right-radius:0px;border-bottom-right-radius:0px;border-bottom-left-radius:0px;}.kadence-column1968_ecceef-66 > .kt-inside-inner-col{column-gap:var(--global-kb-gap-sm, 1rem);}.kadence-column1968_ecceef-66 > .kt-inside-inner-col{flex-direction:column;}.kadence-column1968_ecceef-66 > .kt-inside-inner-col > .aligncenter{width:100%;}.kadence-column1968_ecceef-66 > .kt-inside-inner-col{background-color:#fbfbfb;}.kadence-column1968_ecceef-66 > .kt-inside-inner-col:before{opacity:0.3;}.kadence-column1968_ecceef-66{position:relative;}.kadence-column1968_ecceef-66, .kt-inside-inner-col > .kadence-column1968_ecceef-66:not(.specificity){margin-left:0px;}@media all and (max-width: 1024px){.kadence-column1968_ecceef-66 > .kt-inside-inner-col{padding-top:var(--global-kb-spacing-xs, 1rem);padding-right:var(--global-kb-spacing-xs, 1rem);padding-bottom:var(--global-kb-spacing-xs, 1rem);padding-left:var(--global-kb-spacing-xs, 1rem);flex-direction:column;justify-content:center;}}@media all and (max-width: 767px){.kadence-column1968_ecceef-66 > .kt-inside-inner-col{flex-direction:column;justify-content:center;}}<\/style>\n<div class=\"wp-block-kadence-column kadence-column1968_ecceef-66\"><div class=\"kt-inside-inner-col\"><style>.wp-block-kadence-advancedheading.kt-adv-heading1968_97f30b-76, .wp-block-kadence-advancedheading.kt-adv-heading1968_97f30b-76[data-kb-block=\"kb-adv-heading1968_97f30b-76\"]{font-style:normal;}.wp-block-kadence-advancedheading.kt-adv-heading1968_97f30b-76 mark.kt-highlight, .wp-block-kadence-advancedheading.kt-adv-heading1968_97f30b-76[data-kb-block=\"kb-adv-heading1968_97f30b-76\"] mark.kt-highlight{font-style:normal;color:var(--global-palette1, #3182CE);-webkit-box-decoration-break:clone;box-decoration-break:clone;padding-top:0px;padding-right:0px;padding-bottom:0px;padding-left:0px;}.wp-block-kadence-advancedheading.kt-adv-heading1968_97f30b-76 img.kb-inline-image, .wp-block-kadence-advancedheading.kt-adv-heading1968_97f30b-76[data-kb-block=\"kb-adv-heading1968_97f30b-76\"] img.kb-inline-image{width:150px;vertical-align:baseline;}@media all and (max-width: 1024px){.wp-block-kadence-advancedheading.kt-adv-heading1968_97f30b-76, .wp-block-kadence-advancedheading.kt-adv-heading1968_97f30b-76[data-kb-block=\"kb-adv-heading1968_97f30b-76\"]{max-width:1000px;}}<\/style>\n<h1 class=\"kt-adv-heading1968_97f30b-76 wp-block-kadence-advancedheading\" data-kb-block=\"kb-adv-heading1968_97f30b-76\"><strong>Kutya\u00f3l<\/strong> <mark class=\"kt-highlight\">alapoz\u00e1s\u00a0<\/mark><\/h1>\n\n\n<style>.wp-block-kadence-advancedheading.kt-adv-heading1968_a805de-54, .wp-block-kadence-advancedheading.kt-adv-heading1968_a805de-54[data-kb-block=\"kb-adv-heading1968_a805de-54\"]{font-style:normal;}.wp-block-kadence-advancedheading.kt-adv-heading1968_a805de-54 mark.kt-highlight, .wp-block-kadence-advancedheading.kt-adv-heading1968_a805de-54[data-kb-block=\"kb-adv-heading1968_a805de-54\"] mark.kt-highlight{font-style:normal;color:#f76a0c;-webkit-box-decoration-break:clone;box-decoration-break:clone;padding-top:0px;padding-right:0px;padding-bottom:0px;padding-left:0px;}.wp-block-kadence-advancedheading.kt-adv-heading1968_a805de-54 img.kb-inline-image, .wp-block-kadence-advancedheading.kt-adv-heading1968_a805de-54[data-kb-block=\"kb-adv-heading1968_a805de-54\"] img.kb-inline-image{width:150px;vertical-align:baseline;}<\/style>\n<p class=\"kt-adv-heading1968_a805de-54 wp-block-kadence-advancedheading\" data-kb-block=\"kb-adv-heading1968_a805de-54\">A kutya\u00f3l telep\u00edt\u00e9se el\u0151tt a <strong>v\u00e1s\u00e1rl\u00f3 felel\u0151s az alap megfelel\u0151 el\u0151k\u00e9sz\u00edt\u00e9s\u00e9\u00e9rt.\u00a0<\/strong><\/p>\n\n\n\n<p>Az al\u00e1bbiakban bemutatjuk a kutya\u00f3l ter\u00fclet\u00e9nek helyes el\u0151k\u00e9sz\u00edt\u00e9s\u00e9nek h\u00e1rom m\u00f3dj\u00e1t:\u00a0<\/p>\n\n\n\n<ol start=\"1\" class=\"wp-block-list\">\n<li><strong>A ter\u00fclet egyenget\u00e9se \u00e9s v\u00edzszintess\u00e9 t\u00e9tele.<\/strong><\/li>\n\n\n\n<li><strong>Homok vagy kavics r\u00e9teg elhelyez\u00e9se a stabilit\u00e1s \u00e9rdek\u00e9ben.\u00a0<\/strong><\/li>\n\n\n\n<li><strong>Alaplapok vagy betonlapok haszn\u00e1lata az \u00f3l sarkain\u00e1l.\u00a0<\/strong><\/li>\n<\/ol>\n\n\n\n<ol start=\"2\" class=\"wp-block-list\"><\/ol>\n\n\n\n<p>A szerel\u00e9s befejezt\u00e9vel a <strong>v\u00e1s\u00e1rl\u00f3nak saj\u00e1t k\u00f6lts\u00e9g\u00e9n kell r\u00f6gz\u00edtenie az \u00f3lat az alaphoz.\u00a0<\/strong><\/p>\n<\/div><\/div>\n\n<\/div><\/div>\n\n<style>.kb-row-layout-id1968_a92f9a-bc > .kt-row-column-wrap{align-content:start;}:where(.kb-row-layout-id1968_a92f9a-bc > .kt-row-column-wrap) > .wp-block-kadence-column{justify-content:start;}.kb-row-layout-id1968_a92f9a-bc > .kt-row-column-wrap{column-gap:var(--global-kb-gap-md, 2rem);row-gap:var(--global-kb-gap-md, 2rem);max-width:var( --global-content-width, 1290px );padding-left:var(--global-content-edge-padding);padding-right:var(--global-content-edge-padding);padding-top:var(--global-kb-spacing-xxl, 5rem);padding-bottom:var(--global-kb-spacing-xxl, 5rem);grid-template-columns:minmax(0, 1fr);}.kb-row-layout-id1968_a92f9a-bc{background-image:linear-gradient(186deg,var(--global-palette7) 40%,var(--global-palette9) 40%);}.kb-row-layout-id1968_a92f9a-bc > .kt-row-layout-overlay{opacity:0.30;}@media all and (max-width: 1024px){.kb-row-layout-id1968_a92f9a-bc > .kt-row-column-wrap{grid-template-columns:minmax(0, 1fr);}}@media all and (max-width: 767px){.kb-row-layout-id1968_a92f9a-bc > .kt-row-column-wrap{grid-template-columns:minmax(0, 1fr);}}<\/style><div class=\"kb-row-layout-wrap kb-row-layout-id1968_a92f9a-bc alignfull kt-row-has-bg wp-block-kadence-rowlayout\"><div class=\"kt-row-column-wrap kt-has-1-columns kt-row-layout-equal kt-tab-layout-inherit kt-mobile-layout-row kt-row-valign-top kb-theme-content-width\">\n<style>.kadence-column1968_cf7922-6a > .kt-inside-inner-col{display:flex;}.kadence-column1968_cf7922-6a > .kt-inside-inner-col,.kadence-column1968_cf7922-6a > .kt-inside-inner-col:before{border-top-left-radius:0px;border-top-right-radius:0px;border-bottom-right-radius:0px;border-bottom-left-radius:0px;}.kadence-column1968_cf7922-6a > .kt-inside-inner-col{column-gap:var(--global-kb-gap-sm, 1rem);}.kadence-column1968_cf7922-6a > .kt-inside-inner-col{flex-direction:column;align-items:center;}.kadence-column1968_cf7922-6a > .kt-inside-inner-col > .kb-image-is-ratio-size{align-self:stretch;}.kadence-column1968_cf7922-6a > .kt-inside-inner-col > .wp-block-kadence-advancedgallery{align-self:stretch;}.kadence-column1968_cf7922-6a > .kt-inside-inner-col > .aligncenter{width:100%;}.kadence-column1968_cf7922-6a > .kt-inside-inner-col:before{opacity:0.3;}.kadence-column1968_cf7922-6a{text-align:center;}.kadence-column1968_cf7922-6a{position:relative;}@media all and (max-width: 1024px){.kadence-column1968_cf7922-6a > .kt-inside-inner-col{flex-direction:column;justify-content:center;align-items:center;}}@media all and (max-width: 767px){.kadence-column1968_cf7922-6a > .kt-inside-inner-col{flex-direction:column;justify-content:center;align-items:center;}}<\/style>\n<div class=\"wp-block-kadence-column kadence-column1968_cf7922-6a\"><div class=\"kt-inside-inner-col\"><style>.kb-image1968_7a7482-31.kb-image-is-ratio-size, .kb-image1968_7a7482-31 .kb-image-is-ratio-size{max-width:1100px;width:100%;}.wp-block-kadence-column > .kt-inside-inner-col > .kb-image1968_7a7482-31.kb-image-is-ratio-size, .wp-block-kadence-column > .kt-inside-inner-col > .kb-image1968_7a7482-31 .kb-image-is-ratio-size{align-self:unset;}.kb-image1968_7a7482-31 figure{max-width:1100px;}.kb-image1968_7a7482-31 .image-is-svg, .kb-image1968_7a7482-31 .image-is-svg img{width:100%;}.kb-image1968_7a7482-31 .kb-image-has-overlay:after{opacity:0.3;}<\/style>\n<div class=\"wp-block-kadence-image kb-image1968_7a7482-31\"><figure class=\"aligncenter\"><img loading=\"lazy\" decoding=\"async\" width=\"1631\" height=\"684\" src=\"https:\/\/robstal.pl\/wp-content\/uploads\/2024\/07\/podloze-pod-kojec.jpg\" alt=\"\" class=\"kb-img wp-image-294\" srcset=\"https:\/\/robstal.pl\/wp-content\/uploads\/2024\/07\/podloze-pod-kojec.jpg 1631w, https:\/\/robstal.pl\/wp-content\/uploads\/2024\/07\/podloze-pod-kojec-600x252.jpg 600w, https:\/\/robstal.pl\/wp-content\/uploads\/2024\/07\/podloze-pod-kojec-300x126.jpg 300w, https:\/\/robstal.pl\/wp-content\/uploads\/2024\/07\/podloze-pod-kojec-1024x429.jpg 1024w, https:\/\/robstal.pl\/wp-content\/uploads\/2024\/07\/podloze-pod-kojec-768x322.jpg 768w, https:\/\/robstal.pl\/wp-content\/uploads\/2024\/07\/podloze-pod-kojec-1536x644.jpg 1536w\" sizes=\"auto, (max-width: 1631px) 100vw, 1631px\" \/><\/figure><\/div>\n<\/div><\/div>\n\n<\/div><\/div>","protected":false},"excerpt":{"rendered":"<p>Alapoz\u00e1s el\u0151k\u00e9sz\u00edt\u00e9se A v\u00e1s\u00e1rl\u00f3 felel\u0151s a gar\u00e1zs alapoz\u00e1s\u00e1nak el\u0151k\u00e9sz\u00edt\u00e9s\u00e9\u00e9rt. Javasoljuk a ter\u00fclet egyenget\u00e9s\u00e9t \u00e9s v\u00edzszintess\u00e9 t\u00e9tel\u00e9t. A minimum k\u00f6vetelm\u00e9ny 4-6 j\u00e1r\u00f3lap elhelyez\u00e9se a sarkokban, amelyeket v\u00edzszintesen kell elhelyezni.\u00a0 M\u00e1sik lehet\u0151s\u00e9g a beton l\u00e9pcs\u0151k vagy az rendel\u00e9sre k\u00e9sz\u00fclt alap kialak\u00edt\u00e1sa. Beton\u00f6nt\u00e9s is lehets\u00e9ges, amelynek 20 cm-rel nagyobbnak kell lennie sz\u00e9less\u00e9gben \u00e9s hossz\u00fas\u00e1gban, mint a gar\u00e1zs.\u00a0 A&#8230;<\/p>\n","protected":false},"author":1,"featured_media":0,"parent":0,"menu_order":0,"comment_status":"closed","ping_status":"closed","template":"","meta":{"_kad_blocks_custom_css":"","_kad_blocks_head_custom_js":"","_kad_blocks_body_custom_js":"","_kad_blocks_footer_custom_js":"","_kad_post_transparent":"","_kad_post_title":"","_kad_post_layout":"","_kad_post_sidebar_id":"","_kad_post_content_style":"","_kad_post_vertical_padding":"","_kad_post_feature":"","_kad_post_feature_position":"","_kad_post_header":false,"_kad_post_footer":false,"_kad_post_classname":"","footnotes":""},"class_list":["post-1968","page","type-page","status-publish","hentry"],"acf":[],"taxonomy_info":[],"featured_image_src_large":false,"author_info":{"display_name":"gootek","author_link":"https:\/\/robstal.pl\/hu\/author\/gootek\/"},"comment_info":0,"_links":{"self":[{"href":"https:\/\/robstal.pl\/hu\/wp-json\/wp\/v2\/pages\/1968","targetHints":{"allow":["GET"]}}],"collection":[{"href":"https:\/\/robstal.pl\/hu\/wp-json\/wp\/v2\/pages"}],"about":[{"href":"https:\/\/robstal.pl\/hu\/wp-json\/wp\/v2\/types\/page"}],"author":[{"embeddable":true,"href":"https:\/\/robstal.pl\/hu\/wp-json\/wp\/v2\/users\/1"}],"replies":[{"embeddable":true,"href":"https:\/\/robstal.pl\/hu\/wp-json\/wp\/v2\/comments?post=1968"}],"version-history":[{"count":2,"href":"https:\/\/robstal.pl\/hu\/wp-json\/wp\/v2\/pages\/1968\/revisions"}],"predecessor-version":[{"id":4392,"href":"https:\/\/robstal.pl\/hu\/wp-json\/wp\/v2\/pages\/1968\/revisions\/4392"}],"wp:attachment":[{"href":"https:\/\/robstal.pl\/hu\/wp-json\/wp\/v2\/media?parent=1968"}],"curies":[{"name":"wp","href":"https:\/\/api.w.org\/{rel}","templated":true}]}}