{"id":2216,"date":"2024-08-08T12:53:05","date_gmt":"2024-08-08T10:53:05","guid":{"rendered":"https:\/\/robstal.pl\/certyfikaty\/"},"modified":"2024-09-23T10:47:34","modified_gmt":"2024-09-23T08:47:34","slug":"tanusitvanyok","status":"publish","type":"page","link":"https:\/\/robstal.pl\/hu\/tanusitvanyok\/","title":{"rendered":"Tan\u00fas\u00edtv\u00e1nyok"},"content":{"rendered":"<style>.kb-row-layout-id2216_ba2965-3e > .kt-row-column-wrap{align-content:start;}:where(.kb-row-layout-id2216_ba2965-3e > .kt-row-column-wrap) > .wp-block-kadence-column{justify-content:start;}.kb-row-layout-id2216_ba2965-3e > .kt-row-column-wrap{column-gap:var(--global-kb-gap-sm, 1rem);row-gap:var(--global-kb-gap-sm, 1rem);max-width:var( --global-content-width, 1290px );padding-left:var(--global-content-edge-padding);padding-right:var(--global-content-edge-padding);padding-top:var(--global-kb-spacing-lg, 3rem);grid-template-columns:minmax(0, calc(55% - ((var(--global-kb-gap-sm, 1rem) * 1 )\/2)))minmax(0, calc(45% - ((var(--global-kb-gap-sm, 1rem) * 1 )\/2)));}.kb-row-layout-id2216_ba2965-3e{background-image:linear-gradient(7deg,rgb(238,238,238) 38%,var(--global-palette9) 38%);}.kb-row-layout-id2216_ba2965-3e > .kt-row-layout-overlay{opacity:0.30;}@media all and (max-width: 1024px){.kb-row-layout-id2216_ba2965-3e > .kt-row-column-wrap{grid-template-columns:minmax(0, 1fr);}}@media all and (max-width: 767px){.kb-row-layout-id2216_ba2965-3e > .kt-row-column-wrap{grid-template-columns:minmax(0, 1fr);}}<\/style><div class=\"kb-row-layout-wrap kb-row-layout-id2216_ba2965-3e alignfull kt-row-has-bg wp-block-kadence-rowlayout\"><div class=\"kt-row-column-wrap kt-has-2-columns kt-row-layout-equal kt-tab-layout-row kt-mobile-layout-row kt-row-valign-top kb-theme-content-width\">\n<style>.kadence-column2216_51d9a5-b1 > .kt-inside-inner-col{padding-top:var(--global-kb-spacing-md, 2rem);padding-right:var(--global-kb-spacing-md, 2rem);padding-bottom:var(--global-kb-spacing-md, 2rem);padding-left:var(--global-kb-spacing-md, 2rem);}.kadence-column2216_51d9a5-b1 > .kt-inside-inner-col,.kadence-column2216_51d9a5-b1 > .kt-inside-inner-col:before{border-top-left-radius:0px;border-top-right-radius:0px;border-bottom-right-radius:0px;border-bottom-left-radius:0px;}.kadence-column2216_51d9a5-b1 > .kt-inside-inner-col{column-gap:var(--global-kb-gap-sm, 1rem);}.kadence-column2216_51d9a5-b1 > .kt-inside-inner-col{flex-direction:column;}.kadence-column2216_51d9a5-b1 > .kt-inside-inner-col > .aligncenter{width:100%;}.kadence-column2216_51d9a5-b1 > .kt-inside-inner-col{background-color:#fbfbfb;}.kadence-column2216_51d9a5-b1 > .kt-inside-inner-col:before{opacity:0.3;}.kadence-column2216_51d9a5-b1{position:relative;}.kadence-column2216_51d9a5-b1, .kt-inside-inner-col > .kadence-column2216_51d9a5-b1:not(.specificity){margin-left:0px;}@media all and (max-width: 1024px){.kadence-column2216_51d9a5-b1 > .kt-inside-inner-col{padding-top:var(--global-kb-spacing-xs, 1rem);padding-right:var(--global-kb-spacing-xs, 1rem);padding-bottom:var(--global-kb-spacing-xs, 1rem);padding-left:var(--global-kb-spacing-xs, 1rem);flex-direction:column;justify-content:center;}}@media all and (max-width: 767px){.kadence-column2216_51d9a5-b1 > .kt-inside-inner-col{flex-direction:column;justify-content:center;}}<\/style>\n<div class=\"wp-block-kadence-column kadence-column2216_51d9a5-b1\"><div class=\"kt-inside-inner-col\"><style>.wp-block-kadence-advancedheading.kt-adv-heading2216_c3e24b-07, .wp-block-kadence-advancedheading.kt-adv-heading2216_c3e24b-07[data-kb-block=\"kb-adv-heading2216_c3e24b-07\"]{font-style:normal;}.wp-block-kadence-advancedheading.kt-adv-heading2216_c3e24b-07 mark.kt-highlight, .wp-block-kadence-advancedheading.kt-adv-heading2216_c3e24b-07[data-kb-block=\"kb-adv-heading2216_c3e24b-07\"] mark.kt-highlight{font-style:normal;color:var(--global-palette1, #3182CE);-webkit-box-decoration-break:clone;box-decoration-break:clone;padding-top:0px;padding-right:0px;padding-bottom:0px;padding-left:0px;}.wp-block-kadence-advancedheading.kt-adv-heading2216_c3e24b-07 img.kb-inline-image, .wp-block-kadence-advancedheading.kt-adv-heading2216_c3e24b-07[data-kb-block=\"kb-adv-heading2216_c3e24b-07\"] img.kb-inline-image{width:150px;vertical-align:baseline;}@media all and (max-width: 1024px){.wp-block-kadence-advancedheading.kt-adv-heading2216_c3e24b-07, .wp-block-kadence-advancedheading.kt-adv-heading2216_c3e24b-07[data-kb-block=\"kb-adv-heading2216_c3e24b-07\"]{max-width:1000px;}}<\/style>\n<h1 class=\"kt-adv-heading2216_c3e24b-07 wp-block-kadence-advancedheading\" data-kb-block=\"kb-adv-heading2216_c3e24b-07\">Tan\u00fas\u00edtv\u00e1nyok<\/h1>\n<\/div><\/div>\n\n\n<style>.kadence-column2216_b9879e-7c > .kt-inside-inner-col{display:flex;}.kadence-column2216_b9879e-7c > .kt-inside-inner-col,.kadence-column2216_b9879e-7c > .kt-inside-inner-col:before{border-top-left-radius:0px;border-top-right-radius:0px;border-bottom-right-radius:0px;border-bottom-left-radius:0px;}.kadence-column2216_b9879e-7c > .kt-inside-inner-col{column-gap:var(--global-kb-gap-sm, 1rem);}.kadence-column2216_b9879e-7c > .kt-inside-inner-col{flex-direction:column;justify-content:center;}.kadence-column2216_b9879e-7c > .kt-inside-inner-col > .aligncenter{width:100%;}.kt-row-column-wrap > .kadence-column2216_b9879e-7c{align-self:center;}.kt-inner-column-height-full:not(.kt-has-1-columns) > .wp-block-kadence-column.kadence-column2216_b9879e-7c{align-self:auto;}.kt-inner-column-height-full:not(.kt-has-1-columns) > .wp-block-kadence-column.kadence-column2216_b9879e-7c > .kt-inside-inner-col{flex-direction:column;justify-content:center;}.kadence-column2216_b9879e-7c > .kt-inside-inner-col:before{opacity:0.3;}.kadence-column2216_b9879e-7c{z-index:5;position:relative;}@media all and (max-width: 1024px){.kt-row-column-wrap > .kadence-column2216_b9879e-7c{align-self:center;}}@media all and (max-width: 1024px){.kt-inner-column-height-full:not(.kt-has-1-columns) > .wp-block-kadence-column.kadence-column2216_b9879e-7c{align-self:auto;}}@media all and (max-width: 1024px){.kt-inner-column-height-full:not(.kt-has-1-columns) > .wp-block-kadence-column.kadence-column2216_b9879e-7c > .kt-inside-inner-col{flex-direction:column;justify-content:center;}}@media all and (max-width: 1024px){.kadence-column2216_b9879e-7c > .kt-inside-inner-col{flex-direction:column;justify-content:center;}}@media all and (max-width: 767px){.kt-row-column-wrap > .kadence-column2216_b9879e-7c{align-self:center;}.kt-inner-column-height-full:not(.kt-has-1-columns) > .wp-block-kadence-column.kadence-column2216_b9879e-7c{align-self:auto;}.kt-inner-column-height-full:not(.kt-has-1-columns) > .wp-block-kadence-column.kadence-column2216_b9879e-7c > .kt-inside-inner-col{flex-direction:column;justify-content:center;}.kadence-column2216_b9879e-7c > .kt-inside-inner-col{flex-direction:column;justify-content:center;}}<\/style>\n<div class=\"wp-block-kadence-column kadence-column2216_b9879e-7c\"><div class=\"kt-inside-inner-col\"><style>.kb-image2216_d014e9-4b.kb-image-is-ratio-size, .kb-image2216_d014e9-4b .kb-image-is-ratio-size{max-width:500px;width:100%;}.wp-block-kadence-column > .kt-inside-inner-col > .kb-image2216_d014e9-4b.kb-image-is-ratio-size, .wp-block-kadence-column > .kt-inside-inner-col > .kb-image2216_d014e9-4b .kb-image-is-ratio-size{align-self:unset;}.kb-image2216_d014e9-4b figure{max-width:500px;}.kb-image2216_d014e9-4b .image-is-svg, .kb-image2216_d014e9-4b .image-is-svg img{width:100%;}.kb-image2216_d014e9-4b .kb-image-has-overlay:after{opacity:0.3;border-top-left-radius:30px;border-top-right-radius:30px;border-bottom-right-radius:30px;border-bottom-left-radius:30px;}.kb-image2216_d014e9-4b img.kb-img, .kb-image2216_d014e9-4b .kb-img img{border-top-left-radius:30px;border-top-right-radius:30px;border-bottom-right-radius:30px;border-bottom-left-radius:30px;}@media all and (max-width: 1024px){.wp-block-kadence-image.kb-image2216_d014e9-4b:not(.kb-specificity-added):not(.kb-extra-specificity-added){margin-right:0px;margin-left:0px;}}<\/style>\n<div class=\"wp-block-kadence-image kb-image2216_d014e9-4b\"><figure class=\"aligncenter size-full\"><img loading=\"lazy\" decoding=\"async\" width=\"364\" height=\"356\" src=\"https:\/\/robstal.pl\/wp-content\/uploads\/2024\/07\/mask-group-27.png\" alt=\"\" class=\"kb-img wp-image-157\" srcset=\"https:\/\/robstal.pl\/wp-content\/uploads\/2024\/07\/mask-group-27.png 364w, https:\/\/robstal.pl\/wp-content\/uploads\/2024\/07\/mask-group-27-300x293.png 300w\" sizes=\"auto, (max-width: 364px) 100vw, 364px\" \/><\/figure><\/div>\n<\/div><\/div>\n\n<\/div><\/div>\n\n<style>.kb-row-layout-id2216_1bb60f-f1 > .kt-row-column-wrap{align-content:start;}:where(.kb-row-layout-id2216_1bb60f-f1 > .kt-row-column-wrap) > .wp-block-kadence-column{justify-content:start;}.kb-row-layout-id2216_1bb60f-f1 > .kt-row-column-wrap{column-gap:var(--global-kb-gap-md, 2rem);row-gap:var(--global-kb-gap-md, 2rem);max-width:var( --global-content-width, 1290px );padding-left:var(--global-content-edge-padding);padding-right:var(--global-content-edge-padding);padding-top:var(--global-kb-spacing-xxl, 5rem);padding-bottom:var(--global-kb-spacing-xxl, 5rem);grid-template-columns:minmax(0, 1fr);}.kb-row-layout-id2216_1bb60f-f1{background-image:linear-gradient(172deg,rgb(238,238,238) 40%,var(--global-palette9) 40%);}.kb-row-layout-id2216_1bb60f-f1 > .kt-row-layout-overlay{opacity:0.30;}@media all and (max-width: 1024px){.kb-row-layout-id2216_1bb60f-f1 > .kt-row-column-wrap{grid-template-columns:minmax(0, 1fr);}}@media all and (max-width: 767px){.kb-row-layout-id2216_1bb60f-f1 > .kt-row-column-wrap{grid-template-columns:minmax(0, 1fr);}}<\/style><div class=\"kb-row-layout-wrap kb-row-layout-id2216_1bb60f-f1 alignfull kt-row-has-bg wp-block-kadence-rowlayout\"><div class=\"kt-row-column-wrap kt-has-1-columns kt-row-layout-equal kt-tab-layout-inherit kt-mobile-layout-row kt-row-valign-top kb-theme-content-width\">\n<style>.kadence-column2216_06d108-aa > .kt-inside-inner-col,.kadence-column2216_06d108-aa > .kt-inside-inner-col:before{border-top-left-radius:0px;border-top-right-radius:0px;border-bottom-right-radius:0px;border-bottom-left-radius:0px;}.kadence-column2216_06d108-aa > .kt-inside-inner-col{column-gap:var(--global-kb-gap-sm, 1rem);}.kadence-column2216_06d108-aa > .kt-inside-inner-col{flex-direction:column;}.kadence-column2216_06d108-aa > .kt-inside-inner-col > .aligncenter{width:100%;}.kadence-column2216_06d108-aa > .kt-inside-inner-col:before{opacity:0.3;}.kadence-column2216_06d108-aa{position:relative;}@media all and (max-width: 1024px){.kadence-column2216_06d108-aa > .kt-inside-inner-col{flex-direction:column;justify-content:center;}}@media all and (max-width: 767px){.kadence-column2216_06d108-aa > .kt-inside-inner-col{flex-direction:column;justify-content:center;}}<\/style>\n<div class=\"wp-block-kadence-column kadence-column2216_06d108-aa\"><div class=\"kt-inside-inner-col\"><style>.wp-block-kadence-advancedgallery .kb-gallery-type-masonry.kb-gallery-id-2216_846e35-05{margin:-5px;}.kb-gallery-type-masonry.kb-gallery-id-2216_846e35-05 .kadence-blocks-gallery-item{padding:5px;}.kb-gallery-id-2216_846e35-05 .kadence-blocks-gallery-item .kb-gal-image-radius, .kb-gallery-id-2216_846e35-05 .kb-slide-item .kb-gal-image-radius img{border-radius:0px 0px 0px 0px;;}<\/style><div class=\"kb-gallery-wrap-id-2216_846e35-05 alignnone wp-block-kadence-advancedgallery\"><ul class=\"kb-gallery-ul kb-gallery-non-static kb-gallery-type-masonry kb-masonry-init kb-gallery-id-2216_846e35-05 kb-gallery-caption-style-bottom-hover kb-gallery-filter-none\" data-image-filter=\"none\" data-item-selector=\".kadence-blocks-gallery-item\" data-lightbox-caption=\"true\" data-columns-xxl=\"3\" data-columns-xl=\"3\" data-columns-md=\"3\" data-columns-sm=\"2\" data-columns-xs=\"1\" data-columns-ss=\"1\"><li class=\"kadence-blocks-gallery-item\" tabindex=\"0\"><div class=\"kadence-blocks-gallery-item-inner\"><figure class=\"kb-gallery-figure kadence-blocks-gallery-item-hide-caption\"><div class=\"kb-gal-image-radius\" style=\"max-width:1024px;\"><div class=\"kb-gallery-image-contain kadence-blocks-gallery-intrinsic\" style=\"padding-bottom:75%;\"><img loading=\"lazy\" decoding=\"async\" src=\"https:\/\/robstal.pl\/wp-content\/uploads\/2024\/07\/garaz-z-schowkiem-oraz-wiatka-2-1024x768.jpg\" width=\"1024\" height=\"768\" alt=\"\" data-full-image=\"https:\/\/robstal.pl\/wp-content\/uploads\/2024\/07\/garaz-z-schowkiem-oraz-wiatka-2.jpg\" data-light-image=\"https:\/\/robstal.pl\/wp-content\/uploads\/2024\/07\/garaz-z-schowkiem-oraz-wiatka-2.jpg\" data-id=\"1202\" class=\"wp-image-1202\" srcset=\"https:\/\/robstal.pl\/wp-content\/uploads\/2024\/07\/garaz-z-schowkiem-oraz-wiatka-2-1024x768.jpg 1024w, https:\/\/robstal.pl\/wp-content\/uploads\/2024\/07\/garaz-z-schowkiem-oraz-wiatka-2-500x375.jpg 500w, https:\/\/robstal.pl\/wp-content\/uploads\/2024\/07\/garaz-z-schowkiem-oraz-wiatka-2-600x450.jpg 600w, https:\/\/robstal.pl\/wp-content\/uploads\/2024\/07\/garaz-z-schowkiem-oraz-wiatka-2-300x225.jpg 300w, https:\/\/robstal.pl\/wp-content\/uploads\/2024\/07\/garaz-z-schowkiem-oraz-wiatka-2-768x576.jpg 768w, https:\/\/robstal.pl\/wp-content\/uploads\/2024\/07\/garaz-z-schowkiem-oraz-wiatka-2.jpg 1066w\" sizes=\"auto, (max-width: 1024px) 100vw, 1024px\" \/><\/div><\/div><\/figure><\/div><\/li><li class=\"kadence-blocks-gallery-item\" tabindex=\"0\"><div class=\"kadence-blocks-gallery-item-inner\"><figure class=\"kb-gallery-figure kadence-blocks-gallery-item-hide-caption\"><div class=\"kb-gal-image-radius\" style=\"max-width:1024px;\"><div class=\"kb-gallery-image-contain kadence-blocks-gallery-intrinsic\" style=\"padding-bottom:75%;\"><img loading=\"lazy\" decoding=\"async\" src=\"https:\/\/robstal.pl\/wp-content\/uploads\/2024\/07\/garaz-z-schowkiem-oraz-wiatka-1-1024x768.jpg\" width=\"1024\" height=\"768\" alt=\"\" data-full-image=\"https:\/\/robstal.pl\/wp-content\/uploads\/2024\/07\/garaz-z-schowkiem-oraz-wiatka-1.jpg\" data-light-image=\"https:\/\/robstal.pl\/wp-content\/uploads\/2024\/07\/garaz-z-schowkiem-oraz-wiatka-1.jpg\" data-id=\"1201\" class=\"wp-image-1201\" srcset=\"https:\/\/robstal.pl\/wp-content\/uploads\/2024\/07\/garaz-z-schowkiem-oraz-wiatka-1-1024x768.jpg 1024w, https:\/\/robstal.pl\/wp-content\/uploads\/2024\/07\/garaz-z-schowkiem-oraz-wiatka-1-500x375.jpg 500w, https:\/\/robstal.pl\/wp-content\/uploads\/2024\/07\/garaz-z-schowkiem-oraz-wiatka-1-600x450.jpg 600w, https:\/\/robstal.pl\/wp-content\/uploads\/2024\/07\/garaz-z-schowkiem-oraz-wiatka-1-300x225.jpg 300w, https:\/\/robstal.pl\/wp-content\/uploads\/2024\/07\/garaz-z-schowkiem-oraz-wiatka-1-768x576.jpg 768w, https:\/\/robstal.pl\/wp-content\/uploads\/2024\/07\/garaz-z-schowkiem-oraz-wiatka-1.jpg 1066w\" sizes=\"auto, (max-width: 1024px) 100vw, 1024px\" \/><\/div><\/div><\/figure><\/div><\/li><li class=\"kadence-blocks-gallery-item\" tabindex=\"0\"><div class=\"kadence-blocks-gallery-item-inner\"><figure class=\"kb-gallery-figure kadence-blocks-gallery-item-hide-caption\"><div class=\"kb-gal-image-radius\" style=\"max-width:970px;\"><div class=\"kb-gallery-image-contain kadence-blocks-gallery-intrinsic\" style=\"padding-bottom:75%;\"><img loading=\"lazy\" decoding=\"async\" src=\"https:\/\/robstal.pl\/wp-content\/uploads\/2024\/07\/zyro-image-11.jpg\" width=\"970\" height=\"731\" alt=\"\" data-full-image=\"https:\/\/robstal.pl\/wp-content\/uploads\/2024\/07\/zyro-image-11.jpg\" data-light-image=\"https:\/\/robstal.pl\/wp-content\/uploads\/2024\/07\/zyro-image-11.jpg\" data-id=\"1181\" class=\"wp-image-1181\" srcset=\"https:\/\/robstal.pl\/wp-content\/uploads\/2024\/07\/zyro-image-11.jpg 970w, https:\/\/robstal.pl\/wp-content\/uploads\/2024\/07\/zyro-image-11-600x452.jpg 600w, https:\/\/robstal.pl\/wp-content\/uploads\/2024\/07\/zyro-image-11-300x226.jpg 300w, https:\/\/robstal.pl\/wp-content\/uploads\/2024\/07\/zyro-image-11-768x579.jpg 768w\" sizes=\"auto, (max-width: 970px) 100vw, 970px\" \/><\/div><\/div><\/figure><\/div><\/li><\/ul><\/div><\/div><\/div>\n\n<\/div><\/div>","protected":false},"excerpt":{"rendered":"<p>Tan\u00fas\u00edtv\u00e1nyok<\/p>\n","protected":false},"author":1,"featured_media":0,"parent":0,"menu_order":0,"comment_status":"closed","ping_status":"closed","template":"","meta":{"_kad_blocks_custom_css":"","_kad_blocks_head_custom_js":"","_kad_blocks_body_custom_js":"","_kad_blocks_footer_custom_js":"","_kad_post_transparent":"","_kad_post_title":"","_kad_post_layout":"","_kad_post_sidebar_id":"","_kad_post_content_style":"","_kad_post_vertical_padding":"","_kad_post_feature":"","_kad_post_feature_position":"","_kad_post_header":false,"_kad_post_footer":false,"_kad_post_classname":"","footnotes":""},"class_list":["post-2216","page","type-page","status-publish","hentry"],"acf":[],"taxonomy_info":[],"featured_image_src_large":false,"author_info":{"display_name":"gootek","author_link":"https:\/\/robstal.pl\/hu\/author\/gootek\/"},"comment_info":0,"_links":{"self":[{"href":"https:\/\/robstal.pl\/hu\/wp-json\/wp\/v2\/pages\/2216","targetHints":{"allow":["GET"]}}],"collection":[{"href":"https:\/\/robstal.pl\/hu\/wp-json\/wp\/v2\/pages"}],"about":[{"href":"https:\/\/robstal.pl\/hu\/wp-json\/wp\/v2\/types\/page"}],"author":[{"embeddable":true,"href":"https:\/\/robstal.pl\/hu\/wp-json\/wp\/v2\/users\/1"}],"replies":[{"embeddable":true,"href":"https:\/\/robstal.pl\/hu\/wp-json\/wp\/v2\/comments?post=2216"}],"version-history":[{"count":2,"href":"https:\/\/robstal.pl\/hu\/wp-json\/wp\/v2\/pages\/2216\/revisions"}],"predecessor-version":[{"id":4436,"href":"https:\/\/robstal.pl\/hu\/wp-json\/wp\/v2\/pages\/2216\/revisions\/4436"}],"wp:attachment":[{"href":"https:\/\/robstal.pl\/hu\/wp-json\/wp\/v2\/media?parent=2216"}],"curies":[{"name":"wp","href":"https:\/\/api.w.org\/{rel}","templated":true}]}}