{"id":2644,"date":"2024-08-22T11:46:20","date_gmt":"2024-08-22T09:46:20","guid":{"rendered":"https:\/\/robstal.pl?post_type=product&#038;p=2644"},"modified":"2024-09-23T10:25:03","modified_gmt":"2024-09-23T08:25:03","slug":"wiata-blaszana-12x5m-wegry","status":"publish","type":"product","link":"https:\/\/robstal.pl\/hu\/Term\u00e9k\/wiata-blaszana-12x5m-wegry\/","title":{"rendered":"Wiata blaszana 12x5m &#8211; W\u0119gry"},"content":{"rendered":"<style>.kb-row-layout-id2644_151c7d-fc > .kt-row-column-wrap{align-content:start;}:where(.kb-row-layout-id2644_151c7d-fc > .kt-row-column-wrap) > .wp-block-kadence-column{justify-content:start;}.kb-row-layout-id2644_151c7d-fc > .kt-row-column-wrap{column-gap:var(--global-kb-gap-md, 2rem);row-gap:var(--global-kb-gap-md, 2rem);max-width:var( --global-content-width, 1290px );padding-left:var(--global-content-edge-padding);padding-right:var(--global-content-edge-padding);padding-top:var(--global-kb-spacing-xxl, 5rem);padding-bottom:var(--global-kb-spacing-xxl, 5rem);grid-template-columns:minmax(0, 1fr);}.kb-row-layout-id2644_151c7d-fc{background-color:#f7f7f7;}.kb-row-layout-id2644_151c7d-fc > .kt-row-layout-overlay{opacity:0.30;}@media all and (max-width: 1024px){.kb-row-layout-id2644_151c7d-fc > .kt-row-column-wrap{padding-top:var(--global-kb-spacing-md, 2rem);padding-bottom:var(--global-kb-spacing-md, 2rem);grid-template-columns:minmax(0, 1fr);}}@media all and (max-width: 767px){.kb-row-layout-id2644_151c7d-fc > .kt-row-column-wrap{grid-template-columns:minmax(0, 1fr);}}<\/style><div class=\"kb-row-layout-wrap kb-row-layout-id2644_151c7d-fc alignfull kt-row-has-bg wp-block-kadence-rowlayout\"><div class=\"kt-row-column-wrap kt-has-1-columns kt-row-layout-equal kt-tab-layout-inherit kt-mobile-layout-row kt-row-valign-top kb-theme-content-width\">\n<style>.kadence-column2644_443c8b-81 > .kt-inside-inner-col,.kadence-column2644_443c8b-81 > .kt-inside-inner-col:before{border-top-left-radius:0px;border-top-right-radius:0px;border-bottom-right-radius:0px;border-bottom-left-radius:0px;}.kadence-column2644_443c8b-81 > .kt-inside-inner-col{column-gap:var(--global-kb-gap-sm, 1rem);}.kadence-column2644_443c8b-81 > .kt-inside-inner-col{flex-direction:column;}.kadence-column2644_443c8b-81 > .kt-inside-inner-col > .aligncenter{width:100%;}.kadence-column2644_443c8b-81 > .kt-inside-inner-col:before{opacity:0.3;}.kadence-column2644_443c8b-81{position:relative;}@media all and (max-width: 1024px){.kadence-column2644_443c8b-81 > .kt-inside-inner-col{flex-direction:column;justify-content:center;}}@media all and (max-width: 767px){.kadence-column2644_443c8b-81 > .kt-inside-inner-col{flex-direction:column;justify-content:center;}}<\/style>\n<div class=\"wp-block-kadence-column kadence-column2644_443c8b-81\"><div class=\"kt-inside-inner-col\"><style>.kt-tabs-id2644_bf474f-08 > .kt-tabs-content-wrap > .wp-block-kadence-tab{border-top:0px solid transparent;border-right:0px solid transparent;border-bottom:0px solid transparent;border-left:0px solid transparent;border-top-left-radius:0px;border-top-right-radius:0px;border-bottom-right-radius:0px;border-bottom-left-radius:0px;padding-top:var(--global-kb-spacing-lg, 3rem);padding-right:var(--global-kb-spacing-lg, 3rem);padding-bottom:var(--global-kb-spacing-lg, 3rem);padding-left:var(--global-kb-spacing-lg, 3rem);background:var(--global-palette9, #ffffff);}.wp-block-kadence-tabs .kt-tabs-id2644_bf474f-08 > .kt-tabs-title-list li{margin-top:0px;margin-right:8px;margin-bottom:0px;margin-left:0px;}.wp-block-kadence-tabs .kt-tabs-id2644_bf474f-08 > .kt-tabs-title-list li:last-child{margin-right:0px;}.wp-block-kadence-tabs .kt-tabs-id2644_bf474f-08 > .kt-tabs-title-list li .kt-tab-title, .wp-block-kadence-tabs .kt-tabs-id2644_bf474f-08 > .kt-tabs-content-wrap > .kt-tabs-accordion-title .kt-tab-title{font-size:18px;line-height:1.4em;font-weight:regular;font-style:normal;border-top-width:0px;border-right-width:0px;border-bottom-width:4px;border-left-width:0px;border-top-left-radius:4px;border-top-right-radius:4px;border-bottom-right-radius:0px;border-bottom-left-radius:0px;padding-top:8px;padding-right:20px;padding-bottom:8px;padding-left:20px;border-color:var(--global-palette9, #ffffff);color:var(--global-palette3, #1A202C);background:var(--global-palette9, #ffffff);}.wp-block-kadence-tabs .kt-tabs-id2644_bf474f-08 > .kt-tabs-content-wrap > .kt-tabs-accordion-title .kt-tab-title{margin-top:0px;margin-right:8px;margin-bottom:0px;margin-left:0px;}.wp-block-kadence-tabs .kt-tabs-id2644_bf474f-08 > .kt-tabs-title-list li .kt-tab-title:hover, .wp-block-kadence-tabs .kt-tabs-id2644_bf474f-08 > .kt-tabs-content-wrap > .kt-tabs-accordion-title .kt-tab-title:hover{border-color:var(--global-palette2, #2B6CB0);color:var(--global-palette9, #ffffff);background:var(--global-palette2, #2B6CB0);}.wp-block-kadence-tabs .kt-tabs-id2644_bf474f-08 > .kt-tabs-title-list li.kt-tab-title-active .kt-tab-title, .wp-block-kadence-tabs .kt-tabs-id2644_bf474f-08 > .kt-tabs-content-wrap > .kt-tabs-accordion-title.kt-tab-title-active .kt-tab-title{border-color:var(--global-palette1, #3182CE);color:var(--global-palette9, #ffffff);background:var(--global-palette1, #3182CE);}@media all and (max-width: 1024px){.kt-tabs-id2644_bf474f-08 > .kt-tabs-content-wrap > .wp-block-kadence-tab{border-top:0px solid transparent;border-right:0px solid transparent;border-bottom:0px solid transparent;border-left:0px solid transparent;}}@media all and (max-width: 1024px){.wp-block-kadence-tabs .kt-tabs-id2644_bf474f-08 > .kt-tabs-title-list li .kt-tab-title, .wp-block-kadence-tabs .kt-tabs-id2644_bf474f-08 > .kt-tabs-content-wrap > .kt-tabs-accordion-title .kt-tab-title{font-size:px;}}@media all and (max-width: 767px){.kt-tabs-id2644_bf474f-08 > .kt-tabs-content-wrap > .wp-block-kadence-tab{border-top:0px solid transparent;border-right:0px solid transparent;border-bottom:0px solid transparent;border-left:0px solid transparent;padding-top:var(--global-kb-spacing-xs, 1rem);padding-right:var(--global-kb-spacing-xs, 1rem);padding-bottom:var(--global-kb-spacing-xs, 1rem);padding-left:var(--global-kb-spacing-xs, 1rem);}.wp-block-kadence-tabs .kt-tabs-id2644_bf474f-08 > .kt-tabs-title-list li .kt-tab-title, .wp-block-kadence-tabs .kt-tabs-id2644_bf474f-08 > .kt-tabs-content-wrap > .kt-tabs-accordion-title .kt-tab-title{padding-top:10px;padding-right:10px;padding-bottom:10px;padding-left:10px;font-size:16px;}}<\/style>\n<div class=\"wp-block-kadence-tabs alignnone custom-tabs\"><div class=\"kt-tabs-wrap kt-tabs-id2644_bf474f-08 kt-tabs-has-3-tabs kt-active-tab-1 kt-tabs-layout-tabs kt-tabs-tablet-layout-inherit kt-tabs-mobile-layout-inherit kt-tab-alignment-center \"><ul class=\"kt-tabs-title-list\"><li id=\"tab-opisproduktu\" class=\"kt-title-item kt-title-item-1 kt-tabs-svg-show-always kt-tabs-icon-side-right kt-tab-title-active\"><a href=\"#tab-opisproduktu\" data-tab=\"1\" class=\"kt-tab-title kt-tab-title-1 \"><span class=\"kt-title-text\">Opis produktu<\/span><\/a><\/li><li id=\"tab-kolorystyka\" class=\"kt-title-item kt-title-item-2 kt-tabs-svg-show-always kt-tabs-icon-side-right kt-tab-title-inactive\"><a href=\"#tab-kolorystyka\" data-tab=\"2\" class=\"kt-tab-title kt-tab-title-2 \"><span class=\"kt-title-text\">Kolorystyka<\/span><\/a><\/li><li id=\"tab-wymiarywiaty\" class=\"kt-title-item kt-title-item-3 kt-tabs-svg-show-always kt-tabs-icon-side-right kt-tab-title-inactive\"><a href=\"#tab-wymiarywiaty\" data-tab=\"3\" class=\"kt-tab-title kt-tab-title-3 \"><span class=\"kt-title-text\">Wymiary wiaty<\/span><\/a><\/li><\/ul><div class=\"kt-tabs-content-wrap\">\n<div class=\"wp-block-kadence-tab kt-tab-inner-content kt-inner-tab-1 kt-inner-tab_db738f-cb\"><div class=\"kt-tab-inner-content-inner\">\n<p>Przedmiotem sprzeda\u017cy jest&nbsp;wiata blaszana o wymiarach podstawy 12x5m. Konstrukcja wykonana jest z&nbsp;<strong>profili zamkni\u0119tych<\/strong>&nbsp;zabezpieczonych farb\u0105 podk\u0142adow\u0105. Wiata obita jest blach\u0105 trapezow\u0105 ocynkowan\u0105 I gatunku (za dop\u0142at\u0105 blacha akrylowa w kolorze).<\/p>\n\n\n\n<p><strong>Ka\u017cdy gara\u017c mo\u017cna dowolnie konfigurowa\u0107 i dostosowa\u0107 do indywidualnych potrzeb.&nbsp;W celu zmiany domy\u015blnych parametr\u00f3w gara\u017cu prosimy o kontakt z naszym biurem.<\/strong><\/p>\n<\/div><\/div>\n\n\n\n<div class=\"wp-block-kadence-tab kt-tab-inner-content kt-inner-tab-2 kt-inner-tab_8693a9-c3\"><div class=\"kt-tab-inner-content-inner\"><style>.wp-block-kadence-image.kb-image2644_e35f3e-7b:not(.kb-specificity-added):not(.kb-extra-specificity-added){margin-top:var(--global-kb-spacing-xl, 4rem);}.kb-image2644_e35f3e-7b .kb-image-has-overlay:after{opacity:0.3;}<\/style>\n<div class=\"wp-block-kadence-image kb-image2644_e35f3e-7b\"><figure class=\"aligncenter size-large\"><img loading=\"lazy\" decoding=\"async\" width=\"1024\" height=\"442\" src=\"https:\/\/robstal.pl\/wp-content\/uploads\/2024\/07\/paleta-wiata-1024x442.jpg\" alt=\"\" class=\"kb-img wp-image-1264\" srcset=\"https:\/\/robstal.pl\/wp-content\/uploads\/2024\/07\/paleta-wiata-1024x442.jpg 1024w, https:\/\/robstal.pl\/wp-content\/uploads\/2024\/07\/paleta-wiata-600x259.jpg 600w, https:\/\/robstal.pl\/wp-content\/uploads\/2024\/07\/paleta-wiata-300x129.jpg 300w, https:\/\/robstal.pl\/wp-content\/uploads\/2024\/07\/paleta-wiata-768x331.jpg 768w, https:\/\/robstal.pl\/wp-content\/uploads\/2024\/07\/paleta-wiata-1536x663.jpg 1536w, https:\/\/robstal.pl\/wp-content\/uploads\/2024\/07\/paleta-wiata.jpg 1555w\" sizes=\"auto, (max-width: 1024px) 100vw, 1024px\" \/><\/figure><\/div>\n<\/div><\/div>\n\n\n\n<div class=\"wp-block-kadence-tab kt-tab-inner-content kt-inner-tab-3 kt-inner-tab_576b81-60\"><div class=\"kt-tab-inner-content-inner\">\n<ul class=\"wp-block-list\">\n<li>szeroko\u015b\u0107 ca\u0142kowita:&nbsp;<strong>12&nbsp;m,<\/strong><\/li>\n\n\n\n<li>d\u0142ugo\u015b\u0107 (g\u0142\u0119boko\u015b\u0107):&nbsp;<strong>5&nbsp;m,<\/strong><\/li>\n\n\n\n<li>wysoko\u015b\u0107 z przodu:&nbsp;<strong>3,5&nbsp;m,<\/strong><\/li>\n\n\n\n<li>wysoko\u015b\u0107 z ty\u0142u:&nbsp;<strong>3,2&nbsp;m,<\/strong><\/li>\n<\/ul>\n<\/div><\/div>\n<\/div><\/div><\/div>\n<\/div><\/div>\n\n<\/div><\/div>\n\n<style>.kb-row-layout-id2644_73ae5f-a1 > .kt-row-column-wrap{align-content:start;}:where(.kb-row-layout-id2644_73ae5f-a1 > .kt-row-column-wrap) > .wp-block-kadence-column{justify-content:start;}.kb-row-layout-id2644_73ae5f-a1 > .kt-row-column-wrap{column-gap:var(--global-kb-gap-md, 2rem);row-gap:var(--global-kb-gap-md, 2rem);max-width:var( --global-content-width, 1290px );padding-left:var(--global-content-edge-padding);padding-right:var(--global-content-edge-padding);padding-top:var(--global-kb-spacing-lg, 3rem);padding-bottom:var(--global-kb-spacing-lg, 3rem);grid-template-columns:minmax(0, 1fr);}.kb-row-layout-id2644_73ae5f-a1 > .kt-row-layout-overlay{opacity:0.30;}@media all and (max-width: 1024px){.kb-row-layout-id2644_73ae5f-a1 > .kt-row-column-wrap{grid-template-columns:minmax(0, 1fr);}}@media all and (max-width: 767px){.kb-row-layout-id2644_73ae5f-a1 > .kt-row-column-wrap{grid-template-columns:minmax(0, 1fr);}}<\/style><div class=\"kb-row-layout-wrap kb-row-layout-id2644_73ae5f-a1 alignfull wp-block-kadence-rowlayout\"><div class=\"kt-row-column-wrap kt-has-1-columns kt-row-layout-equal kt-tab-layout-inherit kt-mobile-layout-row kt-row-valign-top kb-theme-content-width\">\n<style>.kadence-column2644_ac6f49-ef > .kt-inside-inner-col,.kadence-column2644_ac6f49-ef > .kt-inside-inner-col:before{border-top-left-radius:0px;border-top-right-radius:0px;border-bottom-right-radius:0px;border-bottom-left-radius:0px;}.kadence-column2644_ac6f49-ef > .kt-inside-inner-col{column-gap:var(--global-kb-gap-sm, 1rem);}.kadence-column2644_ac6f49-ef > .kt-inside-inner-col{flex-direction:column;}.kadence-column2644_ac6f49-ef > .kt-inside-inner-col > .aligncenter{width:100%;}.kadence-column2644_ac6f49-ef > .kt-inside-inner-col:before{opacity:0.3;}.kadence-column2644_ac6f49-ef{position:relative;}@media all and (max-width: 1024px){.kadence-column2644_ac6f49-ef > .kt-inside-inner-col{flex-direction:column;justify-content:center;}}@media all and (max-width: 767px){.kadence-column2644_ac6f49-ef > .kt-inside-inner-col{flex-direction:column;justify-content:center;}}<\/style>\n<div class=\"wp-block-kadence-column kadence-column2644_ac6f49-ef\"><div class=\"kt-inside-inner-col\"><style>.kb-image2644_93716c-2e .kb-image-has-overlay:after{opacity:0.3;}<\/style>\n<div class=\"wp-block-kadence-image kb-image2644_93716c-2e\"><figure class=\"aligncenter size-full\"><img loading=\"lazy\" decoding=\"async\" width=\"1280\" height=\"353\" src=\"https:\/\/robstal.pl\/wp-content\/uploads\/2024\/07\/dripstop2.jpg\" alt=\"\" class=\"kb-img wp-image-1097\" srcset=\"https:\/\/robstal.pl\/wp-content\/uploads\/2024\/07\/dripstop2.jpg 1280w, https:\/\/robstal.pl\/wp-content\/uploads\/2024\/07\/dripstop2-600x165.jpg 600w, https:\/\/robstal.pl\/wp-content\/uploads\/2024\/07\/dripstop2-300x83.jpg 300w, https:\/\/robstal.pl\/wp-content\/uploads\/2024\/07\/dripstop2-1024x282.jpg 1024w, https:\/\/robstal.pl\/wp-content\/uploads\/2024\/07\/dripstop2-768x212.jpg 768w\" sizes=\"auto, (max-width: 1280px) 100vw, 1280px\" \/><\/figure><\/div>\n\n\n<style>.kb-image2644_e2237f-f8 .kb-image-has-overlay:after{opacity:0.3;}<\/style>\n<div class=\"wp-block-kadence-image kb-image2644_e2237f-f8\"><figure class=\"aligncenter size-full\"><img loading=\"lazy\" decoding=\"async\" width=\"716\" height=\"426\" src=\"https:\/\/robstal.pl\/wp-content\/uploads\/2024\/07\/blacha.jpg\" alt=\"\" class=\"kb-img wp-image-1265\" srcset=\"https:\/\/robstal.pl\/wp-content\/uploads\/2024\/07\/blacha.jpg 716w, https:\/\/robstal.pl\/wp-content\/uploads\/2024\/07\/blacha-600x357.jpg 600w, https:\/\/robstal.pl\/wp-content\/uploads\/2024\/07\/blacha-300x178.jpg 300w\" sizes=\"auto, (max-width: 716px) 100vw, 716px\" \/><\/figure><\/div>\n<\/div><\/div>\n\n<\/div><\/div>","protected":false},"excerpt":{"rendered":"","protected":false},"featured_media":1835,"template":"","meta":{"_kad_blocks_custom_css":"","_kad_blocks_head_custom_js":"","_kad_blocks_body_custom_js":"","_kad_blocks_footer_custom_js":"","_kad_post_transparent":"","_kad_post_title":"","_kad_post_layout":"","_kad_post_sidebar_id":"","_kad_post_content_style":"","_kad_post_vertical_padding":"","_kad_post_feature":"","_kad_post_feature_position":"","_kad_post_header":false,"_kad_post_footer":false,"_kad_post_classname":""},"product_brand":[],"product_cat":[69],"product_tag":[],"class_list":{"0":"post-2644","1":"product","2":"type-product","3":"status-publish","4":"has-post-thumbnail","6":"product_cat-fedesek-csarnokok-raktarok","8":"first","9":"instock","10":"taxable","11":"shipping-taxable","12":"purchasable","13":"product-type-simple","14":"entry","15":"content-bg","16":"loop-entry"},"acf":[],"taxonomy_info":{"product_cat":[{"value":69,"label":"FED\u00c9SEK \/ CSARNOKOK \/ RAKT\u00c1ROK"}]},"featured_image_src_large":["https:\/\/robstal.pl\/wp-content\/uploads\/2024\/07\/hala_09.jpg",900,675,false],"author_info":[],"comment_info":"","_links":{"self":[{"href":"https:\/\/robstal.pl\/hu\/wp-json\/wp\/v2\/product\/2644","targetHints":{"allow":["GET"]}}],"collection":[{"href":"https:\/\/robstal.pl\/hu\/wp-json\/wp\/v2\/product"}],"about":[{"href":"https:\/\/robstal.pl\/hu\/wp-json\/wp\/v2\/types\/product"}],"wp:featuredmedia":[{"embeddable":true,"href":"https:\/\/robstal.pl\/hu\/wp-json\/wp\/v2\/media\/1835"}],"wp:attachment":[{"href":"https:\/\/robstal.pl\/hu\/wp-json\/wp\/v2\/media?parent=2644"}],"wp:term":[{"taxonomy":"product_brand","embeddable":true,"href":"https:\/\/robstal.pl\/hu\/wp-json\/wp\/v2\/product_brand?post=2644"},{"taxonomy":"product_cat","embeddable":true,"href":"https:\/\/robstal.pl\/hu\/wp-json\/wp\/v2\/product_cat?post=2644"},{"taxonomy":"product_tag","embeddable":true,"href":"https:\/\/robstal.pl\/hu\/wp-json\/wp\/v2\/product_tag?post=2644"}],"curies":[{"name":"wp","href":"https:\/\/api.w.org\/{rel}","templated":true}]}}