{"id":1941,"date":"2024-07-04T14:57:35","date_gmt":"2024-07-04T12:57:35","guid":{"rendered":"https:\/\/robstal.pl\/warunki-gwarancji\/"},"modified":"2024-09-20T11:59:17","modified_gmt":"2024-09-20T09:59:17","slug":"podejatie-zaruky","status":"publish","type":"page","link":"https:\/\/robstal.pl\/sk\/podejatie-zaruky\/","title":{"rendered":"Podejatie z\u00e1ruky"},"content":{"rendered":"<style>.kb-row-layout-id1941_eaaadb-99 > .kt-row-column-wrap{align-content:start;}:where(.kb-row-layout-id1941_eaaadb-99 > .kt-row-column-wrap) > .wp-block-kadence-column{justify-content:start;}.kb-row-layout-id1941_eaaadb-99 > .kt-row-column-wrap{column-gap:var(--global-kb-gap-md, 2rem);row-gap:var(--global-kb-gap-md, 2rem);max-width:var( --global-content-width, 1290px );padding-left:var(--global-content-edge-padding);padding-right:var(--global-content-edge-padding);padding-top:var(--global-kb-spacing-sm, 1.5rem);padding-bottom:var(--global-kb-spacing-sm, 1.5rem);grid-template-columns:minmax(0, 1fr);}.kb-row-layout-id1941_eaaadb-99 > .kt-row-layout-overlay{opacity:0.30;}@media all and (max-width: 1024px){.kb-row-layout-id1941_eaaadb-99 > .kt-row-column-wrap{grid-template-columns:minmax(0, 1fr);}}@media all and (max-width: 767px){.kb-row-layout-id1941_eaaadb-99 > .kt-row-column-wrap{grid-template-columns:minmax(0, 1fr);}}<\/style><div class=\"kb-row-layout-wrap kb-row-layout-id1941_eaaadb-99 alignfull wp-block-kadence-rowlayout\"><div class=\"kt-row-column-wrap kt-has-1-columns kt-row-layout-equal kt-tab-layout-inherit kt-mobile-layout-row kt-row-valign-top kb-theme-content-width\">\n<style>.kadence-column1941_cbedb7-d0 > .kt-inside-inner-col,.kadence-column1941_cbedb7-d0 > .kt-inside-inner-col:before{border-top-left-radius:0px;border-top-right-radius:0px;border-bottom-right-radius:0px;border-bottom-left-radius:0px;}.kadence-column1941_cbedb7-d0 > .kt-inside-inner-col{column-gap:var(--global-kb-gap-sm, 1rem);}.kadence-column1941_cbedb7-d0 > .kt-inside-inner-col{flex-direction:column;}.kadence-column1941_cbedb7-d0 > .kt-inside-inner-col > .aligncenter{width:100%;}.kadence-column1941_cbedb7-d0 > .kt-inside-inner-col:before{opacity:0.3;}.kadence-column1941_cbedb7-d0{position:relative;}@media all and (max-width: 1024px){.kadence-column1941_cbedb7-d0 > .kt-inside-inner-col{flex-direction:column;justify-content:center;}}@media all and (max-width: 767px){.kadence-column1941_cbedb7-d0 > .kt-inside-inner-col{flex-direction:column;justify-content:center;}}<\/style>\n<div class=\"wp-block-kadence-column kadence-column1941_cbedb7-d0\"><div class=\"kt-inside-inner-col\"><style>.wp-block-kadence-advancedheading.kt-adv-heading1941_29c875-84, .wp-block-kadence-advancedheading.kt-adv-heading1941_29c875-84[data-kb-block=\"kb-adv-heading1941_29c875-84\"]{text-align:center;font-style:normal;}.wp-block-kadence-advancedheading.kt-adv-heading1941_29c875-84 mark.kt-highlight, .wp-block-kadence-advancedheading.kt-adv-heading1941_29c875-84[data-kb-block=\"kb-adv-heading1941_29c875-84\"] mark.kt-highlight{font-style:normal;color:#f76a0c;-webkit-box-decoration-break:clone;box-decoration-break:clone;padding-top:0px;padding-right:0px;padding-bottom:0px;padding-left:0px;}.wp-block-kadence-advancedheading.kt-adv-heading1941_29c875-84 img.kb-inline-image, .wp-block-kadence-advancedheading.kt-adv-heading1941_29c875-84[data-kb-block=\"kb-adv-heading1941_29c875-84\"] img.kb-inline-image{width:150px;vertical-align:baseline;}<\/style>\n<h1 class=\"kt-adv-heading1941_29c875-84 wp-block-kadence-advancedheading\" data-kb-block=\"kb-adv-heading1941_29c875-84\">Podmienky z\u00e1ruky \/ Povinnosti kupuj\u00faceho\u00a0<\/h1>\n\n\n<style>.kb-row-layout-id1941_f64e07-a4 > .kt-row-column-wrap{align-content:start;}:where(.kb-row-layout-id1941_f64e07-a4 > .kt-row-column-wrap) > .wp-block-kadence-column{justify-content:start;}.kb-row-layout-id1941_f64e07-a4 > .kt-row-column-wrap{column-gap:var(--global-kb-gap-md, 2rem);row-gap:var(--global-kb-gap-md, 2rem);max-width:var( --global-content-width, 1290px );padding-left:var(--global-content-edge-padding);padding-right:var(--global-content-edge-padding);padding-top:var(--global-kb-spacing-sm, 1.5rem);padding-bottom:var(--global-kb-spacing-sm, 1.5rem);grid-template-columns:minmax(0, 1fr);}.kb-row-layout-id1941_f64e07-a4 > .kt-row-layout-overlay{opacity:0.30;}@media all and (max-width: 1024px){.kb-row-layout-id1941_f64e07-a4 > .kt-row-column-wrap{grid-template-columns:minmax(0, 1fr);}}@media all and (max-width: 767px){.kb-row-layout-id1941_f64e07-a4 > .kt-row-column-wrap{grid-template-columns:minmax(0, 1fr);}}<\/style><div class=\"kb-row-layout-wrap kb-row-layout-id1941_f64e07-a4 alignnone wp-block-kadence-rowlayout\"><div class=\"kt-row-column-wrap kt-has-1-columns kt-row-layout-equal kt-tab-layout-inherit kt-mobile-layout-row kt-row-valign-top kb-theme-content-width\">\n<style>.kadence-column1941_22c815-a2 > .kt-inside-inner-col,.kadence-column1941_22c815-a2 > .kt-inside-inner-col:before{border-top-left-radius:0px;border-top-right-radius:0px;border-bottom-right-radius:0px;border-bottom-left-radius:0px;}.kadence-column1941_22c815-a2 > .kt-inside-inner-col{column-gap:var(--global-kb-gap-sm, 1rem);}.kadence-column1941_22c815-a2 > .kt-inside-inner-col{flex-direction:column;}.kadence-column1941_22c815-a2 > .kt-inside-inner-col > .aligncenter{width:100%;}.kadence-column1941_22c815-a2 > .kt-inside-inner-col:before{opacity:0.3;}.kadence-column1941_22c815-a2{position:relative;}@media all and (max-width: 1024px){.kadence-column1941_22c815-a2 > .kt-inside-inner-col{flex-direction:column;justify-content:center;}}@media all and (max-width: 767px){.kadence-column1941_22c815-a2 > .kt-inside-inner-col{flex-direction:column;justify-content:center;}}<\/style>\n<div class=\"wp-block-kadence-column kadence-column1941_22c815-a2\"><div class=\"kt-inside-inner-col\"><style>.wp-block-kadence-advancedheading.kt-adv-heading1941_70ea65-d8, .wp-block-kadence-advancedheading.kt-adv-heading1941_70ea65-d8[data-kb-block=\"kb-adv-heading1941_70ea65-d8\"]{text-align:center;font-style:normal;}.wp-block-kadence-advancedheading.kt-adv-heading1941_70ea65-d8 mark.kt-highlight, .wp-block-kadence-advancedheading.kt-adv-heading1941_70ea65-d8[data-kb-block=\"kb-adv-heading1941_70ea65-d8\"] mark.kt-highlight{font-style:normal;color:#f76a0c;-webkit-box-decoration-break:clone;box-decoration-break:clone;padding-top:0px;padding-right:0px;padding-bottom:0px;padding-left:0px;}.wp-block-kadence-advancedheading.kt-adv-heading1941_70ea65-d8 img.kb-inline-image, .wp-block-kadence-advancedheading.kt-adv-heading1941_70ea65-d8[data-kb-block=\"kb-adv-heading1941_70ea65-d8\"] img.kb-inline-image{width:150px;vertical-align:baseline;}<\/style>\n<h2 class=\"kt-adv-heading1941_70ea65-d8 wp-block-kadence-advancedheading has-theme-palette-1-color has-text-color\" data-kb-block=\"kb-adv-heading1941_70ea65-d8\"><strong>I. Kotvenie oce\u013eovej kon\u0161trukcie (gar\u00e1\u017ee)\u00a0<\/strong><\/h2>\n\n\n\n<ol start=\"1\" class=\"wp-block-list\">\n<li>Kotvenie oce\u013eovej kon\u0161trukcie nie je s\u00fa\u010das\u0165ou mont\u00e1\u017enych slu\u017eieb a je povinnos\u0165ou kupuj\u00faceho. Na spr\u00e1vne zakotvenie kon\u0161trukcie do podkladu je nevyhnutn\u00e9 striktne dodr\u017eiava\u0165 ni\u017e\u0161ie uveden\u00e9 pokyny.\u00a0<\/li>\n\n\n\n<li>Je potrebn\u00e9 pripravi\u0165 podklad, na ktorom bude umiestnen\u00e1 oce\u013eov\u00e1 kon\u0161trukcia.\u00a0<\/li>\n\n\n\n<li>Podklad by mal by\u0165 vyrovnan\u00fd a nivelizovan\u00fd.\u00a0<\/li>\n\n\n\n<li>Oce\u013eov\u00fa kon\u0161trukciu je nutn\u00e9 bezodkladne zakotvi\u0165 po jej namontovan\u00ed na predt\u00fdm pripraven\u00fd podklad.\u00a0<\/li>\n\n\n\n<li>Ak bude oce\u013eov\u00e1 kon\u0161trukcia umiestnen\u00e1 na zemi, je potrebn\u00e9 ju zakotvi\u0165 kotvami vhodnej d\u013a\u017eky, ktor\u00e1 zodpoved\u00e1 typu p\u00f4dy. V pr\u00edpade pochybnost\u00ed je vhodn\u00e9 konzultova\u0165 s odborn\u00edkom.\u00a0<\/li>\n\n\n\n<li>Ak je p\u00f4da kompaktn\u00e1 alebo kamenist\u00e1, kotva by mala ma\u0165 d\u013a\u017eku minim\u00e1lne 300 mm; pri menej kompaktn\u00fdch p\u00f4dach je potrebn\u00e9 pou\u017ei\u0165 kotvy s d\u013a\u017ekou minim\u00e1lne 600 mm a pri pieso\u010dnat\u00fdch p\u00f4dach kotvy s d\u013a\u017ekou minim\u00e1lne 1000 mm.\u00a0<\/li>\n\n\n\n<li>Pr\u00e1h gar\u00e1\u017ee sa nekotv\u00ed.\u00a0<\/li>\n\n\n\n<li>Po\u010det pou\u017eit\u00fdch kotiev z\u00e1vis\u00ed od rozmerov stien oce\u013eovej kon\u0161trukcie. Najprv je potrebn\u00e9 zakotvi\u0165 stenu dvoma kotvami, ka\u017ed\u00fa pribli\u017ene 200 mm od koncov steny. Vzdialenos\u0165 medzi kotvami rozde\u013ete na \u00faseky pribli\u017ene 1500 mm a na ka\u017edom mieste umiestnite kotvu.\u00a0<\/li>\n\n\n\n<li>Kotvenie do p\u00f4dy. Kotvu zat\u013akame, a\u017e k\u00fdm sa jej prie\u010dka nedotkne povrchu rohu steny. Potom prev\u0155tame dva otvory s priemerom 5 mm cez prie\u010dku a roh steny. Otvory by mali by\u0165 vyv\u0155tan\u00e9 na oboch stran\u00e1ch kotvy zat\u013akanej do zeme. Prie\u010dku kotvy a roh steny spoj\u00edme skrutkou a maticou M10. Skrutka by mala by\u0165 dostato\u010dne dlh\u00e1, aby matica bola \u00faplne dotiahnut\u00e1.\u00a0<\/li>\n\n\n\n<li>Oce\u013eov\u00fa kon\u0161trukciu je mo\u017en\u00e9 umiestni\u0165 na zakopan\u00e9 alebo na zemi polo\u017een\u00e9 vo\u013en\u00e9 podporn\u00e9 prvky (napr. tv\u00e1rnice, dla\u017eobn\u00e9 dosky at\u010f.). Pre jednotliv\u00fa oce\u013eov\u00fa kon\u0161trukciu by malo by\u0165 pou\u017eit\u00e9 minim\u00e1lne 6 kusov podporn\u00fdch prvkov. Ak s\u00fa rozmery kon\u0161trukcie v\u00e4\u010d\u0161ie ne\u017e typick\u00e1 gar\u00e1\u017e pre osobn\u00e9 auto, je potrebn\u00e9 zv\u00fd\u0161i\u0165 po\u010det podporn\u00fdch prvkov.\u00a0<\/li>\n\n\n\n<li>Pri kotven\u00ed oce\u013eovej kon\u0161trukcie umiestnenej na zakopan\u00fdch alebo na zemi polo\u017een\u00fdch vo\u013en\u00fdch podporn\u00fdch prvkoch (napr. tv\u00e1rnice, dla\u017eobn\u00e9 dosky at\u010f.) nie je mo\u017en\u00e9 pou\u017ei\u0165 kovov\u00e9 jednosegmentov\u00e9 rozpern\u00e9 spojky, ale je potrebn\u00e9 pou\u017ei\u0165 kotvy do p\u00f4dy.\u00a0<\/li>\n\n\n\n<li>Pri kotven\u00ed na bet\u00f3novom podklade (nalievan\u00e9, dosky) je potrebn\u00e9 pou\u017ei\u0165 kovov\u00e9 segmentov\u00e9 rozpern\u00e9 spojky 80 x 12 mm alebo 100 x 12 mm. Nie je vhodn\u00e9 pou\u017e\u00edva\u0165 rozpern\u00e9 spojky, v ktor\u00fdch je rozpern\u00fd prvok vyroben\u00fd z plastu.\u00a0<\/li>\n\n\n\n<li>Bet\u00f3nov\u00fd podklad (podlaha, nalievanie, doska) by mal ma\u0165 hr\u00fabku minim\u00e1lne 150 mm. Bet\u00f3nov\u00fd podklad (mur\u00edk) by mal ma\u0165 hr\u00fabku minim\u00e1lne 150 mm a \u0161\u00edrku minim\u00e1lne 100 mm. Bet\u00f3nov\u00fd podklad alebo mur\u00edk by mali ma\u0165 rozmery zv\u00e4\u010d\u0161en\u00e9 o pribli\u017ene 200 mm od rozmerov oce\u013eovej kon\u0161trukcie. Po\u010det spojok treba upravi\u0165 pod\u013ea pravidla z bodu 6.\u00a0<\/li>\n\n\n\n<li>Upevnenie spo\u010d\u00edva v prev\u0155tan\u00ed otvoru s priemerom 12 mm cez roh steny pomocou v\u0155ta\u010dky na kov. V\u0155tanie v kovov\u00fdch materi\u00e1loch je najlep\u0161ie za\u010da\u0165 men\u0161\u00edm vrt\u00e1kom a n\u00e1sledne roz\u0161\u00edri\u0165 v\u00e4\u010d\u0161\u00edm vrt\u00e1kom. N\u00e1sledne pomocou kladivov\u00e9ho v\u0155ta\u010da s vrt\u00e1kom na bet\u00f3n s priemerom 12 mm vyv\u0155tame otvor v bet\u00f3novom podklade s h\u013abkou rovnou d\u013a\u017eke rozpern\u00e9ho prvku pou\u017eit\u00fdch spojky.\u00a0<\/li>\n\n\n\n<li>Umiestnite rozpern\u00fd prvok do otvoru a dotiahnite skrutku do konca.\u00a0<\/li>\n\n\n\n<li>Po zakotven\u00ed oce\u013eovej kon\u0161trukcie je potrebn\u00e9 zabet\u00f3nova\u0165 vstupn\u00fd prah. Prejazd vozidlom po nezabet\u00f3novanom prahu m\u00f4\u017ee sp\u00f4sobi\u0165 jeho po\u0161kodenie alebo ohnutie.\u00a0<\/li>\n\n\n\n<li>Oce\u013eov\u00fa kon\u0161trukciu umiestnen\u00fa na zemi alebo na podporn\u00fdch prvkoch je potrebn\u00e9 zabezpe\u010di\u0165 vykopan\u00edm vyh\u013abenia (priehlbiny) pozd\u013a\u017e prahu a priamo pod n\u00edm s h\u013abkou pribli\u017ene 20 cm a \u0161\u00edrkou pribli\u017ene 40 cm, ktor\u00e9 je potrebn\u00e9 vyplni\u0165 bet\u00f3nom. V pr\u00edpade oce\u013eovej kon\u0161trukcie umiestnenej na bet\u00f3novej podlahe treba postupova\u0165 podobne, pri\u010dom vyh\u013abenie by malo ma\u0165 h\u013abku pribli\u017ene 10 cm.<\/li>\n<\/ol>\n<\/div><\/div>\n\n\n<style>.kadence-column1941_7e7ad7-19 > .kt-inside-inner-col,.kadence-column1941_7e7ad7-19 > .kt-inside-inner-col:before{border-top-left-radius:0px;border-top-right-radius:0px;border-bottom-right-radius:0px;border-bottom-left-radius:0px;}.kadence-column1941_7e7ad7-19 > .kt-inside-inner-col{column-gap:var(--global-kb-gap-sm, 1rem);}.kadence-column1941_7e7ad7-19 > .kt-inside-inner-col{flex-direction:column;}.kadence-column1941_7e7ad7-19 > .kt-inside-inner-col > .aligncenter{width:100%;}.kadence-column1941_7e7ad7-19 > .kt-inside-inner-col:before{opacity:0.3;}.kadence-column1941_7e7ad7-19{position:relative;}@media all and (max-width: 1024px){.kadence-column1941_7e7ad7-19 > .kt-inside-inner-col{flex-direction:column;justify-content:center;}}@media all and (max-width: 767px){.kadence-column1941_7e7ad7-19 > .kt-inside-inner-col{flex-direction:column;justify-content:center;}}<\/style>\n<div class=\"wp-block-kadence-column kadence-column1941_7e7ad7-19\"><div class=\"kt-inside-inner-col\"><style>.wp-block-kadence-advancedheading.kt-adv-heading1941_93eea0-7c, .wp-block-kadence-advancedheading.kt-adv-heading1941_93eea0-7c[data-kb-block=\"kb-adv-heading1941_93eea0-7c\"]{text-align:center;font-style:normal;}.wp-block-kadence-advancedheading.kt-adv-heading1941_93eea0-7c mark.kt-highlight, .wp-block-kadence-advancedheading.kt-adv-heading1941_93eea0-7c[data-kb-block=\"kb-adv-heading1941_93eea0-7c\"] mark.kt-highlight{font-style:normal;color:#f76a0c;-webkit-box-decoration-break:clone;box-decoration-break:clone;padding-top:0px;padding-right:0px;padding-bottom:0px;padding-left:0px;}.wp-block-kadence-advancedheading.kt-adv-heading1941_93eea0-7c img.kb-inline-image, .wp-block-kadence-advancedheading.kt-adv-heading1941_93eea0-7c[data-kb-block=\"kb-adv-heading1941_93eea0-7c\"] img.kb-inline-image{width:150px;vertical-align:baseline;}<\/style>\n<h2 class=\"kt-adv-heading1941_93eea0-7c wp-block-kadence-advancedheading has-theme-palette-1-color has-text-color\" data-kb-block=\"kb-adv-heading1941_93eea0-7c\"><strong>II. <strong>V\u0161eobecn\u00e9 inform\u00e1cie\u00a0<\/strong><\/strong><\/h2>\n\n\n\n<ol start=\"1\" class=\"wp-block-list\">\n<li>Prvky oce\u013eovej kon\u0161trukcie, ktor\u00e9 boli chr\u00e1nen\u00e9 z\u00e1kladn\u00fdm n\u00e1terom, je potrebn\u00e9 natrie\u0165 vrchn\u00fdm n\u00e1terom.\u00a0<\/li>\n\n\n\n<li>Prvky oce\u013eovej kon\u0161trukcie s\u00fa vyroben\u00e9 z pozinkovan\u00fdch profilov, ktor\u00e9 je potrebn\u00e9 samostatne natrie\u0165 vrchn\u00fdm n\u00e1terom, pri\u010dom je d\u00f4le\u017eit\u00e9 zabezpe\u010di\u0165 miesta zvarov a skrutkovania. Natretie kon\u0161trukcie ochr\u00e1ni tieto prvky pred kor\u00f3ziou.\u00a0<\/li>\n\n\n\n<li>P\u00e1nty je potrebn\u00e9 natrie\u0165 a aspo\u0148 raz za \u0161tvr\u0165rok ich premaz\u00e1va\u0165 strojov\u00fdm mazivom.\u00a0<\/li>\n\n\n\n<li>Na be\u017en\u00e9 \u010distenie oce\u013eovej kon\u0161trukcie je potrebn\u00e9 pou\u017e\u00edva\u0165 tepl\u00fa vodu s mal\u00fdm mno\u017estvom neagres\u00edvneho \u010distiaceho prostriedku. Pripevnen\u00e9 ne\u010distoty je potrebn\u00e9 namo\u010di\u0165 v teplej vode s mal\u00fdm mno\u017estvom \u010distiaceho prostriedku a n\u00e1sledne opatrne zotrie\u0165 pomocou bavlnenej alebo celul\u00f3zovej utierky. Na \u010distenie oce\u013eovej kon\u0161trukcie by sa nemali pou\u017e\u00edva\u0165 \u010distiace prostriedky na drhnutie, abraz\u00edvne prostriedky, utierky s drhn\u00facou vrstvou alebo rozp\u00fa\u0161\u0165adl\u00e1 (napr. acet\u00f3n, nitro at\u010f.), preto\u017ee by to mohlo po\u0161kodi\u0165 povrch kon\u0161trukcie gar\u00e1\u017ee.\u00a0<\/li>\n\n\n\n<li>V zimnom obdob\u00ed je potrebn\u00e9 odstra\u0148ova\u0165 nadbyto\u010dn\u00fd sneh z strechy. Pri odstra\u0148ovan\u00ed snehu je potrebn\u00e9 pou\u017ei\u0165 n\u00e1stroje, ktor\u00e9 nepo\u0161kodia povrch strechy.\u00a0<\/li>\n\n\n\n<li>Pri odstra\u0148ovan\u00ed snehu zo strechy je potrebn\u00e9 pou\u017e\u00edva\u0165 pracovn\u00e9 met\u00f3dy, zariadenia a n\u00e1stroje na ochranu pred nehodami a dodr\u017eiava\u0165 pravidl\u00e1 pr\u00e1ce vo v\u00fd\u0161kach.\u00a0<\/li>\n\n\n\n<li>V pr\u00edpade v\u00fdrobku vyroben\u00e9ho z akrylovej plechu je kupuj\u00faci povinn\u00fd okam\u017eite odstr\u00e1ni\u0165 ochrann\u00fa f\u00f3liu na vlastn\u00e9 n\u00e1klady.\u00a0<\/li>\n<\/ol>\n<\/div><\/div>\n\n\n<style>.kadence-column1941_075b32-65 > .kt-inside-inner-col,.kadence-column1941_075b32-65 > .kt-inside-inner-col:before{border-top-left-radius:0px;border-top-right-radius:0px;border-bottom-right-radius:0px;border-bottom-left-radius:0px;}.kadence-column1941_075b32-65 > .kt-inside-inner-col{column-gap:var(--global-kb-gap-sm, 1rem);}.kadence-column1941_075b32-65 > .kt-inside-inner-col{flex-direction:column;}.kadence-column1941_075b32-65 > .kt-inside-inner-col > .aligncenter{width:100%;}.kadence-column1941_075b32-65 > .kt-inside-inner-col:before{opacity:0.3;}.kadence-column1941_075b32-65{position:relative;}@media all and (max-width: 1024px){.kadence-column1941_075b32-65 > .kt-inside-inner-col{flex-direction:column;justify-content:center;}}@media all and (max-width: 767px){.kadence-column1941_075b32-65 > .kt-inside-inner-col{flex-direction:column;justify-content:center;}}<\/style>\n<div class=\"wp-block-kadence-column kadence-column1941_075b32-65\"><div class=\"kt-inside-inner-col\"><style>.wp-block-kadence-advancedheading.kt-adv-heading1941_e2d4e2-72, .wp-block-kadence-advancedheading.kt-adv-heading1941_e2d4e2-72[data-kb-block=\"kb-adv-heading1941_e2d4e2-72\"]{text-align:center;font-style:normal;}.wp-block-kadence-advancedheading.kt-adv-heading1941_e2d4e2-72 mark.kt-highlight, .wp-block-kadence-advancedheading.kt-adv-heading1941_e2d4e2-72[data-kb-block=\"kb-adv-heading1941_e2d4e2-72\"] mark.kt-highlight{font-style:normal;color:#f76a0c;-webkit-box-decoration-break:clone;box-decoration-break:clone;padding-top:0px;padding-right:0px;padding-bottom:0px;padding-left:0px;}.wp-block-kadence-advancedheading.kt-adv-heading1941_e2d4e2-72 img.kb-inline-image, .wp-block-kadence-advancedheading.kt-adv-heading1941_e2d4e2-72[data-kb-block=\"kb-adv-heading1941_e2d4e2-72\"] img.kb-inline-image{width:150px;vertical-align:baseline;}<\/style>\n<h2 class=\"kt-adv-heading1941_e2d4e2-72 wp-block-kadence-advancedheading has-theme-palette-1-color has-text-color\" data-kb-block=\"kb-adv-heading1941_e2d4e2-72\"><strong>III. <strong><strong>Podmienky z\u00e1ruky<\/strong><\/strong><\/strong><\/h2>\n\n\n\n<ol start=\"1\" class=\"wp-block-list\">\n<li>V\u00fdrobca poskytuje z\u00e1ruku na oce\u013eov\u00fa kon\u0161trukciu na obdobie jedn\u00e9ho roka. Z\u00e1ruka sa vz\u0165ahuje na oce\u013eov\u00fa kon\u0161trukciu.\u00a0<\/li>\n\n\n\n<li>Mechanick\u00e9 po\u0161kodenia (d\u00f4lky, \u0161krabance at\u010f.) sa nepodliehaj\u00fa reklam\u00e1cii. Z\u00e1ruka sa nevz\u0165ahuje na \u010dinnosti, ktor\u00e9 je kupuj\u00faci povinn\u00fd vykona\u0165 s\u00e1m, vr\u00e1tane kotvenia, zabezpe\u010denia prahu a natierania kon\u0161trukcie.\u00a0<\/li>\n\n\n\n<li>Reklam\u00e1cia zo z\u00e1ruky bude pos\u00faden\u00e1 po zaslan\u00ed fotografi\u00ed s presn\u00fdm popisom z\u00e1vad a k\u00f3piou dokladu o k\u00fape na e-mailov\u00fa adresu.\u00a0<\/li>\n\n\n\n<li>V r\u00e1mci z\u00e1ruky m\u00e1 kupuj\u00faci pr\u00e1vo na opravu vadnej oce\u013eovej kon\u0161trukcie, jej v\u00fdmenu v pr\u00edpade neodstr\u00e1nite\u013enej vady alebo zn\u00ed\u017eenie ceny zodpovedaj\u00face zn\u00ed\u017eeniu hodnoty kon\u0161trukcie.\u00a0<\/li>\n\n\n\n<li>Z\u00e1ruka pokr\u00fdva bezplatn\u00e9 odstr\u00e1nenie v\u00e1d oce\u013eovej kon\u0161trukcie, t.j. tak\u00fdch v\u00e1d, ktor\u00e9 br\u00e1nia plneniu funkci\u00ed v\u00fdrobkov uveden\u00fdch v n\u00e1vode na pou\u017eitie.\u00a0<\/li>\n\n\n\n<li>Dod\u00e1vate\u013e si vyhradzuje pr\u00e1vo vykona\u0165 obhliadku reklamovan\u00e9ho predmetu na pos\u00fadenie jej opr\u00e1vnenosti. Kupuj\u00faci je povinn\u00fd poskytn\u00fa\u0165 pr\u00edstup k reklamovanej oce\u013eovej kon\u0161trukcii v dohodnutom term\u00edne a na ur\u010den\u00fd \u010das na vykonanie obhliadky, expert\u00edzy a odstr\u00e1nenia v\u00e1d.\u00a0<\/li>\n\n\n\n<li>V pr\u00edpade v\u00fdrobku vyroben\u00e9ho z akrylovej plechu je kupuj\u00faci povinn\u00fd na vlastn\u00e9 n\u00e1klady rozhodn\u00fa\u0165 o sp\u00f4sobe odstr\u00e1nenia vady.\u00a0<\/li>\n\n\n\n<li>Pred\u00e1vaj\u00faci sa zav\u00e4zuje odstr\u00e1ni\u0165 pr\u00ed\u010diny opr\u00e1vnenej reklam\u00e1cie oce\u013eovej kon\u0161trukcie do 21 pracovn\u00fdch dn\u00ed od d\u00e1tumu uznania reklam\u00e1cie. Ak oprava vy\u017eaduje v\u00fdmenu dielov, ktor\u00e9 je potrebn\u00e9 objedna\u0165 od v\u00fdrobcu, doba odstr\u00e1nenia reklam\u00e1cie sa predl\u017euje na 30 dn\u00ed.\u00a0<\/li>\n<\/ol>\n<\/div><\/div>\n\n<\/div><\/div><\/div><\/div>\n\n<\/div><\/div>","protected":false},"excerpt":{"rendered":"<p>Podmienky z\u00e1ruky \/ Povinnosti kupuj\u00faceho\u00a0 I. Kotvenie oce\u013eovej kon\u0161trukcie (gar\u00e1\u017ee)\u00a0 II. V\u0161eobecn\u00e9 inform\u00e1cie\u00a0 III. Podmienky z\u00e1ruky<\/p>\n","protected":false},"author":1,"featured_media":0,"parent":0,"menu_order":0,"comment_status":"closed","ping_status":"closed","template":"","meta":{"_kad_blocks_custom_css":"","_kad_blocks_head_custom_js":"","_kad_blocks_body_custom_js":"","_kad_blocks_footer_custom_js":"","_kad_post_transparent":"","_kad_post_title":"","_kad_post_layout":"","_kad_post_sidebar_id":"","_kad_post_content_style":"","_kad_post_vertical_padding":"","_kad_post_feature":"","_kad_post_feature_position":"","_kad_post_header":false,"_kad_post_footer":false,"_kad_post_classname":"","footnotes":""},"class_list":["post-1941","page","type-page","status-publish","hentry"],"acf":[],"taxonomy_info":[],"featured_image_src_large":false,"author_info":{"display_name":"gootek","author_link":"https:\/\/robstal.pl\/sk\/author\/gootek\/"},"comment_info":0,"_links":{"self":[{"href":"https:\/\/robstal.pl\/sk\/wp-json\/wp\/v2\/pages\/1941","targetHints":{"allow":["GET"]}}],"collection":[{"href":"https:\/\/robstal.pl\/sk\/wp-json\/wp\/v2\/pages"}],"about":[{"href":"https:\/\/robstal.pl\/sk\/wp-json\/wp\/v2\/types\/page"}],"author":[{"embeddable":true,"href":"https:\/\/robstal.pl\/sk\/wp-json\/wp\/v2\/users\/1"}],"replies":[{"embeddable":true,"href":"https:\/\/robstal.pl\/sk\/wp-json\/wp\/v2\/comments?post=1941"}],"version-history":[{"count":1,"href":"https:\/\/robstal.pl\/sk\/wp-json\/wp\/v2\/pages\/1941\/revisions"}],"predecessor-version":[{"id":4304,"href":"https:\/\/robstal.pl\/sk\/wp-json\/wp\/v2\/pages\/1941\/revisions\/4304"}],"wp:attachment":[{"href":"https:\/\/robstal.pl\/sk\/wp-json\/wp\/v2\/media?parent=1941"}],"curies":[{"name":"wp","href":"https:\/\/api.w.org\/{rel}","templated":true}]}}