{"id":1949,"date":"2024-07-24T08:04:12","date_gmt":"2024-07-24T06:04:12","guid":{"rendered":"https:\/\/robstal.pl\/regulamin\/"},"modified":"2024-09-20T12:18:17","modified_gmt":"2024-09-20T10:18:17","slug":"statut","status":"publish","type":"page","link":"https:\/\/robstal.pl\/sk\/statut\/","title":{"rendered":"\u0160tat\u00fat"},"content":{"rendered":"<style>.kb-row-layout-id1344_c490fa-db > .kt-row-column-wrap{align-content:start;}:where(.kb-row-layout-id1344_c490fa-db > .kt-row-column-wrap) > .wp-block-kadence-column{justify-content:start;}.kb-row-layout-id1344_c490fa-db > .kt-row-column-wrap{column-gap:var(--global-kb-gap-md, 2rem);row-gap:var(--global-kb-gap-md, 2rem);max-width:var( --global-content-width, 1290px );padding-left:var(--global-content-edge-padding);padding-right:var(--global-content-edge-padding);padding-top:var(--global-kb-spacing-sm, 1.5rem);padding-bottom:var(--global-kb-spacing-sm, 1.5rem);grid-template-columns:minmax(0, 1fr);}.kb-row-layout-id1344_c490fa-db > .kt-row-layout-overlay{opacity:0.30;}@media all and (max-width: 1024px){.kb-row-layout-id1344_c490fa-db > .kt-row-column-wrap{grid-template-columns:minmax(0, 1fr);}}@media all and (max-width: 767px){.kb-row-layout-id1344_c490fa-db > .kt-row-column-wrap{grid-template-columns:minmax(0, 1fr);}}<\/style><div class=\"kb-row-layout-wrap kb-row-layout-id1344_c490fa-db alignfull wp-block-kadence-rowlayout\"><div class=\"kt-row-column-wrap kt-has-1-columns kt-row-layout-equal kt-tab-layout-inherit kt-mobile-layout-row kt-row-valign-top kb-theme-content-width\">\n<style>.kadence-column1344_4bd26a-b7 > .kt-inside-inner-col,.kadence-column1344_4bd26a-b7 > .kt-inside-inner-col:before{border-top-left-radius:0px;border-top-right-radius:0px;border-bottom-right-radius:0px;border-bottom-left-radius:0px;}.kadence-column1344_4bd26a-b7 > .kt-inside-inner-col{column-gap:var(--global-kb-gap-sm, 1rem);}.kadence-column1344_4bd26a-b7 > .kt-inside-inner-col{flex-direction:column;}.kadence-column1344_4bd26a-b7 > .kt-inside-inner-col > .aligncenter{width:100%;}.kadence-column1344_4bd26a-b7 > .kt-inside-inner-col:before{opacity:0.3;}.kadence-column1344_4bd26a-b7{position:relative;}@media all and (max-width: 1024px){.kadence-column1344_4bd26a-b7 > .kt-inside-inner-col{flex-direction:column;justify-content:center;}}@media all and (max-width: 767px){.kadence-column1344_4bd26a-b7 > .kt-inside-inner-col{flex-direction:column;justify-content:center;}}<\/style>\n<div class=\"wp-block-kadence-column kadence-column1344_4bd26a-b7\"><div class=\"kt-inside-inner-col\">\n<h1 class=\"wp-block-heading has-text-align-center\">Obchodn\u00e9 podmienky obchodu Robstal.pl\u00a0<\/h1>\n\n\n\n<p>Internetov\u00fd obchod na str\u00e1nke Robstal.pl prev\u00e1dzkuje: Robert Kurnik FPHU so s\u00eddlom v 34-620 Krasne-Lasocice 110, I\u010cO: 737-177-76-20, ktor\u00fd je pred\u00e1vaj\u00faci, \u010falej len Obchod, Internetov\u00fd obchod alebo Robstal.\u00a0<\/p>\n\n\n\n<p class=\"has-text-align-center\"><strong>\u00a7 1<\/strong><\/p>\n\n\n\n<ol class=\"wp-block-list\">\n<li>Internetov\u00fd obchod sa nach\u00e1dza na adrese <a href=\"http:\/\/www.robstal.pl\/\" target=\"_blank\" rel=\"noreferrer noopener\">www.robstal.pl<\/a>\u00a0<\/li>\n\n\n\n<li>Kupuj\u00faci, ktor\u00fd uskuto\u010d\u0148uje n\u00e1kupy v obchode, akceptuje Obchodn\u00e9 podmienky obchodu.\u00a0<\/li>\n\n\n\n<li>Kupuj\u00facim je osoba, ktor\u00e1 uskuto\u010d\u0148uje n\u00e1kupy prostredn\u00edctvom obchodu. Kupuj\u00facim m\u00f4\u017ee by\u0165 iba osoba plnolet\u00e1 a s \u00faplnou sp\u00f4sobilos\u0165ou na pr\u00e1vne \u00fakony.\u00a0<\/li>\n\n\n\n<li>Tieto Obchodn\u00e9 podmienky neporu\u0161uj\u00fa platn\u00e9 predpisy t\u00fdkaj\u00face sa ochrany pr\u00e1v spotrebite\u013eov vr\u00e1tane Ob\u010dianskeho z\u00e1konn\u00edka. V pr\u00edpade nezhody sa pova\u017euj\u00fa ustanovenia za neplatn\u00e9.\u00a0<\/li>\n\n\n\n<li>Tieto Obchodn\u00e9 podmienky s\u00fa adresovan\u00e9 ako spotrebite\u013eom, tak aj podnikate\u013eom.\u00a0<\/li>\n\n\n\n<li>V\u0161etky ceny uveden\u00e9 v Obchode s\u00fa ceny vr\u00e1tane DPH, vyjadren\u00e9 v po\u013esk\u00fdch zlot\u00fdch a zah\u0155\u0148aj\u00fa da\u0148 z pridanej hodnoty.\u00a0<\/li>\n<\/ol>\n\n\n\n<p class=\"has-text-align-center\"><strong>\u00a7\u00a02<\/strong><\/p>\n\n\n\n<ol class=\"wp-block-list\">\n<li>Pred\u00e1vaj\u00faci prostredn\u00edctvom Internetov\u00e9ho obchodu pred\u00e1va produkty.\u00a0<\/li>\n\n\n\n<li>Pred\u00e1van\u00e9 produkty spolu s popisom a cenou s\u00fa uveden\u00e9 na str\u00e1nke obchodu.\u00a0<\/li>\n\n\n\n<li>Uveden\u00e9 ceny sa vz\u0165ahuj\u00fa na jednu jednotku produktu a nezah\u0155\u0148aj\u00fa n\u00e1klady na dopravu.\u00a0<\/li>\n<\/ol>\n\n\n\n<p class=\"has-text-align-center\"><strong>\u00a7\u00a03<\/strong><\/p>\n\n\n\n<ol class=\"wp-block-list\">\n<li>Objedn\u00e1vky mo\u017eno pod\u00e1va\u0165 24 hod\u00edn denne na adrese str\u00e1nky robstal.pl, e-mailom na garazerobstal@interia.pl alebo telefonicky po\u010das pracovn\u00fdch hod\u00edn od 8:00 do 16:00 (\u010d\u00edsla uveden\u00e9 na str\u00e1nke robstal.pl).\u00a0<\/li>\n\n\n\n<li>Ponuka prezentovan\u00e1 na str\u00e1nke obchodu je obchodnou ponukou.\u00a0<\/li>\n\n\n\n<li>Podanie objedn\u00e1vky Kupuj\u00facim bude potvrden\u00e9 Obchodom zaslan\u00edm e-mailu na adresu uveden\u00fa Kupuj\u00facim alebo telefonicky. Ak Obchod nepotvrd\u00ed prijatie objedn\u00e1vky na realiz\u00e1ciu, zmluva medzi Kupuj\u00facim a Robstal.pl sa nezaklad\u00e1 a v\u0161etky zaplaten\u00e9 platby za neprijat\u00fa objedn\u00e1vku bud\u00fa neodkladne vr\u00e1ten\u00e9 Kupuj\u00facemu.\u00a0<\/li>\n\n\n\n<li>Z\u00e1kladn\u00fdm predpokladom na realiz\u00e1ciu objedn\u00e1vky je vyplnenie v\u0161etk\u00fdch nevyhnutn\u00fdch pol\u00ed formul\u00e1ra na str\u00e1nke robstal.pl. Obchod si vyhradzuje pr\u00e1vo odmietnu\u0165 realiz\u00e1ciu objedn\u00e1vok v pr\u00edpade nespr\u00e1vneho vyplnenia.\u00a0<\/li>\n\n\n\n<li>Obchod si vyhradzuje pr\u00e1vo na zmenu cien v\u0161etk\u00fdch tovarov v ponuke, zav\u00e1dzanie a stiahnutie tovarov z ponuky, vyhlasovanie a preru\u0161enie alebo zmenu podmienok propaga\u010dn\u00fdch akci\u00ed a v\u00fdpredajov. Toto pr\u00e1vo nem\u00e1 vplyv na objedn\u00e1vky podan\u00e9 pred d\u00e1tumom \u00fa\u010dinnosti zmeny ceny.\u00a0<\/li>\n<\/ol>\n\n\n\n<p class=\"has-text-align-center\"><strong>\u00a7 4<\/strong><\/p>\n\n\n\n<ol class=\"wp-block-list\">\n<li>Platbu je mo\u017en\u00e9 vykona\u0165: online platbou, bankov\u00fdm prevodom, alebo v hotovosti pri prevzat\u00ed.\u00a0<\/li>\n\n\n\n<li>Obchod si vyhradzuje pr\u00e1vo na pr\u00edpadn\u00e9 dodato\u010dn\u00e9 potvrdenie objedn\u00e1vky telefonicky.\u00a0<\/li>\n\n\n\n<li>Platby a objedn\u00e1vky, ktor\u00e9 neboli realizovan\u00e9 do 7 dn\u00ed od potvrdenia Obchodom, bud\u00fa zru\u0161en\u00e9.\u00a0<\/li>\n\n\n\n<li>Term\u00edn realiz\u00e1cie objedn\u00e1vky je a\u017e 14 pracovn\u00fdch dn\u00ed a za\u010d\u00edna be\u017ea\u0165 po za\u00fa\u010dtovan\u00ed platby. V pr\u00edpade platby pri prevzat\u00ed Klient zaplat\u00ed z\u00e1lohu vo v\u00fd\u0161ke 30% hodnoty objedn\u00e1vky a 14-d\u0148ov\u00e1 lehota za\u010d\u00edna be\u017ea\u0165 od za\u00fa\u010dtovania alebo obdr\u017eania tejto platby.\u00a0<\/li>\n\n\n\n<li>Cena za objednan\u00fd tovar a cena dopravy s\u00fa uveden\u00e9 v n\u00e1kupnom ko\u0161\u00edku a predstavuj\u00fa celkov\u00e9 n\u00e1klady na objedn\u00e1vku pre kupuj\u00faceho.\u00a0<\/li>\n\n\n\n<li>Obchod si vyhradzuje mo\u017enos\u0165 odmietnu\u0165 zaslanie na dobierku z v\u00e1\u017enych d\u00f4vodov, napr. predch\u00e1dzaj\u00face objedn\u00e1vky a nedostatok platby.\u00a0<\/li>\n\n\n\n<li>Obchod realizuje dod\u00e1vky v\u00fdlu\u010dne na \u00fazem\u00ed Po\u013eskej republiky.\u00a0<\/li>\n\n\n\n<li>Slu\u017eba mont\u00e1\u017ee nezah\u0155\u0148a pr\u00edpravu podkladu, vr\u00e1tane jeho nivelovania, spevnenia ani ukotvenia gar\u00e1\u017ee k podkladu, \u010do s\u00fa \u00falohy Kupuj\u00faceho.\u00a0<\/li>\n<\/ol>\n\n\n\n<p class=\"has-text-align-center\"><strong>\u00a7 5<\/strong><\/p>\n\n\n\n<ol class=\"wp-block-list\">\n<li>Kupuj\u00faci, ktor\u00fd je spotrebite\u013eom, m\u00e1 pr\u00e1vo odst\u00fapi\u0165 od uzavretej zmluvy za podmienok uveden\u00fdch v z\u00e1kone o pr\u00e1vach spotrebite\u013eov.\u00a0<\/li>\n\n\n\n<li>Kupuj\u00faci, ktor\u00fd chce odst\u00fapi\u0165 od zmluvy, by mal informova\u0165 Robstal.pl o svojom rozhodnut\u00ed odst\u00fapi\u0165 od zmluvy prostredn\u00edctvom p\u00edsomn\u00e9ho ozn\u00e1menia zaslan\u00e9ho po\u0161tou alebo e-mailom na adresu garazerobstal@interia.pl.\u00a0<\/li>\n\n\n\n<li>Vr\u00e1ten\u00fd tovar nesmie vykazova\u0165 zn\u00e1mky po\u0161kodenia, opotrebovania a mal by by\u0165 vr\u00e1ten\u00fd v takom stave, v akom bol doru\u010den\u00fd Kupuj\u00facemu.\u00a0<\/li>\n\n\n\n<li>Nasleduj\u00face polo\u017eky nie s\u00fa predmetom vr\u00e1tenia:\u00a0\n<ul class=\"wp-block-list\">\n<li>Tovar vyroben\u00fd na z\u00e1kazku pod\u013ea \u0161pecifik\u00e1cie poskytnutej Kupuj\u00facim,\u00a0<\/li>\n\n\n\n<li>Tovar opotrebovan\u00fd, po\u0161koden\u00fd alebo vykazuj\u00faci zn\u00e1mky mont\u00e1\u017ee.\u00a0<\/li>\n<\/ul>\n<\/li>\n\n\n\n<li>Obchod si vyhradzuje, \u017ee iba ponuka t\u00fdkaj\u00faca sa tovarov s uveden\u00fdmi \u0161tandardn\u00fdmi rozmermi t.j. d\u013a\u017eka \u2013 5,00 m (4,98), \u0161\u00edrka \u2013 3,00 m (2,98), celkov\u00e1 v\u00fd\u0161ka \u2013 2,13 m \u2013 1,90 m, v\u00fd\u0161ka vjazdu \u2013 2,00 m pri dvojkr\u00eddlov\u00fdch br\u00e1nach, v\u00fd\u0161ka svetla vjazdu pri vykl\u00e1pac\u00edch br\u00e1nach je 1,94 m, strecha \u2013 jednostrann\u00e1 vzadu, br\u00e1na \u2013 dvojkr\u00eddlov\u00e1 alebo vykl\u00e1pacia nahor, plech \u2013 pozinkovan\u00fd I. akos\u0165, je prefabrikovan\u00fd tovar, zatia\u013e \u010do ostatn\u00e9 gar\u00e1\u017ee a tovar s\u00fa v\u017edy vyr\u00e1ban\u00e9 pod\u013ea \u0161pecifik\u00e1cie spotrebite\u013ea, najm\u00e4 rozmerov, s\u00fa neprefabrikovan\u00e9 a v tomto rozsahu sa pr\u00e1vo na odst\u00fapenie od zmluvy nevz\u0165ahuje.\u00a0<\/li>\n<\/ol>\n\n\n\n<p class=\"has-text-align-center\"><strong>\u00a7 6<\/strong><\/p>\n\n\n\n<ol start=\"1\" class=\"wp-block-list\">\n<li>Obchod je zodpovedn\u00fd vo\u010di Klientovi, ktor\u00fd je spotrebite\u013eom, ak pred\u00e1van\u00fd produkt m\u00e1 fyzick\u00fa alebo pr\u00e1vnu vadu (z\u00e1ruka), v s\u00falade s predpismi Ob\u010dianskeho z\u00e1konn\u00edka.\u00a0<br\/>Ak Kupuj\u00faci zist\u00ed, \u017ee tovar, ktor\u00fd obdr\u017eal, m\u00e1 technick\u00e9 vady, m\u00e1 pr\u00e1vo poda\u0165 reklam\u00e1ciu. To sa net\u00fdka v\u00e1d, ktor\u00e9 boli uveden\u00e9 v popise produktu.\u00a0<\/li>\n\n\n\n<li>Obchod vybav\u00ed reklam\u00e1ciu do 14 dn\u00ed a zav\u00e4zuje sa informova\u0165 Kupuj\u00faceho o prijat\u00fdch opatreniach.\u00a0<\/li>\n\n\n\n<li>Kupuj\u00faci m\u00e1 pr\u00e1vo po\u017eadova\u0165 v\u00fdmenu tovaru, zn\u00ed\u017eenie ceny, rovnako ako m\u00f4\u017ee za podmienok stanoven\u00fdch Ob\u010dianskym z\u00e1konn\u00edkom odst\u00fapi\u0165 od k\u00fapnej zmluvy.\u00a0<br\/>Reklam\u00e1cie m\u00f4\u017eu by\u0165 pod\u00e1van\u00e9 na str\u00e1nke <a href=\"http:\/\/www.robstal.pl\/\" target=\"_blank\" rel=\"noreferrer noopener\">www.robstal.pl<\/a> alebo e-mailom \u010di po\u0161tou na adresu firmy.\u00a0<\/li>\n\n\n\n<li>Na podanie reklam\u00e1cie je potrebn\u00fd doklad o k\u00fape, najm\u00e4 vo forme fakt\u00fary alebo \u00fa\u010dtenky.\u00a0<\/li>\n\n\n\n<li>Obchod si vyhradzuje, \u017ee rozmery produktov sa m\u00f4\u017eu mierne l\u00ed\u0161i\u0165 od \u0161pecifik\u00e1cie uvedenej na str\u00e1nke v rozsahu rozmerov \u2013 max do 5 %. Toto nezaklad\u00e1 z\u00e1klad pre podanie reklam\u00e1cie.\u00a0<\/li>\n\n\n\n<li>Obchod informuje, \u017ee pre kupuj\u00facich, ktor\u00ed nie s\u00fa spotrebite\u013emi, s\u00fa pred\u00e1van\u00e9 polo\u017eky \u00faplne vyl\u00fa\u010den\u00e9 z z\u00e1ruky v s\u00falade s predpismi Ob\u010dianskeho z\u00e1konn\u00edka.\u00a0<\/li>\n<\/ol>\n\n\n\n<p class=\"has-text-align-center\"><strong>\u00a7 7<\/strong><\/p>\n\n\n\n<ol class=\"wp-block-list\">\n<li>Osobn\u00e9 \u00fadaje poskytovan\u00e9 Klientmi v Internetovom obchode Robstal.pl, najm\u00e4 pri vytv\u00e1ran\u00ed \u00fa\u010dtu v obchode a pri pod\u00e1van\u00ed objedn\u00e1vky bez vytvorenia \u00fa\u010dtu a pri n\u00e1kupoch, spracov\u00e1va Robert Kurnik, ktor\u00fd p\u00f4sob\u00ed pod n\u00e1zvom Robert Kurnik Firma Produk\u010dno &#8211; Obchodno &#8211; Slu\u017eobn\u00e1 so s\u00eddlom v Krasne-Lasocice 110, PS\u010c 34-620, ktor\u00fd je z\u00e1rove\u0148 spr\u00e1vcom osobn\u00fdch \u00fadajov Klienta.\u00a0<\/li>\n\n\n\n<li>Poskytnutie osobn\u00fdch \u00fadajov je \u00faplne dobrovo\u013en\u00e9 a nez\u00e1v\u00e4zn\u00e9, av\u0161ak je nevyhnutn\u00e9 na uskuto\u010dnenie n\u00e1kupov v internetovom obchode. Osobn\u00e9 \u00fadaje s\u00fa spracov\u00e1van\u00e9 Robstal na \u00fa\u010dely poskytovania slu\u017eieb elektronickou cestou, uzatv\u00e1rania a vykon\u00e1vania zml\u00fav o predaji produktov objednan\u00fdch v Internetovom obchode Robstal.pl, a v pr\u00edpade prihl\u00e1senia Klienta na slu\u017ebu newsletteru, aj na \u00fa\u010dely poskytovania tejto slu\u017eby.\u00a0<\/li>\n\n\n\n<li>Klient m\u00e1 pr\u00e1vo na pr\u00edstup k obsahu svojich osobn\u00fdch \u00fadajov, ich opravu a vymazanie. Osobn\u00e9 \u00fadaje m\u00f4\u017eu by\u0165 upravovan\u00e9 alebo vymazan\u00e9 po prihl\u00e1sen\u00ed na \u00fa\u010det Klienta.\u00a0<\/li>\n\n\n\n<li>V\u0161etky ustanovenia t\u00fdkaj\u00face sa ochrany osobn\u00fdch \u00fadajov Klienta a inform\u00e1cie o pr\u00e1vach s\u00fa uveden\u00e9 na webov\u00fdch str\u00e1nkach Internetov\u00e9ho obchodu Robstal.pl v politike ochrany osobn\u00fdch \u00fadajov.\u00a0<\/li>\n<\/ol>\n\n\n\n<p class=\"has-text-align-center\"><strong>\u00a7 8<\/strong><\/p>\n\n\n\n<ol class=\"wp-block-list\">\n<li>Pr\u00edpadn\u00e9 spory vznikl\u00e9 medzi Klientom, ktor\u00fd nie je spotrebite\u013eom, a Obchodom, bud\u00fa rie\u0161en\u00e9 miestne pr\u00edslu\u0161n\u00fdm s\u00fadom pre s\u00eddlo Obchodu.\u00a0<\/li>\n\n\n\n<li>Obchod si vyhradzuje pr\u00e1vo na zmenu obchodn\u00fdch podmienok z d\u00f4le\u017eit\u00fdch d\u00f4vodov, medzi ktor\u00e9 patr\u00ed zmena postupu uzatv\u00e1rania zml\u00fav prostredn\u00edctvom Internetov\u00e9ho obchodu a modifik\u00e1cia fungovania Internetov\u00e9ho obchodu Robstal.pl, potreba prisp\u00f4sobi\u0165 obsah a ustanovenia obchodn\u00fdch podmienok pr\u00e1vnym predpisom, odpor\u00fa\u010daniam, nariadeniam, rozhodnutiam, v\u00fdrokom, v\u00fdkladom, pokynom alebo rozhodnutiam pr\u00edslu\u0161n\u00fdch verejn\u00fdch org\u00e1nov, ktor\u00e9 maj\u00fa vplyv na tieto obchodn\u00e9 podmienky a ved\u00fa k potrebe zmeny obchodn\u00fdch podmienok, aby sa zabezpe\u010dila ich zhoda s platn\u00fdm pr\u00e1vom, potreba odstr\u00e1ni\u0165 chyby alebo p\u00edsomn\u00e9 omyly a pr\u00edpadn\u00e9 nepresnosti alebo rozpory, ktor\u00e9 m\u00f4\u017eu v obchodn\u00fdch podmienkach vznikn\u00fa\u0165, zmena kontaktn\u00fdch \u00fadajov, n\u00e1zvov, pr\u00e1vnej formy podnikania, identifika\u010dn\u00fdch \u010d\u00edsel, elektronick\u00fdch adries.\u00a0<\/li>\n<\/ol>\n\n\n\n<p><strong>Pr\u00edloha \u010d. 1<\/strong>\u00a0<br\/><a href=\"https:\/\/robstal.pl\/wp-content\/uploads\/2024\/07\/zalacznik_nr_1_wzor_odstapienia_od_umowy_robstal.pdf\" target=\"_blank\" rel=\"noreferrer noopener\">VZOR FORMUL\u00c1RA NA ODST\u00daPENIE OD ZMLUVY <\/a><\/p>\n<\/div><\/div>\n\n<\/div><\/div>","protected":false},"excerpt":{"rendered":"<p>Obchodn\u00e9 podmienky obchodu Robstal.pl\u00a0 Internetov\u00fd obchod na str\u00e1nke Robstal.pl prev\u00e1dzkuje: Robert Kurnik FPHU so s\u00eddlom v 34-620 Krasne-Lasocice 110, I\u010cO: 737-177-76-20, ktor\u00fd je pred\u00e1vaj\u00faci, \u010falej len Obchod, Internetov\u00fd obchod alebo Robstal.\u00a0 \u00a7 1 \u00a7\u00a02 \u00a7\u00a03 \u00a7 4 \u00a7 5 \u00a7 6 \u00a7 7 \u00a7 8 Pr\u00edloha \u010d. 1\u00a0VZOR FORMUL\u00c1RA NA ODST\u00daPENIE OD ZMLUVY<\/p>\n","protected":false},"author":1,"featured_media":0,"parent":0,"menu_order":0,"comment_status":"closed","ping_status":"closed","template":"","meta":{"_kad_blocks_custom_css":"","_kad_blocks_head_custom_js":"","_kad_blocks_body_custom_js":"","_kad_blocks_footer_custom_js":"","_kad_post_transparent":"","_kad_post_title":"","_kad_post_layout":"","_kad_post_sidebar_id":"","_kad_post_content_style":"","_kad_post_vertical_padding":"","_kad_post_feature":"","_kad_post_feature_position":"","_kad_post_header":false,"_kad_post_footer":false,"_kad_post_classname":"","footnotes":""},"class_list":["post-1949","page","type-page","status-publish","hentry"],"acf":[],"taxonomy_info":[],"featured_image_src_large":false,"author_info":{"display_name":"gootek","author_link":"https:\/\/robstal.pl\/sk\/author\/gootek\/"},"comment_info":0,"_links":{"self":[{"href":"https:\/\/robstal.pl\/sk\/wp-json\/wp\/v2\/pages\/1949","targetHints":{"allow":["GET"]}}],"collection":[{"href":"https:\/\/robstal.pl\/sk\/wp-json\/wp\/v2\/pages"}],"about":[{"href":"https:\/\/robstal.pl\/sk\/wp-json\/wp\/v2\/types\/page"}],"author":[{"embeddable":true,"href":"https:\/\/robstal.pl\/sk\/wp-json\/wp\/v2\/users\/1"}],"replies":[{"embeddable":true,"href":"https:\/\/robstal.pl\/sk\/wp-json\/wp\/v2\/comments?post=1949"}],"version-history":[{"count":3,"href":"https:\/\/robstal.pl\/sk\/wp-json\/wp\/v2\/pages\/1949\/revisions"}],"predecessor-version":[{"id":4328,"href":"https:\/\/robstal.pl\/sk\/wp-json\/wp\/v2\/pages\/1949\/revisions\/4328"}],"wp:attachment":[{"href":"https:\/\/robstal.pl\/sk\/wp-json\/wp\/v2\/media?parent=1949"}],"curies":[{"name":"wp","href":"https:\/\/api.w.org\/{rel}","templated":true}]}}