{"id":1957,"date":"2024-07-24T08:03:15","date_gmt":"2024-07-24T06:03:15","guid":{"rendered":"https:\/\/robstal.pl\/polityka-prywatnosci\/"},"modified":"2024-09-20T12:11:17","modified_gmt":"2024-09-20T10:11:17","slug":"chrana-osobnych-udajov","status":"publish","type":"page","link":"https:\/\/robstal.pl\/sk\/chrana-osobnych-udajov\/","title":{"rendered":"Chrana osobn\u00fdch \u00fadajov"},"content":{"rendered":"<style>.kb-row-layout-id1957_00f1bb-a3 > .kt-row-column-wrap{align-content:start;}:where(.kb-row-layout-id1957_00f1bb-a3 > .kt-row-column-wrap) > .wp-block-kadence-column{justify-content:start;}.kb-row-layout-id1957_00f1bb-a3 > .kt-row-column-wrap{column-gap:var(--global-kb-gap-md, 2rem);row-gap:var(--global-kb-gap-md, 2rem);max-width:var( --global-content-width, 1290px );padding-left:var(--global-content-edge-padding);padding-right:var(--global-content-edge-padding);padding-top:var(--global-kb-spacing-sm, 1.5rem);padding-bottom:var(--global-kb-spacing-sm, 1.5rem);grid-template-columns:minmax(0, 1fr);}.kb-row-layout-id1957_00f1bb-a3 > .kt-row-layout-overlay{opacity:0.30;}@media all and (max-width: 1024px){.kb-row-layout-id1957_00f1bb-a3 > .kt-row-column-wrap{grid-template-columns:minmax(0, 1fr);}}@media all and (max-width: 767px){.kb-row-layout-id1957_00f1bb-a3 > .kt-row-column-wrap{grid-template-columns:minmax(0, 1fr);}}<\/style><div class=\"kb-row-layout-wrap kb-row-layout-id1957_00f1bb-a3 alignfull wp-block-kadence-rowlayout\"><div class=\"kt-row-column-wrap kt-has-1-columns kt-row-layout-equal kt-tab-layout-inherit kt-mobile-layout-row kt-row-valign-top kb-theme-content-width\">\n<style>.kadence-column1957_5a74d6-4a > .kt-inside-inner-col,.kadence-column1957_5a74d6-4a > .kt-inside-inner-col:before{border-top-left-radius:0px;border-top-right-radius:0px;border-bottom-right-radius:0px;border-bottom-left-radius:0px;}.kadence-column1957_5a74d6-4a > .kt-inside-inner-col{column-gap:var(--global-kb-gap-sm, 1rem);}.kadence-column1957_5a74d6-4a > .kt-inside-inner-col{flex-direction:column;}.kadence-column1957_5a74d6-4a > .kt-inside-inner-col > .aligncenter{width:100%;}.kadence-column1957_5a74d6-4a > .kt-inside-inner-col:before{opacity:0.3;}.kadence-column1957_5a74d6-4a{position:relative;}@media all and (max-width: 1024px){.kadence-column1957_5a74d6-4a > .kt-inside-inner-col{flex-direction:column;justify-content:center;}}@media all and (max-width: 767px){.kadence-column1957_5a74d6-4a > .kt-inside-inner-col{flex-direction:column;justify-content:center;}}<\/style>\n<div class=\"wp-block-kadence-column kadence-column1957_5a74d6-4a\"><div class=\"kt-inside-inner-col\"><style>.wp-block-kadence-advancedheading.kt-adv-heading1957_da92c9-62, .wp-block-kadence-advancedheading.kt-adv-heading1957_da92c9-62[data-kb-block=\"kb-adv-heading1957_da92c9-62\"]{text-align:center;font-style:normal;}.wp-block-kadence-advancedheading.kt-adv-heading1957_da92c9-62 mark.kt-highlight, .wp-block-kadence-advancedheading.kt-adv-heading1957_da92c9-62[data-kb-block=\"kb-adv-heading1957_da92c9-62\"] mark.kt-highlight{font-style:normal;color:#f76a0c;-webkit-box-decoration-break:clone;box-decoration-break:clone;padding-top:0px;padding-right:0px;padding-bottom:0px;padding-left:0px;}.wp-block-kadence-advancedheading.kt-adv-heading1957_da92c9-62 img.kb-inline-image, .wp-block-kadence-advancedheading.kt-adv-heading1957_da92c9-62[data-kb-block=\"kb-adv-heading1957_da92c9-62\"] img.kb-inline-image{width:150px;vertical-align:baseline;}<\/style>\n<h1 class=\"kt-adv-heading1957_da92c9-62 wp-block-kadence-advancedheading\" data-kb-block=\"kb-adv-heading1957_da92c9-62\">Chrana osobn\u00fdch \u00fadajov<\/h1>\n\n\n\n<p><strong>1. SPR\u00c1VCA OSOBN\u00ddCH \u00daDAJOV\u00a0<\/strong><\/p>\n\n\n\n<p>Spr\u00e1vcom va\u0161ich osobn\u00fdch \u00fadajov, ktor\u00e9 zad\u00e1vate po\u010das objedn\u00e1vania na str\u00e1nke <a href=\"http:\/\/www.robstal.pl\/\" target=\"_blank\" rel=\"noreferrer noopener\">www.robstal.pl<\/a>, ako aj pri objedn\u00e1van\u00ed tovaru prostredn\u00edctvom in\u00fdch dostupn\u00fdch prostriedkov a foriem komunik\u00e1cie na dia\u013eku, ako aj v ak\u00fdchko\u013evek in\u00fdch pr\u00e1vne pr\u00edpustn\u00fdch form\u00e1ch a pri realiz\u00e1cii uzavretej zmluvy je Robert Kurnik, ktor\u00fd podnik\u00e1 pod n\u00e1zvom Robert Kurnik FPHU so s\u00eddlom v 34-620 Krasne-Lasocice 110, I\u010cO 737-177-76-20. Kontakt so spr\u00e1vcom osobn\u00fdch \u00fadajov je mo\u017en\u00fd na uvedenej adrese a tie\u017e na e-mailov\u00fa adresu <a href=\"mailto:garaze@robstal.pl\">garaze@robstal.pl<\/a>.<\/p>\n\n\n\n<p><strong>2. \u00da\u010cEL ZBIERANIA \u00daDAJOV A PR\u00c1VNE Z\u00c1KLADY\u00a0<\/strong><\/p>\n\n\n\n<p>\u00dadaje s\u00fa zhroma\u017e\u010fovan\u00e9 na \u00fa\u010dely podnikania \u2013 internetov\u00e9ho predaja tovarov pon\u00fakan\u00fdch obchodom, ako aj na poskytovanie slu\u017eby Newslettera na z\u00e1klade \u010dl\u00e1nku 6 ods. 1 p\u00edsm. b, p\u00edsm. a a p\u00edsm. f V\u0161eobecn\u00e9ho nariadenia o ochrane \u00fadajov z 27. apr\u00edla 2016.&nbsp;<br>\u00dadaje, ktor\u00e9 poskytnete pri objedn\u00e1van\u00ed, sa pou\u017e\u00edvaj\u00fa na \u00fa\u010dely spracovania objedn\u00e1vky, po-predajn\u00e9ho servisu a na \u00fa\u010dely \u00fa\u010dtovania s da\u0148ov\u00fdm \u00faradom.&nbsp;<br>\u00dadaje poskytnut\u00e9 pri registr\u00e1cii \u00fa\u010dtu na str\u00e1nke Robstal.pl s\u00fa uchov\u00e1van\u00e9 len na \u00fa\u010dely u\u013eah\u010denia procesu objedn\u00e1vania a nie s\u00fa spracov\u00e1van\u00e9 ani poskytovan\u00e9 a\u017e do momentu, k\u00fdm nebud\u00fa prepojen\u00e9 s objedn\u00e1vkou.&nbsp;<\/p>\n\n\n\n<p>M\u00e1te pr\u00e1vo po\u017eadova\u0165 od spr\u00e1vcu osobn\u00fdch \u00fadajov pr\u00edstup k va\u0161im osobn\u00fdm \u00fadajom, pr\u00e1vo na ich opravu, vymazanie alebo obmedzenie spracovania a pr\u00e1vo na prenos \u00fadajov.&nbsp;<\/p>\n\n\n\n<p>Poskytnutie osobn\u00fdch \u00fadajov je dobrovo\u013en\u00e9, ale nevyhnutn\u00e9 na realiz\u00e1ciu objedn\u00e1vky a uzavretie zmluvy.&nbsp;<\/p>\n\n\n\n<p>M\u00e1te pr\u00e1vo kedyko\u013evek vymaza\u0165 vytvoren\u00fd \u00fa\u010det a po\u017eadova\u0165 vymazanie osobn\u00fdch \u00fadajov obsiahnut\u00fdch v \u00fa\u010dte. Tak\u00e9to \u017eiadosti je potrebn\u00e9 zasla\u0165 na adresu <a href=\"mailto:garaze@robstal.pl\">garaze@robstal.pl<\/a>.<\/p>\n\n\n\n<p><strong>3. ZDIE\u013dANIE \u00daDAJOV<\/strong><\/p>\n\n\n\n<p>\u00dadaje, ktor\u00e9 poskytnete, s\u00fa zdie\u013ean\u00e9 v najmen\u0161om mo\u017enom rozsahu, len na \u00fa\u010dely realiz\u00e1cie objedn\u00e1vok, ak sa bud\u00fa realizova\u0165 prostredn\u00edctvom extern\u00fdch firiem, a na \u00fa\u010dely \u00fa\u010dtovania verejnopr\u00e1vnych z\u00e1v\u00e4zkov (DPH). S v\u00fdnimkou vy\u0161\u0161ie uveden\u00fdch pr\u00edpadov neposkytujeme osobn\u00e9 \u00fadaje tret\u00edm stran\u00e1m, okrem situ\u00e1ci\u00ed, ktor\u00e9 s\u00favisia s potrebou poskytn\u00fa\u0165 tak\u00e9to \u00fadaje v s\u00falade s platn\u00fdmi predpismi, na po\u017eiadanie \u0161t\u00e1tnych org\u00e1nov a v s\u00favislosti s ich poskytovan\u00edm na \u00fa\u010dely po\u017eadovan\u00e9 alebo v s\u00falade s pr\u00e1vnymi predpismi. Doba uchov\u00e1vania osobn\u00fdch \u00fadajov je rovn\u00e1 z\u00e1konom stanoven\u00e9mu obdobiu na uchov\u00e1vanie dokumentov na \u00fa\u010dely da\u0148ov\u00e9, \u00fa\u010dtovn\u00e9 a kontroln\u00e9 zo strany org\u00e1nov a verejn\u00fdch in\u0161tit\u00faci\u00ed.\u00a0<\/p>\n\n\n\n<p><strong>OCHRANA OSOBN\u00ddCH \u00daDAJOV<\/strong><\/p>\n\n\n\n<p>Spr\u00e1vca osobn\u00fdch \u00fadajov vynaklad\u00e1 v\u0161etko \u00fasilie na zabezpe\u010denie v\u0161etk\u00fdch prostriedkov ochrany osobn\u00fdch \u00fadajov, vr\u00e1tane fyzick\u00fdch, technick\u00fdch a organiza\u010dn\u00fdch opatren\u00ed pred ich n\u00e1hodn\u00fdm alebo \u00famyseln\u00fdm zni\u010den\u00edm, n\u00e1hodnou stratou, zmenou, neopr\u00e1vnen\u00fdm zverejnen\u00edm, pou\u017eit\u00edm alebo pr\u00edstupom, v s\u00falade so v\u0161etk\u00fdmi platn\u00fdmi pr\u00e1vnymi predpismi. Ako proces zberu \u00fadajov, tak aj datab\u00e1zy, v ktor\u00fdch s\u00fa \u00fadaje uchov\u00e1van\u00e9, s\u00fa zabezpe\u010den\u00e9 pred pr\u00edstupom tret\u00edch str\u00e1n.\u00a0<\/p>\n\n\n\n<p><strong>5.  ORG\u00c1NY OCHRANY OSOBN\u00ddCH \u00daDAJOV\u00a0<\/strong><\/p>\n\n\n\n<p>Ak m\u00e1te n\u00e1mietky proti sp\u00f4sobu spracovania va\u0161ich osobn\u00fdch \u00fadajov alebo rozsahu tohto spracovania, m\u00f4\u017eete poda\u0165 s\u0165a\u017enos\u0165 na dozorn\u00fd org\u00e1n, ktor\u00fdm je Predseda \u00daradu na ochranu osobn\u00fdch \u00fadajov, ul. Stawki 2, 00-193 Var\u0161ava.\u00a0<\/p>\n\n\n\n<p><strong>6. COOKIES<\/strong><\/p>\n\n\n\n<p>S\u00fabory \u201ecookies\u201c pou\u017e\u00edvame na prisp\u00f4sobenie obsahu na\u0161ich str\u00e1nok preferenci\u00e1m pou\u017e\u00edvate\u013ea a na optimaliz\u00e1ciu pou\u017e\u00edvania obchodu. Tieto s\u00fabory pou\u017e\u00edvame tie\u017e na vytv\u00e1ranie anonymn\u00fdch \u0161tatist\u00edk, ktor\u00e9 n\u00e1m umo\u017e\u0148uj\u00fa pochopi\u0165 sp\u00f4sob pou\u017e\u00edvania obchodu.\u00a0Kedyko\u013evek m\u00f4\u017eete zablokova\u0165 in\u0161tal\u00e1ciu s\u00faborov \u201ecookies\u201c alebo odstr\u00e1ni\u0165 ulo\u017een\u00e9 s\u00fabory pomocou mo\u017enost\u00ed v\u00e1\u0161ho webov\u00e9ho prehliada\u010da.\u00a0<\/p>\n<\/div><\/div>\n\n<\/div><\/div>","protected":false},"excerpt":{"rendered":"<p>Chrana osobn\u00fdch \u00fadajov 1. SPR\u00c1VCA OSOBN\u00ddCH \u00daDAJOV\u00a0 Spr\u00e1vcom va\u0161ich osobn\u00fdch \u00fadajov, ktor\u00e9 zad\u00e1vate po\u010das objedn\u00e1vania na str\u00e1nke www.robstal.pl, ako aj pri objedn\u00e1van\u00ed tovaru prostredn\u00edctvom in\u00fdch dostupn\u00fdch prostriedkov a foriem komunik\u00e1cie na dia\u013eku, ako aj v ak\u00fdchko\u013evek in\u00fdch pr\u00e1vne pr\u00edpustn\u00fdch form\u00e1ch a pri realiz\u00e1cii uzavretej zmluvy je Robert Kurnik, ktor\u00fd podnik\u00e1 pod n\u00e1zvom Robert Kurnik FPHU&#8230;<\/p>\n","protected":false},"author":1,"featured_media":0,"parent":0,"menu_order":0,"comment_status":"closed","ping_status":"closed","template":"","meta":{"_kad_blocks_custom_css":"","_kad_blocks_head_custom_js":"","_kad_blocks_body_custom_js":"","_kad_blocks_footer_custom_js":"","_kad_post_transparent":"","_kad_post_title":"","_kad_post_layout":"","_kad_post_sidebar_id":"","_kad_post_content_style":"","_kad_post_vertical_padding":"","_kad_post_feature":"","_kad_post_feature_position":"","_kad_post_header":false,"_kad_post_footer":false,"_kad_post_classname":"","footnotes":""},"class_list":["post-1957","page","type-page","status-publish","hentry"],"acf":[],"taxonomy_info":[],"featured_image_src_large":false,"author_info":{"display_name":"gootek","author_link":"https:\/\/robstal.pl\/sk\/author\/gootek\/"},"comment_info":0,"_links":{"self":[{"href":"https:\/\/robstal.pl\/sk\/wp-json\/wp\/v2\/pages\/1957","targetHints":{"allow":["GET"]}}],"collection":[{"href":"https:\/\/robstal.pl\/sk\/wp-json\/wp\/v2\/pages"}],"about":[{"href":"https:\/\/robstal.pl\/sk\/wp-json\/wp\/v2\/types\/page"}],"author":[{"embeddable":true,"href":"https:\/\/robstal.pl\/sk\/wp-json\/wp\/v2\/users\/1"}],"replies":[{"embeddable":true,"href":"https:\/\/robstal.pl\/sk\/wp-json\/wp\/v2\/comments?post=1957"}],"version-history":[{"count":2,"href":"https:\/\/robstal.pl\/sk\/wp-json\/wp\/v2\/pages\/1957\/revisions"}],"predecessor-version":[{"id":4318,"href":"https:\/\/robstal.pl\/sk\/wp-json\/wp\/v2\/pages\/1957\/revisions\/4318"}],"wp:attachment":[{"href":"https:\/\/robstal.pl\/sk\/wp-json\/wp\/v2\/media?parent=1957"}],"curies":[{"name":"wp","href":"https:\/\/api.w.org\/{rel}","templated":true}]}}