{"id":1961,"date":"2024-07-24T08:22:38","date_gmt":"2024-07-24T06:22:38","guid":{"rendered":"https:\/\/robstal.pl\/podloze-pod-kojec\/"},"modified":"2024-09-20T13:03:51","modified_gmt":"2024-09-20T11:03:51","slug":"podklad-pod-koterec","status":"publish","type":"page","link":"https:\/\/robstal.pl\/sk\/podklad-pod-koterec\/","title":{"rendered":"Podklad pod\u00a0koterec"},"content":{"rendered":"<style>.kb-row-layout-id1376_711f23-9e > .kt-row-column-wrap{align-content:center;}:where(.kb-row-layout-id1376_711f23-9e > .kt-row-column-wrap) > .wp-block-kadence-column{justify-content:center;}.kb-row-layout-id1376_711f23-9e > .kt-row-column-wrap{column-gap:var(--global-kb-gap-sm, 1rem);row-gap:var(--global-kb-gap-sm, 1rem);max-width:var( --global-content-width, 1290px );padding-left:var(--global-content-edge-padding);padding-right:var(--global-content-edge-padding);padding-top:var(--global-kb-spacing-lg, 3rem);grid-template-columns:minmax(0, calc(55% - ((var(--global-kb-gap-sm, 1rem) * 1 )\/2)))minmax(0, calc(45% - ((var(--global-kb-gap-sm, 1rem) * 1 )\/2)));}.kb-row-layout-id1376_711f23-9e{background-image:linear-gradient(7deg,rgb(238,238,238) 38%,var(--global-palette9) 38%);}.kb-row-layout-id1376_711f23-9e > .kt-row-layout-overlay{opacity:0.30;}@media all and (max-width: 1024px){.kb-row-layout-id1376_711f23-9e > .kt-row-column-wrap{grid-template-columns:minmax(0, 1fr);}}@media all and (max-width: 767px){.kb-row-layout-id1376_711f23-9e > .kt-row-column-wrap{grid-template-columns:minmax(0, 1fr);}}<\/style><div class=\"kb-row-layout-wrap kb-row-layout-id1376_711f23-9e alignfull kt-row-has-bg wp-block-kadence-rowlayout\"><div class=\"kt-row-column-wrap kt-has-2-columns kt-row-layout-equal kt-tab-layout-row kt-mobile-layout-row kt-row-valign-middle kb-theme-content-width\">\n<style>.kadence-column1376_c4c0a6-23 > .kt-inside-inner-col{padding-top:var(--global-kb-spacing-md, 2rem);padding-right:var(--global-kb-spacing-md, 2rem);padding-bottom:var(--global-kb-spacing-md, 2rem);padding-left:var(--global-kb-spacing-md, 2rem);}.kadence-column1376_c4c0a6-23 > .kt-inside-inner-col,.kadence-column1376_c4c0a6-23 > .kt-inside-inner-col:before{border-top-left-radius:0px;border-top-right-radius:0px;border-bottom-right-radius:0px;border-bottom-left-radius:0px;}.kadence-column1376_c4c0a6-23 > .kt-inside-inner-col{column-gap:var(--global-kb-gap-sm, 1rem);}.kadence-column1376_c4c0a6-23 > .kt-inside-inner-col{flex-direction:column;}.kadence-column1376_c4c0a6-23 > .kt-inside-inner-col > .aligncenter{width:100%;}.kadence-column1376_c4c0a6-23 > .kt-inside-inner-col{background-color:#fbfbfb;}.kadence-column1376_c4c0a6-23 > .kt-inside-inner-col:before{opacity:0.3;}.kadence-column1376_c4c0a6-23{position:relative;}.kadence-column1376_c4c0a6-23, .kt-inside-inner-col > .kadence-column1376_c4c0a6-23:not(.specificity){margin-left:0px;}@media all and (max-width: 1024px){.kadence-column1376_c4c0a6-23 > .kt-inside-inner-col{padding-top:var(--global-kb-spacing-xs, 1rem);padding-right:var(--global-kb-spacing-xs, 1rem);padding-bottom:var(--global-kb-spacing-xs, 1rem);padding-left:var(--global-kb-spacing-xs, 1rem);flex-direction:column;justify-content:center;}}@media all and (max-width: 767px){.kadence-column1376_c4c0a6-23 > .kt-inside-inner-col{flex-direction:column;justify-content:center;}}<\/style>\n<div class=\"wp-block-kadence-column kadence-column1376_c4c0a6-23\"><div class=\"kt-inside-inner-col\"><style>.wp-block-kadence-advancedheading.kt-adv-heading1376_69f8f7-54, .wp-block-kadence-advancedheading.kt-adv-heading1376_69f8f7-54[data-kb-block=\"kb-adv-heading1376_69f8f7-54\"]{font-style:normal;}.wp-block-kadence-advancedheading.kt-adv-heading1376_69f8f7-54 mark.kt-highlight, .wp-block-kadence-advancedheading.kt-adv-heading1376_69f8f7-54[data-kb-block=\"kb-adv-heading1376_69f8f7-54\"] mark.kt-highlight{font-style:normal;color:var(--global-palette1, #3182CE);-webkit-box-decoration-break:clone;box-decoration-break:clone;padding-top:0px;padding-right:0px;padding-bottom:0px;padding-left:0px;}.wp-block-kadence-advancedheading.kt-adv-heading1376_69f8f7-54 img.kb-inline-image, .wp-block-kadence-advancedheading.kt-adv-heading1376_69f8f7-54[data-kb-block=\"kb-adv-heading1376_69f8f7-54\"] img.kb-inline-image{width:150px;vertical-align:baseline;}@media all and (max-width: 1024px){.wp-block-kadence-advancedheading.kt-adv-heading1376_69f8f7-54, .wp-block-kadence-advancedheading.kt-adv-heading1376_69f8f7-54[data-kb-block=\"kb-adv-heading1376_69f8f7-54\"]{max-width:1000px;}}<\/style>\n<h1 class=\"kt-adv-heading1376_69f8f7-54 wp-block-kadence-advancedheading\" data-kb-block=\"kb-adv-heading1376_69f8f7-54\"><strong>Podklad pod<\/strong>\u00a0<mark>koterec<\/mark><\/h1>\n\n\n\n<p>Pred mont\u00e1\u017eou koterca pre psa\u00a0<strong>je klient zodpovedn\u00fd za pr\u00edpravu vhodn\u00e9ho podkladu.\u00a0<\/strong><\/p>\n\n\n\n<p><strong>Ni\u017e\u0161ie uv\u00e1dzame 3 sp\u00f4soby spr\u00e1vnej pr\u00edpravy ter\u00e9nu pre koterec:<\/strong>\u00a0<\/p>\n\n\n\n<ol start=\"1\" class=\"wp-block-list\">\n<li><strong>Vyrovnanie a vyrovnanie ter\u00e9nu.\u00a0<\/strong><\/li>\n\n\n\n<li><strong>Ulo\u017eenie vrstvy piesku alebo \u0161trku pre lep\u0161iu stabiliz\u00e1ciu.\u00a0<\/strong><\/li>\n\n\n\n<li><strong>Pou\u017eitie z\u00e1kladov\u00fdch dosiek alebo bet\u00f3nov\u00fdch z\u00e1kladov pod rohy koterca\u00a0<\/strong><\/li>\n<\/ol>\n\n\n\n<p>Po dokon\u010den\u00ed mont\u00e1\u017ee je klient povinn\u00fd pripevni\u0165 koterec k podkladu na vlastn\u00e9 n\u00e1klady.\u00a0<\/p>\n<\/div><\/div>\n\n\n<style>.kadence-column1376_7c4a0e-42 > .kt-inside-inner-col{display:flex;}.kadence-column1376_7c4a0e-42 > .kt-inside-inner-col,.kadence-column1376_7c4a0e-42 > .kt-inside-inner-col:before{border-top-left-radius:0px;border-top-right-radius:0px;border-bottom-right-radius:0px;border-bottom-left-radius:0px;}.kadence-column1376_7c4a0e-42 > .kt-inside-inner-col{column-gap:var(--global-kb-gap-sm, 1rem);}.kadence-column1376_7c4a0e-42 > .kt-inside-inner-col{flex-direction:column;justify-content:center;}.kadence-column1376_7c4a0e-42 > .kt-inside-inner-col > .aligncenter{width:100%;}.kt-row-column-wrap > .kadence-column1376_7c4a0e-42{align-self:center;}.kt-inner-column-height-full:not(.kt-has-1-columns) > .wp-block-kadence-column.kadence-column1376_7c4a0e-42{align-self:auto;}.kt-inner-column-height-full:not(.kt-has-1-columns) > .wp-block-kadence-column.kadence-column1376_7c4a0e-42 > .kt-inside-inner-col{flex-direction:column;justify-content:center;}.kadence-column1376_7c4a0e-42 > .kt-inside-inner-col:before{opacity:0.3;}.kadence-column1376_7c4a0e-42{z-index:5;position:relative;}@media all and (max-width: 1024px){.kt-row-column-wrap > .kadence-column1376_7c4a0e-42{align-self:center;}}@media all and (max-width: 1024px){.kt-inner-column-height-full:not(.kt-has-1-columns) > .wp-block-kadence-column.kadence-column1376_7c4a0e-42{align-self:auto;}}@media all and (max-width: 1024px){.kt-inner-column-height-full:not(.kt-has-1-columns) > .wp-block-kadence-column.kadence-column1376_7c4a0e-42 > .kt-inside-inner-col{flex-direction:column;justify-content:center;}}@media all and (max-width: 1024px){.kadence-column1376_7c4a0e-42 > .kt-inside-inner-col{flex-direction:column;justify-content:center;}}@media all and (max-width: 767px){.kt-row-column-wrap > .kadence-column1376_7c4a0e-42{align-self:center;}.kt-inner-column-height-full:not(.kt-has-1-columns) > .wp-block-kadence-column.kadence-column1376_7c4a0e-42{align-self:auto;}.kt-inner-column-height-full:not(.kt-has-1-columns) > .wp-block-kadence-column.kadence-column1376_7c4a0e-42 > .kt-inside-inner-col{flex-direction:column;justify-content:center;}.kadence-column1376_7c4a0e-42 > .kt-inside-inner-col{flex-direction:column;justify-content:center;}}<\/style>\n<div class=\"wp-block-kadence-column kadence-column1376_7c4a0e-42\"><div class=\"kt-inside-inner-col\"><style>.kb-image1376_e9b9c1-3c .kb-image-has-overlay:after{opacity:0.3;border-top-left-radius:30px;border-top-right-radius:30px;border-bottom-right-radius:30px;border-bottom-left-radius:30px;}.kb-image1376_e9b9c1-3c img.kb-img, .kb-image1376_e9b9c1-3c .kb-img img{border-top-left-radius:30px;border-top-right-radius:30px;border-bottom-right-radius:30px;border-bottom-left-radius:30px;}@media all and (max-width: 1024px){.wp-block-kadence-image.kb-image1376_e9b9c1-3c:not(.kb-specificity-added):not(.kb-extra-specificity-added){margin-right:0px;margin-left:0px;}}<\/style>\n<figure class=\"wp-block-kadence-image kb-image1376_e9b9c1-3c size-large kb-image-is-ratio-size\"><div class=\"kb-is-ratio-image kb-image-ratio-land32\"><img loading=\"lazy\" decoding=\"async\" width=\"1024\" height=\"768\" src=\"https:\/\/robstal.pl\/wp-content\/uploads\/2024\/07\/kojec-dla-psa-nero-4-1024x768.jpg\" alt=\"\" class=\"kb-img wp-image-1229\" srcset=\"https:\/\/robstal.pl\/wp-content\/uploads\/2024\/07\/kojec-dla-psa-nero-4-1024x768.jpg 1024w, https:\/\/robstal.pl\/wp-content\/uploads\/2024\/07\/kojec-dla-psa-nero-4-500x375.jpg 500w, https:\/\/robstal.pl\/wp-content\/uploads\/2024\/07\/kojec-dla-psa-nero-4-600x450.jpg 600w, https:\/\/robstal.pl\/wp-content\/uploads\/2024\/07\/kojec-dla-psa-nero-4-300x225.jpg 300w, https:\/\/robstal.pl\/wp-content\/uploads\/2024\/07\/kojec-dla-psa-nero-4-768x576.jpg 768w, https:\/\/robstal.pl\/wp-content\/uploads\/2024\/07\/kojec-dla-psa-nero-4.jpg 1067w\" sizes=\"auto, (max-width: 1024px) 100vw, 1024px\" \/><\/div><\/figure>\n<\/div><\/div>\n\n<\/div><\/div><style>.kb-row-layout-id1376_42d64a-08 > .kt-row-column-wrap{align-content:start;}:where(.kb-row-layout-id1376_42d64a-08 > .kt-row-column-wrap) > .wp-block-kadence-column{justify-content:start;}.kb-row-layout-id1376_42d64a-08 > .kt-row-column-wrap{column-gap:var(--global-kb-gap-md, 2rem);row-gap:var(--global-kb-gap-md, 2rem);max-width:var( --global-content-width, 1290px );padding-left:var(--global-content-edge-padding);padding-right:var(--global-content-edge-padding);padding-top:var(--global-kb-spacing-xxl, 5rem);padding-bottom:var(--global-kb-spacing-xxl, 5rem);grid-template-columns:minmax(0, 1fr);}.kb-row-layout-id1376_42d64a-08{background-image:linear-gradient(172deg,rgb(238,238,238) 40%,var(--global-palette9) 40%);}.kb-row-layout-id1376_42d64a-08 > .kt-row-layout-overlay{opacity:0.30;}@media all and (max-width: 1024px){.kb-row-layout-id1376_42d64a-08 > .kt-row-column-wrap{grid-template-columns:minmax(0, 1fr);}}@media all and (max-width: 767px){.kb-row-layout-id1376_42d64a-08 > .kt-row-column-wrap{grid-template-columns:minmax(0, 1fr);}}<\/style><div class=\"kb-row-layout-wrap kb-row-layout-id1376_42d64a-08 alignfull kt-row-has-bg wp-block-kadence-rowlayout\"><div class=\"kt-row-column-wrap kt-has-1-columns kt-row-layout-equal kt-tab-layout-inherit kt-mobile-layout-row kt-row-valign-top kb-theme-content-width\">\n<style>.kadence-column1376_bab847-f3 > .kt-inside-inner-col,.kadence-column1376_bab847-f3 > .kt-inside-inner-col:before{border-top-left-radius:0px;border-top-right-radius:0px;border-bottom-right-radius:0px;border-bottom-left-radius:0px;}.kadence-column1376_bab847-f3 > .kt-inside-inner-col{column-gap:var(--global-kb-gap-sm, 1rem);}.kadence-column1376_bab847-f3 > .kt-inside-inner-col{flex-direction:column;}.kadence-column1376_bab847-f3 > .kt-inside-inner-col > .aligncenter{width:100%;}.kadence-column1376_bab847-f3 > .kt-inside-inner-col:before{opacity:0.3;}.kadence-column1376_bab847-f3{position:relative;}@media all and (max-width: 1024px){.kadence-column1376_bab847-f3 > .kt-inside-inner-col{flex-direction:column;justify-content:center;}}@media all and (max-width: 767px){.kadence-column1376_bab847-f3 > .kt-inside-inner-col{flex-direction:column;justify-content:center;}}<\/style>\n<div class=\"wp-block-kadence-column kadence-column1376_bab847-f3\"><div class=\"kt-inside-inner-col\"><style>.kb-image1376_c7117f-96.kb-image-is-ratio-size, .kb-image1376_c7117f-96 .kb-image-is-ratio-size{max-width:1200px;width:100%;}.wp-block-kadence-column > .kt-inside-inner-col > .kb-image1376_c7117f-96.kb-image-is-ratio-size, .wp-block-kadence-column > .kt-inside-inner-col > .kb-image1376_c7117f-96 .kb-image-is-ratio-size{align-self:unset;}.kb-image1376_c7117f-96 figure{max-width:1200px;}.kb-image1376_c7117f-96 .image-is-svg, .kb-image1376_c7117f-96 .image-is-svg img{width:100%;}.kb-image1376_c7117f-96 .kb-image-has-overlay:after{opacity:0.3;}<\/style>\n<div class=\"wp-block-kadence-image kb-image1376_c7117f-96\"><figure class=\"aligncenter size-full\"><img loading=\"lazy\" decoding=\"async\" width=\"1631\" height=\"684\" src=\"https:\/\/robstal.pl\/wp-content\/uploads\/2024\/07\/podloze-pod-kojec.jpg\" alt=\"\" class=\"kb-img wp-image-294\" srcset=\"https:\/\/robstal.pl\/wp-content\/uploads\/2024\/07\/podloze-pod-kojec.jpg 1631w, https:\/\/robstal.pl\/wp-content\/uploads\/2024\/07\/podloze-pod-kojec-600x252.jpg 600w, https:\/\/robstal.pl\/wp-content\/uploads\/2024\/07\/podloze-pod-kojec-300x126.jpg 300w, https:\/\/robstal.pl\/wp-content\/uploads\/2024\/07\/podloze-pod-kojec-1024x429.jpg 1024w, https:\/\/robstal.pl\/wp-content\/uploads\/2024\/07\/podloze-pod-kojec-768x322.jpg 768w, https:\/\/robstal.pl\/wp-content\/uploads\/2024\/07\/podloze-pod-kojec-1536x644.jpg 1536w\" sizes=\"auto, (max-width: 1631px) 100vw, 1631px\" \/><\/figure><\/div>\n<\/div><\/div>\n\n<\/div><\/div>","protected":false},"excerpt":{"rendered":"<p>Podklad pod\u00a0koterec Pred mont\u00e1\u017eou koterca pre psa\u00a0je klient zodpovedn\u00fd za pr\u00edpravu vhodn\u00e9ho podkladu.\u00a0 Ni\u017e\u0161ie uv\u00e1dzame 3 sp\u00f4soby spr\u00e1vnej pr\u00edpravy ter\u00e9nu pre koterec:\u00a0 Po dokon\u010den\u00ed mont\u00e1\u017ee je klient povinn\u00fd pripevni\u0165 koterec k podkladu na vlastn\u00e9 n\u00e1klady.\u00a0<\/p>\n","protected":false},"author":1,"featured_media":0,"parent":0,"menu_order":0,"comment_status":"closed","ping_status":"closed","template":"","meta":{"_kad_blocks_custom_css":"","_kad_blocks_head_custom_js":"","_kad_blocks_body_custom_js":"","_kad_blocks_footer_custom_js":"","_kad_post_transparent":"","_kad_post_title":"","_kad_post_layout":"","_kad_post_sidebar_id":"","_kad_post_content_style":"","_kad_post_vertical_padding":"","_kad_post_feature":"","_kad_post_feature_position":"","_kad_post_header":false,"_kad_post_footer":false,"_kad_post_classname":"","footnotes":""},"class_list":["post-1961","page","type-page","status-publish","hentry"],"acf":[],"taxonomy_info":[],"featured_image_src_large":false,"author_info":{"display_name":"gootek","author_link":"https:\/\/robstal.pl\/sk\/author\/gootek\/"},"comment_info":0,"_links":{"self":[{"href":"https:\/\/robstal.pl\/sk\/wp-json\/wp\/v2\/pages\/1961","targetHints":{"allow":["GET"]}}],"collection":[{"href":"https:\/\/robstal.pl\/sk\/wp-json\/wp\/v2\/pages"}],"about":[{"href":"https:\/\/robstal.pl\/sk\/wp-json\/wp\/v2\/types\/page"}],"author":[{"embeddable":true,"href":"https:\/\/robstal.pl\/sk\/wp-json\/wp\/v2\/users\/1"}],"replies":[{"embeddable":true,"href":"https:\/\/robstal.pl\/sk\/wp-json\/wp\/v2\/comments?post=1961"}],"version-history":[{"count":3,"href":"https:\/\/robstal.pl\/sk\/wp-json\/wp\/v2\/pages\/1961\/revisions"}],"predecessor-version":[{"id":4369,"href":"https:\/\/robstal.pl\/sk\/wp-json\/wp\/v2\/pages\/1961\/revisions\/4369"}],"wp:attachment":[{"href":"https:\/\/robstal.pl\/sk\/wp-json\/wp\/v2\/media?parent=1961"}],"curies":[{"name":"wp","href":"https:\/\/api.w.org\/{rel}","templated":true}]}}