{"id":1965,"date":"2024-07-24T08:19:37","date_gmt":"2024-07-24T06:19:37","guid":{"rendered":"https:\/\/robstal.pl\/podloze-pod-garaz\/"},"modified":"2024-09-20T13:04:58","modified_gmt":"2024-09-20T11:04:58","slug":"podlozka-do-garaze","status":"publish","type":"page","link":"https:\/\/robstal.pl\/sk\/podlozka-do-garaze\/","title":{"rendered":"Podlo\u017eka do gar\u00e1\u017ee"},"content":{"rendered":"<style>.kb-row-layout-id1965_de6c74-9e > .kt-row-column-wrap{align-content:center;}:where(.kb-row-layout-id1965_de6c74-9e > .kt-row-column-wrap) > .wp-block-kadence-column{justify-content:center;}.kb-row-layout-id1965_de6c74-9e > .kt-row-column-wrap{column-gap:var(--global-kb-gap-sm, 1rem);row-gap:var(--global-kb-gap-sm, 1rem);max-width:var( --global-content-width, 1290px );padding-left:var(--global-content-edge-padding);padding-right:var(--global-content-edge-padding);padding-top:var(--global-kb-spacing-lg, 3rem);grid-template-columns:minmax(0, calc(55% - ((var(--global-kb-gap-sm, 1rem) * 1 )\/2)))minmax(0, calc(45% - ((var(--global-kb-gap-sm, 1rem) * 1 )\/2)));}.kb-row-layout-id1965_de6c74-9e{background-image:linear-gradient(7deg,rgb(238,238,238) 38%,var(--global-palette9) 38%);}.kb-row-layout-id1965_de6c74-9e > .kt-row-layout-overlay{opacity:0.30;}@media all and (max-width: 1024px){.kb-row-layout-id1965_de6c74-9e > .kt-row-column-wrap{grid-template-columns:minmax(0, 1fr);}}@media all and (max-width: 767px){.kb-row-layout-id1965_de6c74-9e > .kt-row-column-wrap{grid-template-columns:minmax(0, 1fr);}}<\/style><div class=\"kb-row-layout-wrap kb-row-layout-id1965_de6c74-9e alignfull kt-row-has-bg wp-block-kadence-rowlayout\"><div class=\"kt-row-column-wrap kt-has-2-columns kt-row-layout-equal kt-tab-layout-row kt-mobile-layout-row kt-row-valign-middle kb-theme-content-width\">\n<style>.kadence-column1965_f8d7ea-59 > .kt-inside-inner-col{padding-top:var(--global-kb-spacing-md, 2rem);padding-right:var(--global-kb-spacing-md, 2rem);padding-bottom:var(--global-kb-spacing-md, 2rem);padding-left:var(--global-kb-spacing-md, 2rem);}.kadence-column1965_f8d7ea-59 > .kt-inside-inner-col,.kadence-column1965_f8d7ea-59 > .kt-inside-inner-col:before{border-top-left-radius:0px;border-top-right-radius:0px;border-bottom-right-radius:0px;border-bottom-left-radius:0px;}.kadence-column1965_f8d7ea-59 > .kt-inside-inner-col{column-gap:var(--global-kb-gap-sm, 1rem);}.kadence-column1965_f8d7ea-59 > .kt-inside-inner-col{flex-direction:column;}.kadence-column1965_f8d7ea-59 > .kt-inside-inner-col > .aligncenter{width:100%;}.kadence-column1965_f8d7ea-59 > .kt-inside-inner-col{background-color:#fbfbfb;}.kadence-column1965_f8d7ea-59 > .kt-inside-inner-col:before{opacity:0.3;}.kadence-column1965_f8d7ea-59{position:relative;}.kadence-column1965_f8d7ea-59, .kt-inside-inner-col > .kadence-column1965_f8d7ea-59:not(.specificity){margin-left:0px;}@media all and (max-width: 1024px){.kadence-column1965_f8d7ea-59 > .kt-inside-inner-col{padding-top:var(--global-kb-spacing-xs, 1rem);padding-right:var(--global-kb-spacing-xs, 1rem);padding-bottom:var(--global-kb-spacing-xs, 1rem);padding-left:var(--global-kb-spacing-xs, 1rem);flex-direction:column;justify-content:center;}}@media all and (max-width: 767px){.kadence-column1965_f8d7ea-59 > .kt-inside-inner-col{flex-direction:column;justify-content:center;}}<\/style>\n<div class=\"wp-block-kadence-column kadence-column1965_f8d7ea-59\"><div class=\"kt-inside-inner-col\"><style>.wp-block-kadence-advancedheading.kt-adv-heading1965_357fab-18, .wp-block-kadence-advancedheading.kt-adv-heading1965_357fab-18[data-kb-block=\"kb-adv-heading1965_357fab-18\"]{font-style:normal;}.wp-block-kadence-advancedheading.kt-adv-heading1965_357fab-18 mark.kt-highlight, .wp-block-kadence-advancedheading.kt-adv-heading1965_357fab-18[data-kb-block=\"kb-adv-heading1965_357fab-18\"] mark.kt-highlight{font-style:normal;color:var(--global-palette1, #3182CE);-webkit-box-decoration-break:clone;box-decoration-break:clone;padding-top:0px;padding-right:0px;padding-bottom:0px;padding-left:0px;}.wp-block-kadence-advancedheading.kt-adv-heading1965_357fab-18 img.kb-inline-image, .wp-block-kadence-advancedheading.kt-adv-heading1965_357fab-18[data-kb-block=\"kb-adv-heading1965_357fab-18\"] img.kb-inline-image{width:150px;vertical-align:baseline;}@media all and (max-width: 1024px){.wp-block-kadence-advancedheading.kt-adv-heading1965_357fab-18, .wp-block-kadence-advancedheading.kt-adv-heading1965_357fab-18[data-kb-block=\"kb-adv-heading1965_357fab-18\"]{max-width:1000px;}}<\/style>\n<h1 class=\"kt-adv-heading1965_357fab-18 wp-block-kadence-advancedheading\" data-kb-block=\"kb-adv-heading1965_357fab-18\">Podlo\u017eka do <mark class=\"kt-highlight\">gar\u00e1\u017ee<\/mark><\/h1>\n\n\n\n<p><strong>Klient je zodpovedn\u00fd za pr\u00edpravu podkladu pod gar\u00e1\u017e.<\/strong><\/p>\n\n\n\n<p>Odpor\u00fa\u010dame vyrovnanie a vyrovnanie ter\u00e9nu. Minim\u00e1lne po\u017eiadavky s\u00fa 4-6 dla\u017eobn\u00fdch kociek umiestnen\u00fdch v rohoch a vyrovnan\u00fdch.&nbsp;<\/p>\n\n\n\n<p>Inou mo\u017enos\u0165ou je polo\u017eenie bet\u00f3nov\u00fdch z\u00e1kladov alebo z\u00e1kladu prisp\u00f4soben\u00e9ho ve\u013ekosti objednanej gar\u00e1\u017ee. Je tie\u017e mo\u017en\u00e9 vykona\u0165 bet\u00f3nov\u00fd poter, ktor\u00fd by mal by\u0165 o 20 cm \u0161ir\u0161\u00ed a dlh\u0161\u00ed ako gar\u00e1\u017e.&nbsp;<\/p>\n\n\n\n<p>Po mont\u00e1\u017ei je klient povinn\u00fd pripevni\u0165 gar\u00e1\u017e k podkladu a natrie\u0165 vidite\u013en\u00e9 prvky kon\u0161trukcie z\u00e1kladnou farbou a zabezpe\u010di\u0165 ich vrchnou farbou.&nbsp;<\/p>\n<\/div><\/div>\n\n\n<style>.kadence-column1965_135602-3f > .kt-inside-inner-col{display:flex;}.kadence-column1965_135602-3f > .kt-inside-inner-col,.kadence-column1965_135602-3f > .kt-inside-inner-col:before{border-top-left-radius:0px;border-top-right-radius:0px;border-bottom-right-radius:0px;border-bottom-left-radius:0px;}.kadence-column1965_135602-3f > .kt-inside-inner-col{column-gap:var(--global-kb-gap-sm, 1rem);}.kadence-column1965_135602-3f > .kt-inside-inner-col{flex-direction:column;justify-content:center;}.kadence-column1965_135602-3f > .kt-inside-inner-col > .aligncenter{width:100%;}.kt-row-column-wrap > .kadence-column1965_135602-3f{align-self:center;}.kt-inner-column-height-full:not(.kt-has-1-columns) > .wp-block-kadence-column.kadence-column1965_135602-3f{align-self:auto;}.kt-inner-column-height-full:not(.kt-has-1-columns) > .wp-block-kadence-column.kadence-column1965_135602-3f > .kt-inside-inner-col{flex-direction:column;justify-content:center;}.kadence-column1965_135602-3f > .kt-inside-inner-col:before{opacity:0.3;}.kadence-column1965_135602-3f{z-index:5;position:relative;}@media all and (max-width: 1024px){.kt-row-column-wrap > .kadence-column1965_135602-3f{align-self:center;}}@media all and (max-width: 1024px){.kt-inner-column-height-full:not(.kt-has-1-columns) > .wp-block-kadence-column.kadence-column1965_135602-3f{align-self:auto;}}@media all and (max-width: 1024px){.kt-inner-column-height-full:not(.kt-has-1-columns) > .wp-block-kadence-column.kadence-column1965_135602-3f > .kt-inside-inner-col{flex-direction:column;justify-content:center;}}@media all and (max-width: 1024px){.kadence-column1965_135602-3f > .kt-inside-inner-col{flex-direction:column;justify-content:center;}}@media all and (max-width: 767px){.kt-row-column-wrap > .kadence-column1965_135602-3f{align-self:center;}.kt-inner-column-height-full:not(.kt-has-1-columns) > .wp-block-kadence-column.kadence-column1965_135602-3f{align-self:auto;}.kt-inner-column-height-full:not(.kt-has-1-columns) > .wp-block-kadence-column.kadence-column1965_135602-3f > .kt-inside-inner-col{flex-direction:column;justify-content:center;}.kadence-column1965_135602-3f > .kt-inside-inner-col{flex-direction:column;justify-content:center;}}<\/style>\n<div class=\"wp-block-kadence-column kadence-column1965_135602-3f\"><div class=\"kt-inside-inner-col\"><style>.kb-image1965_c23af3-5c .kb-image-has-overlay:after{opacity:0.3;border-top-left-radius:30px;border-top-right-radius:30px;border-bottom-right-radius:30px;border-bottom-left-radius:30px;}.kb-image1965_c23af3-5c img.kb-img, .kb-image1965_c23af3-5c .kb-img img{border-top-left-radius:30px;border-top-right-radius:30px;border-bottom-right-radius:30px;border-bottom-left-radius:30px;}@media all and (max-width: 1024px){.wp-block-kadence-image.kb-image1965_c23af3-5c:not(.kb-specificity-added):not(.kb-extra-specificity-added){margin-right:0px;margin-left:0px;}}<\/style>\n<figure class=\"wp-block-kadence-image kb-image1965_c23af3-5c size-full kb-image-is-ratio-size\"><div class=\"kb-is-ratio-image kb-image-ratio-land32\"><img loading=\"lazy\" decoding=\"async\" width=\"790\" height=\"494\" src=\"https:\/\/robstal.pl\/wp-content\/uploads\/2024\/07\/garaze-blaszane-typowe.jpg\" alt=\"\" class=\"kb-img wp-image-795\" srcset=\"https:\/\/robstal.pl\/wp-content\/uploads\/2024\/07\/garaze-blaszane-typowe.jpg 790w, https:\/\/robstal.pl\/wp-content\/uploads\/2024\/07\/garaze-blaszane-typowe-600x375.jpg 600w, https:\/\/robstal.pl\/wp-content\/uploads\/2024\/07\/garaze-blaszane-typowe-300x188.jpg 300w, https:\/\/robstal.pl\/wp-content\/uploads\/2024\/07\/garaze-blaszane-typowe-768x480.jpg 768w\" sizes=\"auto, (max-width: 790px) 100vw, 790px\" \/><\/div><\/figure>\n<\/div><\/div>\n\n<\/div><\/div>\n\n<style>.kb-row-layout-id1965_bf7d30-4a > .kt-row-column-wrap{align-content:start;}:where(.kb-row-layout-id1965_bf7d30-4a > .kt-row-column-wrap) > .wp-block-kadence-column{justify-content:start;}.kb-row-layout-id1965_bf7d30-4a > .kt-row-column-wrap{column-gap:var(--global-kb-gap-md, 2rem);row-gap:var(--global-kb-gap-md, 2rem);max-width:var( --global-content-width, 1290px );padding-left:var(--global-content-edge-padding);padding-right:var(--global-content-edge-padding);padding-top:var(--global-kb-spacing-xxl, 5rem);padding-bottom:var(--global-kb-spacing-xxl, 5rem);grid-template-columns:minmax(0, 1fr);}.kb-row-layout-id1965_bf7d30-4a{background-image:linear-gradient(172deg,rgb(238,238,238) 40%,var(--global-palette9) 40%);}.kb-row-layout-id1965_bf7d30-4a > .kt-row-layout-overlay{opacity:0.30;}@media all and (max-width: 1024px){.kb-row-layout-id1965_bf7d30-4a > .kt-row-column-wrap{grid-template-columns:minmax(0, 1fr);}}@media all and (max-width: 767px){.kb-row-layout-id1965_bf7d30-4a > .kt-row-column-wrap{grid-template-columns:minmax(0, 1fr);}}<\/style><div class=\"kb-row-layout-wrap kb-row-layout-id1965_bf7d30-4a alignfull kt-row-has-bg wp-block-kadence-rowlayout\"><div class=\"kt-row-column-wrap kt-has-1-columns kt-row-layout-equal kt-tab-layout-inherit kt-mobile-layout-row kt-row-valign-top kb-theme-content-width\">\n<style>.kadence-column1965_cc6391-71 > .kt-inside-inner-col,.kadence-column1965_cc6391-71 > .kt-inside-inner-col:before{border-top-left-radius:0px;border-top-right-radius:0px;border-bottom-right-radius:0px;border-bottom-left-radius:0px;}.kadence-column1965_cc6391-71 > .kt-inside-inner-col{column-gap:var(--global-kb-gap-sm, 1rem);}.kadence-column1965_cc6391-71 > .kt-inside-inner-col{flex-direction:column;}.kadence-column1965_cc6391-71 > .kt-inside-inner-col > .aligncenter{width:100%;}.kadence-column1965_cc6391-71 > .kt-inside-inner-col:before{opacity:0.3;}.kadence-column1965_cc6391-71{position:relative;}@media all and (max-width: 1024px){.kadence-column1965_cc6391-71 > .kt-inside-inner-col{flex-direction:column;justify-content:center;}}@media all and (max-width: 767px){.kadence-column1965_cc6391-71 > .kt-inside-inner-col{flex-direction:column;justify-content:center;}}<\/style>\n<div class=\"wp-block-kadence-column kadence-column1965_cc6391-71\"><div class=\"kt-inside-inner-col\"><style>.kb-image1965_58a9f4-79.kb-image-is-ratio-size, .kb-image1965_58a9f4-79 .kb-image-is-ratio-size{max-width:1200px;width:100%;}.wp-block-kadence-column > .kt-inside-inner-col > .kb-image1965_58a9f4-79.kb-image-is-ratio-size, .wp-block-kadence-column > .kt-inside-inner-col > .kb-image1965_58a9f4-79 .kb-image-is-ratio-size{align-self:unset;}.kb-image1965_58a9f4-79 figure{max-width:1200px;}.kb-image1965_58a9f4-79 .image-is-svg, .kb-image1965_58a9f4-79 .image-is-svg img{width:100%;}.kb-image1965_58a9f4-79 .kb-image-has-overlay:after{opacity:0.3;}<\/style>\n<div class=\"wp-block-kadence-image kb-image1965_58a9f4-79\"><figure class=\"aligncenter size-full\"><img loading=\"lazy\" decoding=\"async\" width=\"922\" height=\"454\" src=\"https:\/\/robstal.pl\/wp-content\/uploads\/2024\/07\/podloze-pod-garaz.jpg\" alt=\"\" class=\"kb-img wp-image-277\" srcset=\"https:\/\/robstal.pl\/wp-content\/uploads\/2024\/07\/podloze-pod-garaz.jpg 922w, https:\/\/robstal.pl\/wp-content\/uploads\/2024\/07\/podloze-pod-garaz-600x295.jpg 600w, https:\/\/robstal.pl\/wp-content\/uploads\/2024\/07\/podloze-pod-garaz-300x148.jpg 300w, https:\/\/robstal.pl\/wp-content\/uploads\/2024\/07\/podloze-pod-garaz-768x378.jpg 768w\" sizes=\"auto, (max-width: 922px) 100vw, 922px\" \/><\/figure><\/div>\n<\/div><\/div>\n\n<\/div><\/div>","protected":false},"excerpt":{"rendered":"<p>Podlo\u017eka do gar\u00e1\u017ee Klient je zodpovedn\u00fd za pr\u00edpravu podkladu pod gar\u00e1\u017e. Odpor\u00fa\u010dame vyrovnanie a vyrovnanie ter\u00e9nu. Minim\u00e1lne po\u017eiadavky s\u00fa 4-6 dla\u017eobn\u00fdch kociek umiestnen\u00fdch v rohoch a vyrovnan\u00fdch.&nbsp; Inou mo\u017enos\u0165ou je polo\u017eenie bet\u00f3nov\u00fdch z\u00e1kladov alebo z\u00e1kladu prisp\u00f4soben\u00e9ho ve\u013ekosti objednanej gar\u00e1\u017ee. Je tie\u017e mo\u017en\u00e9 vykona\u0165 bet\u00f3nov\u00fd poter, ktor\u00fd by mal by\u0165 o 20 cm \u0161ir\u0161\u00ed a dlh\u0161\u00ed&#8230;<\/p>\n","protected":false},"author":1,"featured_media":0,"parent":0,"menu_order":0,"comment_status":"closed","ping_status":"closed","template":"","meta":{"_kad_blocks_custom_css":"","_kad_blocks_head_custom_js":"","_kad_blocks_body_custom_js":"","_kad_blocks_footer_custom_js":"","_kad_post_transparent":"","_kad_post_title":"","_kad_post_layout":"","_kad_post_sidebar_id":"","_kad_post_content_style":"","_kad_post_vertical_padding":"","_kad_post_feature":"","_kad_post_feature_position":"","_kad_post_header":false,"_kad_post_footer":false,"_kad_post_classname":"","footnotes":""},"class_list":["post-1965","page","type-page","status-publish","hentry"],"acf":[],"taxonomy_info":[],"featured_image_src_large":false,"author_info":{"display_name":"gootek","author_link":"https:\/\/robstal.pl\/sk\/author\/gootek\/"},"comment_info":0,"_links":{"self":[{"href":"https:\/\/robstal.pl\/sk\/wp-json\/wp\/v2\/pages\/1965","targetHints":{"allow":["GET"]}}],"collection":[{"href":"https:\/\/robstal.pl\/sk\/wp-json\/wp\/v2\/pages"}],"about":[{"href":"https:\/\/robstal.pl\/sk\/wp-json\/wp\/v2\/types\/page"}],"author":[{"embeddable":true,"href":"https:\/\/robstal.pl\/sk\/wp-json\/wp\/v2\/users\/1"}],"replies":[{"embeddable":true,"href":"https:\/\/robstal.pl\/sk\/wp-json\/wp\/v2\/comments?post=1965"}],"version-history":[{"count":4,"href":"https:\/\/robstal.pl\/sk\/wp-json\/wp\/v2\/pages\/1965\/revisions"}],"predecessor-version":[{"id":4372,"href":"https:\/\/robstal.pl\/sk\/wp-json\/wp\/v2\/pages\/1965\/revisions\/4372"}],"wp:attachment":[{"href":"https:\/\/robstal.pl\/sk\/wp-json\/wp\/v2\/media?parent=1965"}],"curies":[{"name":"wp","href":"https:\/\/api.w.org\/{rel}","templated":true}]}}