{"id":1981,"date":"2024-07-04T15:48:09","date_gmt":"2024-07-04T13:48:09","guid":{"rendered":"https:\/\/robstal.pl\/klauzula-rodo\/"},"modified":"2024-09-20T12:00:34","modified_gmt":"2024-09-20T10:00:34","slug":"klauzula-gdpr","status":"publish","type":"page","link":"https:\/\/robstal.pl\/sk\/klauzula-gdpr\/","title":{"rendered":"Klauzula GDPR\u00a0"},"content":{"rendered":"<style>.kb-row-layout-id1981_a0cb49-7a > .kt-row-column-wrap{align-content:start;}:where(.kb-row-layout-id1981_a0cb49-7a > .kt-row-column-wrap) > .wp-block-kadence-column{justify-content:start;}.kb-row-layout-id1981_a0cb49-7a > .kt-row-column-wrap{column-gap:var(--global-kb-gap-md, 2rem);row-gap:var(--global-kb-gap-md, 2rem);max-width:var( --global-content-width, 1290px );padding-left:var(--global-content-edge-padding);padding-right:var(--global-content-edge-padding);padding-top:var(--global-kb-spacing-sm, 1.5rem);padding-bottom:var(--global-kb-spacing-sm, 1.5rem);grid-template-columns:minmax(0, 1fr);}.kb-row-layout-id1981_a0cb49-7a > .kt-row-layout-overlay{opacity:0.30;}@media all and (max-width: 1024px){.kb-row-layout-id1981_a0cb49-7a > .kt-row-column-wrap{grid-template-columns:minmax(0, 1fr);}}@media all and (max-width: 767px){.kb-row-layout-id1981_a0cb49-7a > .kt-row-column-wrap{grid-template-columns:minmax(0, 1fr);}}<\/style><div class=\"kb-row-layout-wrap kb-row-layout-id1981_a0cb49-7a alignfull wp-block-kadence-rowlayout\"><div class=\"kt-row-column-wrap kt-has-1-columns kt-row-layout-equal kt-tab-layout-inherit kt-mobile-layout-row kt-row-valign-top kb-theme-content-width\">\n<style>.kadence-column1981_e1889b-ce > .kt-inside-inner-col,.kadence-column1981_e1889b-ce > .kt-inside-inner-col:before{border-top-left-radius:0px;border-top-right-radius:0px;border-bottom-right-radius:0px;border-bottom-left-radius:0px;}.kadence-column1981_e1889b-ce > .kt-inside-inner-col{column-gap:var(--global-kb-gap-sm, 1rem);}.kadence-column1981_e1889b-ce > .kt-inside-inner-col{flex-direction:column;}.kadence-column1981_e1889b-ce > .kt-inside-inner-col > .aligncenter{width:100%;}.kadence-column1981_e1889b-ce > .kt-inside-inner-col:before{opacity:0.3;}.kadence-column1981_e1889b-ce{position:relative;}@media all and (max-width: 1024px){.kadence-column1981_e1889b-ce > .kt-inside-inner-col{flex-direction:column;justify-content:center;}}@media all and (max-width: 767px){.kadence-column1981_e1889b-ce > .kt-inside-inner-col{flex-direction:column;justify-content:center;}}<\/style>\n<div class=\"wp-block-kadence-column kadence-column1981_e1889b-ce\"><div class=\"kt-inside-inner-col\"><style>.wp-block-kadence-advancedheading.kt-adv-heading1981_5ec34a-11, .wp-block-kadence-advancedheading.kt-adv-heading1981_5ec34a-11[data-kb-block=\"kb-adv-heading1981_5ec34a-11\"]{text-align:center;font-style:normal;}.wp-block-kadence-advancedheading.kt-adv-heading1981_5ec34a-11 mark.kt-highlight, .wp-block-kadence-advancedheading.kt-adv-heading1981_5ec34a-11[data-kb-block=\"kb-adv-heading1981_5ec34a-11\"] mark.kt-highlight{font-style:normal;color:#f76a0c;-webkit-box-decoration-break:clone;box-decoration-break:clone;padding-top:0px;padding-right:0px;padding-bottom:0px;padding-left:0px;}.wp-block-kadence-advancedheading.kt-adv-heading1981_5ec34a-11 img.kb-inline-image, .wp-block-kadence-advancedheading.kt-adv-heading1981_5ec34a-11[data-kb-block=\"kb-adv-heading1981_5ec34a-11\"] img.kb-inline-image{width:150px;vertical-align:baseline;}<\/style>\n<h1 class=\"kt-adv-heading1981_5ec34a-11 wp-block-kadence-advancedheading\" data-kb-block=\"kb-adv-heading1981_5ec34a-11\">\u00a0<strong>Informa\u010dn\u00e1 klauzula GDPR:<\/strong>\u00a0<\/h1>\n\n\n<style>.kb-row-layout-id1981_2784cb-f8 > .kt-row-column-wrap{align-content:start;}:where(.kb-row-layout-id1981_2784cb-f8 > .kt-row-column-wrap) > .wp-block-kadence-column{justify-content:start;}.kb-row-layout-id1981_2784cb-f8 > .kt-row-column-wrap{column-gap:var(--global-kb-gap-md, 2rem);row-gap:var(--global-kb-gap-md, 2rem);max-width:var( --global-content-width, 1290px );padding-left:var(--global-content-edge-padding);padding-right:var(--global-content-edge-padding);padding-top:var(--global-kb-spacing-sm, 1.5rem);padding-bottom:var(--global-kb-spacing-sm, 1.5rem);grid-template-columns:minmax(0, 1fr);}.kb-row-layout-id1981_2784cb-f8 > .kt-row-layout-overlay{opacity:0.30;}@media all and (max-width: 1024px){.kb-row-layout-id1981_2784cb-f8 > .kt-row-column-wrap{grid-template-columns:minmax(0, 1fr);}}@media all and (max-width: 767px){.kb-row-layout-id1981_2784cb-f8 > .kt-row-column-wrap{grid-template-columns:minmax(0, 1fr);}}<\/style><div class=\"kb-row-layout-wrap kb-row-layout-id1981_2784cb-f8 alignnone wp-block-kadence-rowlayout\"><div class=\"kt-row-column-wrap kt-has-1-columns kt-row-layout-equal kt-tab-layout-inherit kt-mobile-layout-row kt-row-valign-top kb-theme-content-width\">\n<style>.kadence-column1981_d6afbb-08 > .kt-inside-inner-col,.kadence-column1981_d6afbb-08 > .kt-inside-inner-col:before{border-top-left-radius:0px;border-top-right-radius:0px;border-bottom-right-radius:0px;border-bottom-left-radius:0px;}.kadence-column1981_d6afbb-08 > .kt-inside-inner-col{column-gap:var(--global-kb-gap-sm, 1rem);}.kadence-column1981_d6afbb-08 > .kt-inside-inner-col{flex-direction:column;}.kadence-column1981_d6afbb-08 > .kt-inside-inner-col > .aligncenter{width:100%;}.kadence-column1981_d6afbb-08 > .kt-inside-inner-col:before{opacity:0.3;}.kadence-column1981_d6afbb-08{position:relative;}@media all and (max-width: 1024px){.kadence-column1981_d6afbb-08 > .kt-inside-inner-col{flex-direction:column;justify-content:center;}}@media all and (max-width: 767px){.kadence-column1981_d6afbb-08 > .kt-inside-inner-col{flex-direction:column;justify-content:center;}}<\/style>\n<div class=\"wp-block-kadence-column kadence-column1981_d6afbb-08\"><div class=\"kt-inside-inner-col\"><style>.wp-block-kadence-advancedheading.kt-adv-heading1981_c19f38-a3, .wp-block-kadence-advancedheading.kt-adv-heading1981_c19f38-a3[data-kb-block=\"kb-adv-heading1981_c19f38-a3\"]{text-align:left;font-style:normal;}.wp-block-kadence-advancedheading.kt-adv-heading1981_c19f38-a3 mark.kt-highlight, .wp-block-kadence-advancedheading.kt-adv-heading1981_c19f38-a3[data-kb-block=\"kb-adv-heading1981_c19f38-a3\"] mark.kt-highlight{font-style:normal;color:#f76a0c;-webkit-box-decoration-break:clone;box-decoration-break:clone;padding-top:0px;padding-right:0px;padding-bottom:0px;padding-left:0px;}.wp-block-kadence-advancedheading.kt-adv-heading1981_c19f38-a3 img.kb-inline-image, .wp-block-kadence-advancedheading.kt-adv-heading1981_c19f38-a3[data-kb-block=\"kb-adv-heading1981_c19f38-a3\"] img.kb-inline-image{width:150px;vertical-align:baseline;}<\/style>\n<h3 class=\"kt-adv-heading1981_c19f38-a3 wp-block-kadence-advancedheading has-theme-palette-1-color has-text-color\" data-kb-block=\"kb-adv-heading1981_c19f38-a3\"><strong>V s\u00falade s \u010dl\u00e1nkom 13 v\u0161eobecn\u00e9ho nariadenia o ochrane \u00fadajov z 27. apr\u00edla 2016 (\u00da. v. E\u00da L 119 z 04.05.2016) V\u00e1s informujem, \u017ee:\u00a0<\/strong><\/h3>\n\n\n\n<ol start=\"1\" class=\"wp-block-list\">\n<li>Spr\u00e1vcom Va\u0161ich osobn\u00fdch \u00fadajov je Robert Kurnik Firma Produk\u010dno-Handlov\u00e1 a Slu\u017eobn\u00e1, Krasne-Lasocice 110, 34-620 Jod\u0142ownik.\u00a0<\/li>\n\n\n\n<li>Va\u0161e osobn\u00e9 \u00fadaje bud\u00fa spracov\u00e1van\u00e9 na \u00fa\u010dely plnenia zmluvy \u2013 na z\u00e1klade \u010dl\u00e1nku 6 ods. 1 p\u00edsm. b v\u0161eobecn\u00e9ho nariadenia o ochrane \u00fadajov z 27. apr\u00edla 2016.\u00a0<\/li>\n\n\n\n<li>Pr\u00edjemcami Va\u0161ich osobn\u00fdch \u00fadajov bud\u00fa v\u00fdlu\u010dne subjekty opr\u00e1vnen\u00e9 na pr\u00edstup k osobn\u00fdm \u00fadajom.\u00a0<\/li>\n\n\n\n<li>Osobn\u00e9 \u00fadaje nebud\u00fa pren\u00e1\u0161an\u00e9 do tret\u00edch kraj\u00edn alebo medzin\u00e1rodn\u00fdch organiz\u00e1ci\u00ed.\u00a0<\/li>\n\n\n\n<li>Va\u0161e osobn\u00e9 \u00fadaje bud\u00fa uchov\u00e1van\u00e9 po\u010das trvania zmluvy a po jej skon\u010den\u00ed a\u017e do uplynutia leh\u00f4t na uplatnenie n\u00e1rokov zo zmluvy alebo do uplynutia povinnosti vypl\u00fdvaj\u00facej zo z\u00e1konn\u00fdch predpisov.\u00a0<\/li>\n\n\n\n<li>M\u00e1te pr\u00e1vo: po\u017eadova\u0165 pr\u00edstup k svojim osobn\u00fdm \u00fadajom, ich opravu, vymazanie alebo obmedzenie spracovania, pr\u00e1vo namieta\u0165 proti spracovaniu, pr\u00e1vo na prenosnos\u0165 \u00fadajov, pr\u00e1vo kedyko\u013evek odvola\u0165 s\u00fahlas.\u00a0<\/li>\n\n\n\n<li>M\u00e1te pr\u00e1vo poda\u0165 s\u0165a\u017enos\u0165 dozorn\u00e9mu org\u00e1nu, ktor\u00fdm je Predseda \u00daradu na ochranu osobn\u00fdch \u00fadajov.\u00a0<\/li>\n\n\n\n<li>Poskytnutie osobn\u00fdch \u00fadajov je dobrovo\u013en\u00e9, ich neposkytnutie m\u00f4\u017ee vies\u0165 k nesplneniu slu\u017eby.\u00a0<\/li>\n\n\n\n<li>\u00dadaje nebud\u00fa spracov\u00e1van\u00e9 automatizovan\u00fdm sp\u00f4sobom, vr\u00e1tane profilovania.\u00a0<\/li>\n<\/ol>\n<\/div><\/div>\n\n<\/div><\/div><\/div><\/div>\n\n<\/div><\/div>","protected":false},"excerpt":{"rendered":"<p>\u00a0Informa\u010dn\u00e1 klauzula GDPR:\u00a0 V s\u00falade s \u010dl\u00e1nkom 13 v\u0161eobecn\u00e9ho nariadenia o ochrane \u00fadajov z 27. apr\u00edla 2016 (\u00da. v. E\u00da L 119 z 04.05.2016) V\u00e1s informujem, \u017ee:\u00a0<\/p>\n","protected":false},"author":1,"featured_media":0,"parent":0,"menu_order":0,"comment_status":"closed","ping_status":"closed","template":"","meta":{"_kad_blocks_custom_css":"","_kad_blocks_head_custom_js":"","_kad_blocks_body_custom_js":"","_kad_blocks_footer_custom_js":"","_kad_post_transparent":"","_kad_post_title":"","_kad_post_layout":"","_kad_post_sidebar_id":"","_kad_post_content_style":"","_kad_post_vertical_padding":"","_kad_post_feature":"","_kad_post_feature_position":"","_kad_post_header":false,"_kad_post_footer":false,"_kad_post_classname":"","footnotes":""},"class_list":["post-1981","page","type-page","status-publish","hentry"],"acf":[],"taxonomy_info":[],"featured_image_src_large":false,"author_info":{"display_name":"gootek","author_link":"https:\/\/robstal.pl\/sk\/author\/gootek\/"},"comment_info":0,"_links":{"self":[{"href":"https:\/\/robstal.pl\/sk\/wp-json\/wp\/v2\/pages\/1981","targetHints":{"allow":["GET"]}}],"collection":[{"href":"https:\/\/robstal.pl\/sk\/wp-json\/wp\/v2\/pages"}],"about":[{"href":"https:\/\/robstal.pl\/sk\/wp-json\/wp\/v2\/types\/page"}],"author":[{"embeddable":true,"href":"https:\/\/robstal.pl\/sk\/wp-json\/wp\/v2\/users\/1"}],"replies":[{"embeddable":true,"href":"https:\/\/robstal.pl\/sk\/wp-json\/wp\/v2\/comments?post=1981"}],"version-history":[{"count":1,"href":"https:\/\/robstal.pl\/sk\/wp-json\/wp\/v2\/pages\/1981\/revisions"}],"predecessor-version":[{"id":4306,"href":"https:\/\/robstal.pl\/sk\/wp-json\/wp\/v2\/pages\/1981\/revisions\/4306"}],"wp:attachment":[{"href":"https:\/\/robstal.pl\/sk\/wp-json\/wp\/v2\/media?parent=1981"}],"curies":[{"name":"wp","href":"https:\/\/api.w.org\/{rel}","templated":true}]}}